{"id":3351,"date":"2025-12-17T10:55:51","date_gmt":"2025-12-17T09:55:51","guid":{"rendered":"https:\/\/new.clartan.com\/ch-de\/engagements\/"},"modified":"2026-02-06T12:56:56","modified_gmt":"2026-02-06T11:56:56","slug":"engagements","status":"publish","type":"page","link":"https:\/\/clartan.com\/ch-de\/engagements\/","title":{"rendered":"Engagements"},"content":{"rendered":"\n<section class=\"wp-block-cover alignfull relative overflow-hidden hero bottom-curved-border\"><img decoding=\"async\" class=\"wp-block-cover__image-background wp-image-10270 size-large\" alt=\"\" src=\"https:\/\/clartan.com\/fr\/wp-content\/uploads\/2025\/11\/pistil-01-orange-1036x583.jpg\" data-object-fit=\"cover\"\/><span aria-hidden=\"true\" class=\"wp-block-cover__background has-background-dim-30 has-background-dim wp-block-cover__gradient-background has-background-gradient has-header-vin-gradient-background\"><\/span><div class=\"wp-block-cover__inner-container is-layout-flow wp-block-cover-is-layout-flow\">\n<div class=\"wp-block-group is-layout-flow wp-block-group-is-layout-flow\">\n<h1 class=\"wp-block-heading has-text-align-center\" id=\"h-les-fonds-clartan-associes\">Unsere Engagements<\/h1>\n\n\n\n<p class=\"has-text-align-center has-lg-font-size\">Die Einhaltung der ESG-Standards wird durch konkrete Engagements erg\u00e4nzt<\/p>\n<\/div>\n<\/div><\/section>\n\n\n\n<div class=\"wp-block-group alignfull has-white-background-color has-background has-global-padding is-layout-constrained wp-container-core-group-is-layout-c65dadb5 wp-block-group-is-layout-constrained\" style=\"padding-top:var(--wp--preset--spacing--50);padding-bottom:var(--wp--preset--spacing--50)\">\n<div class=\"wp-block-columns alignwide is-layout-flex wp-container-core-columns-is-layout-2e289adc wp-block-columns-is-layout-flex\" style=\"padding-top:0;padding-right:0;padding-bottom:0;padding-left:0\">\n<div class=\"wp-block-column is-vertically-aligned-center is-layout-flow wp-block-column-is-layout-flow\">\n<div class=\"wp-block-group is-layout-flow wp-container-core-group-is-layout-19eabfb7 wp-block-group-is-layout-flow\" style=\"min-height:100%\">\n<h2 class=\"wp-block-heading has-2-xl-font-size\"><em>Verantwortungsvolles Investieren<\/em><\/h2>\n\n\n\n<p>Eine Methode des verantwortungsvollen Investierens, die auf anspruchsvollen ESG-Standards und aktivem Aktion\u00e4rsengagement beruht, im Dienste einer nachhaltigen Wertsch\u00f6pfung.<\/p>\n\n\n\n<div class=\"wp-block-buttons is-layout-flex wp-block-buttons-is-layout-flex\">\n<div class=\"wp-block-button is-style-default\"><a class=\"wp-block-button__link wp-element-button\" href=\"https:\/\/clartan.com\/ch-de\/engagements\/verantwortungsvolles-investieren\/\"><strong>Mehr erfahren<\/strong><\/a><\/div>\n<\/div>\n<\/div>\n<\/div>\n\n\n\n<div class=\"wp-block-column is-layout-flow wp-block-column-is-layout-flow\" style=\"flex-basis:35%\">\n<figure class=\"wp-block-image size-large has-custom-border\"><img decoding=\"async\" src=\"https:\/\/clartan.com\/fr\/wp-content\/uploads\/2024\/10\/Cerfs-et-biches-credit-Rudy-Bueno-3-1036x660.jpg\" alt=\"\" class=\"wp-image-8386\" style=\"border-top-left-radius:2em;border-top-right-radius:2em;border-bottom-left-radius:2em;border-bottom-right-radius:2em;aspect-ratio:1;object-fit:cover\"\/><\/figure>\n<\/div>\n<\/div>\n\n\n\n<div class=\"wp-block-columns alignwide is-layout-flex wp-container-core-columns-is-layout-2e289adc wp-block-columns-is-layout-flex\" style=\"padding-top:0;padding-right:0;padding-bottom:0;padding-left:0\">\n<div class=\"wp-block-column tw-sm-order-last is-layout-flow wp-block-column-is-layout-flow\" style=\"flex-basis:35%\">\n<figure class=\"wp-block-image size-large has-custom-border\"><img decoding=\"async\" src=\"https:\/\/clartan.com\/fr\/wp-content\/uploads\/2024\/10\/Renard.cre\u2560udits-Anis-Le\u2560uone-jpg-1-1036x649.jpg\" alt=\"\" class=\"wp-image-8406\" style=\"border-top-left-radius:2rem;border-top-right-radius:2rem;border-bottom-left-radius:2rem;border-bottom-right-radius:2rem;aspect-ratio:1;object-fit:cover\"\/><\/figure>\n<\/div>\n\n\n\n<div class=\"wp-block-column is-vertically-aligned-center has-blue-pastel-background-color has-background is-layout-flow wp-block-column-is-layout-flow\">\n<div class=\"wp-block-group has-blue-pastel-background-color has-background is-layout-flow wp-container-core-group-is-layout-d45c059d wp-block-group-is-layout-flow\" style=\"min-height:100%;padding-top:0;padding-right:0;padding-bottom:0;padding-left:0\">\n<h2 class=\"wp-block-heading has-2-xl-font-size\"><em>Philanthropie<\/em><\/h2>\n\n\n\n<p>Ein Sharing-Ansatz, der finanzielle Performance mit konkreter Unterst\u00fctzung eines von Yann Arthus-Bertrand getragenen Projekts zum Schutz der Biodiversit\u00e4t verbindet.<\/p>\n\n\n\n<div class=\"wp-block-buttons is-layout-flex wp-block-buttons-is-layout-flex\">\n<div class=\"wp-block-button is-style-default\"><a class=\"wp-block-button__link wp-element-button\" href=\"https:\/\/clartan.com\/ch-de\/engagements\/philanthropie\/\"><strong>Entdecken Sie den Sharing-Fonds<\/strong><\/a><\/div>\n<\/div>\n<\/div>\n<\/div>\n<\/div>\n<\/div>\n\n\n\n<div class=\"wp-block-cover alignfull bottom-curved-border\" style=\"margin-top:0;margin-bottom:0;padding-top:var(--wp--preset--spacing--50);padding-bottom:var(--wp--preset--spacing--50)\"><img decoding=\"async\" class=\"wp-block-cover__image-background wp-image-10281 size-large\" alt=\"\" src=\"https:\/\/clartan.com\/fr\/wp-content\/uploads\/2025\/11\/plumes_argile-1036x583.jpg\" data-object-fit=\"cover\"\/><span aria-hidden=\"true\" class=\"wp-block-cover__background has-secondary-background-color has-background-dim\"><\/span><div class=\"wp-block-cover__inner-container has-global-padding is-layout-constrained wp-block-cover-is-layout-constrained\">\n<p class=\"has-text-align-center has-literata-font-family has-2-xl-font-size\"><em><em>Wir arbeiten seit f\u00fcnf Jahren mit der von Yann Arthus-Bertrand gegr\u00fcndeten Association de la Vall\u00e9e de la Milli\u00e8re zusammen<\/em><\/em><\/p>\n\n\n\n<figure class=\"wp-block-gallery has-nested-images columns-default is-cropped col-3 wp-block-gallery-1 is-layout-flex wp-block-gallery-is-layout-flex\" style=\"border-top-left-radius:1em;border-top-right-radius:1em;border-bottom-left-radius:1em;border-bottom-right-radius:1em\">\n<figure class=\"wp-block-image size-medium has-custom-border\"><img decoding=\"async\" data-id=\"6373\" src=\"https:\/\/clartan.com\/de\/wp-content\/uploads\/sites\/2\/2026\/02\/Intersection-1-300x300.jpg\" alt=\"Photo vue du ciel par Yann Arthus-Bertrand\" class=\"wp-image-6373\" style=\"border-top-left-radius:1em;border-top-right-radius:1em;border-bottom-left-radius:1em;border-bottom-right-radius:1em\"\/><\/figure>\n\n\n\n<figure class=\"wp-block-image size-full has-custom-border\"><img decoding=\"async\" data-id=\"6375\" src=\"https:\/\/clartan.com\/de\/wp-content\/uploads\/sites\/2\/2026\/02\/60_Z08_9035-R-1036x691-1.jpg\" alt=\"Yann Arthus-Bertrand et Jean-Baptiste Chaumet\" class=\"wp-image-6375\" style=\"border-top-left-radius:1em;border-top-right-radius:1em;border-bottom-left-radius:1em;border-bottom-right-radius:1em\"\/><\/figure>\n\n\n\n<figure class=\"wp-block-image size-full has-custom-border\"><img decoding=\"async\" data-id=\"6376\" src=\"https:\/\/clartan.com\/de\/wp-content\/uploads\/sites\/2\/2026\/02\/Agroforesterie-300x300-1.png\" alt=\"Photo vue du ciel par Yann Arthus-Bertrand\" class=\"wp-image-6376\" style=\"border-top-left-radius:1em;border-top-right-radius:1em;border-bottom-left-radius:1em;border-bottom-right-radius:1em\"\/><\/figure>\n<\/figure>\n<\/div><\/div>\n\n\n\n<div class=\"wp-block-group alignfull has-background has-global-padding is-layout-constrained wp-block-group-is-layout-constrained\" style=\"background-color:#f7f2eb;min-height:4rem;margin-top:0;margin-bottom:0\"><\/div>\n","protected":false},"excerpt":{"rendered":"<p>Der verantwortungsbewusste Ansatz von Clartan Associ\u00e9s als Investor umfasst die Integration von ESG-Kriterien in alle unsere Aktienfonds.<\/p>\n","protected":false},"author":2,"featured_media":3376,"parent":0,"menu_order":0,"comment_status":"closed","ping_status":"closed","template":"","meta":{"_acf_changed":false,"inline_featured_image":false,"footnotes":""},"class_list":["post-3351","page","type-page","status-publish","has-post-thumbnail","hentry"],"acf":[],"yoast_head":"<!-- This site is optimized with the Yoast SEO Premium plugin v26.2 (Yoast SEO v27.3) - https:\/\/yoast.com\/product\/yoast-seo-premium-wordpress\/ -->\n<title>Engagements - Clartan Associ\u00e9s<\/title>\n<meta name=\"description\" content=\"Der verantwortungsbewusste Ansatz von Clartan Associ\u00e9s als Investor umfasst die Integration von ESG-Kriterien in alle unsere Aktienfonds.\" \/>\n<meta name=\"robots\" content=\"index, follow, max-snippet:-1, max-image-preview:large, max-video-preview:-1\" \/>\n<link rel=\"canonical\" href=\"https:\/\/clartan.com\/ch-de\/engagements\/\" \/>\n<meta property=\"og:locale\" content=\"de_DE\" \/>\n<meta property=\"og:type\" content=\"article\" \/>\n<meta property=\"og:title\" content=\"Engagements\" \/>\n<meta property=\"og:description\" content=\"Der verantwortungsbewusste Ansatz von Clartan Associ\u00e9s als Investor umfasst die Integration von ESG-Kriterien in alle unsere Aktienfonds.\" \/>\n<meta property=\"og:url\" content=\"https:\/\/clartan.com\/ch-de\/engagements\/\" \/>\n<meta property=\"og:site_name\" content=\"Clartan Associ\u00e9s CH-DE\" \/>\n<meta property=\"article:modified_time\" content=\"2026-02-06T11:56:56+00:00\" \/>\n<meta property=\"og:image\" content=\"https:\/\/clartan.com\/ch-de\/wp-content\/uploads\/sites\/5\/2026\/02\/yann-arthus-bertrand.jpg\" \/>\n\t<meta property=\"og:image:width\" content=\"1920\" \/>\n\t<meta property=\"og:image:height\" content=\"1280\" \/>\n\t<meta property=\"og:image:type\" content=\"image\/jpeg\" \/>\n<meta name=\"twitter:card\" content=\"summary_large_image\" \/>\n<script type=\"application\/ld+json\" class=\"yoast-schema-graph\">{\"@context\":\"https:\\\/\\\/schema.org\",\"@graph\":[{\"@type\":\"WebPage\",\"@id\":\"https:\\\/\\\/clartan.com\\\/ch-de\\\/engagements\\\/\",\"url\":\"https:\\\/\\\/clartan.com\\\/ch-de\\\/engagements\\\/\",\"name\":\"Engagements - Clartan Associ\u00e9s\",\"isPartOf\":{\"@id\":\"https:\\\/\\\/www.clartan.com\\\/ch-de\\\/#website\"},\"primaryImageOfPage\":{\"@id\":\"https:\\\/\\\/clartan.com\\\/ch-de\\\/engagements\\\/#primaryimage\"},\"image\":{\"@id\":\"https:\\\/\\\/clartan.com\\\/ch-de\\\/engagements\\\/#primaryimage\"},\"thumbnailUrl\":\"https:\\\/\\\/clartan.com\\\/ch-de\\\/wp-content\\\/uploads\\\/sites\\\/5\\\/2026\\\/02\\\/yann-arthus-bertrand.jpg\",\"datePublished\":\"2025-12-17T09:55:51+00:00\",\"dateModified\":\"2026-02-06T11:56:56+00:00\",\"description\":\"Der verantwortungsbewusste Ansatz von Clartan Associ\u00e9s als Investor umfasst die Integration von ESG-Kriterien in alle unsere Aktienfonds.\",\"breadcrumb\":{\"@id\":\"https:\\\/\\\/clartan.com\\\/ch-de\\\/engagements\\\/#breadcrumb\"},\"inLanguage\":\"de\",\"potentialAction\":[{\"@type\":\"ReadAction\",\"target\":[\"https:\\\/\\\/clartan.com\\\/ch-de\\\/engagements\\\/\"]}]},{\"@type\":\"ImageObject\",\"inLanguage\":\"de\",\"@id\":\"https:\\\/\\\/clartan.com\\\/ch-de\\\/engagements\\\/#primaryimage\",\"url\":\"https:\\\/\\\/clartan.com\\\/ch-de\\\/wp-content\\\/uploads\\\/sites\\\/5\\\/2026\\\/02\\\/yann-arthus-bertrand.jpg\",\"contentUrl\":\"https:\\\/\\\/clartan.com\\\/ch-de\\\/wp-content\\\/uploads\\\/sites\\\/5\\\/2026\\\/02\\\/yann-arthus-bertrand.jpg\",\"width\":1920,\"height\":1280,\"caption\":\"Yann Arthus-Bertrand und das Managementteam von Clartan Associ\u00e9s\"},{\"@type\":\"BreadcrumbList\",\"@id\":\"https:\\\/\\\/clartan.com\\\/ch-de\\\/engagements\\\/#breadcrumb\",\"itemListElement\":[{\"@type\":\"ListItem\",\"position\":1,\"name\":\"Accueil\",\"item\":\"https:\\\/\\\/clartan.com\\\/ch-de\\\/\"},{\"@type\":\"ListItem\",\"position\":2,\"name\":\"Engagements\"}]},{\"@type\":\"WebSite\",\"@id\":\"https:\\\/\\\/www.clartan.com\\\/ch-de\\\/#website\",\"url\":\"https:\\\/\\\/www.clartan.com\\\/ch-de\\\/\",\"name\":\"Clartan Associ\u00e9s CH-DE\",\"description\":\"Quality &amp; Value\",\"publisher\":{\"@id\":\"https:\\\/\\\/www.clartan.com\\\/ch-de\\\/#organization\"},\"potentialAction\":[{\"@type\":\"SearchAction\",\"target\":{\"@type\":\"EntryPoint\",\"urlTemplate\":\"https:\\\/\\\/www.clartan.com\\\/ch-de\\\/?s={search_term_string}\"},\"query-input\":{\"@type\":\"PropertyValueSpecification\",\"valueRequired\":true,\"valueName\":\"search_term_string\"}}],\"inLanguage\":\"de\"},{\"@type\":\"Organization\",\"@id\":\"https:\\\/\\\/www.clartan.com\\\/ch-de\\\/#organization\",\"name\":\"Clartan Associ\u00e9s\",\"url\":\"https:\\\/\\\/www.clartan.com\\\/ch-de\\\/\",\"logo\":{\"@type\":\"ImageObject\",\"inLanguage\":\"de\",\"@id\":\"https:\\\/\\\/www.clartan.com\\\/ch-de\\\/#\\\/schema\\\/logo\\\/image\\\/\",\"url\":\"https:\\\/\\\/clartan.com\\\/ch-de\\\/wp-content\\\/uploads\\\/sites\\\/5\\\/2026\\\/01\\\/cropped-cropped-Favicon-2.png\",\"contentUrl\":\"https:\\\/\\\/clartan.com\\\/ch-de\\\/wp-content\\\/uploads\\\/sites\\\/5\\\/2026\\\/01\\\/cropped-cropped-Favicon-2.png\",\"width\":512,\"height\":512,\"caption\":\"Clartan Associ\u00e9s\"},\"image\":{\"@id\":\"https:\\\/\\\/www.clartan.com\\\/ch-de\\\/#\\\/schema\\\/logo\\\/image\\\/\"}}]}<\/script>\n<!-- \/ Yoast SEO Premium plugin. -->","yoast_head_json":{"title":"Engagements - Clartan Associ\u00e9s","description":"Der verantwortungsbewusste Ansatz von Clartan Associ\u00e9s als Investor umfasst die Integration von ESG-Kriterien in alle unsere Aktienfonds.","robots":{"index":"index","follow":"follow","max-snippet":"max-snippet:-1","max-image-preview":"max-image-preview:large","max-video-preview":"max-video-preview:-1"},"canonical":"https:\/\/clartan.com\/ch-de\/engagements\/","og_locale":"de_DE","og_type":"article","og_title":"Engagements","og_description":"Der verantwortungsbewusste Ansatz von Clartan Associ\u00e9s als Investor umfasst die Integration von ESG-Kriterien in alle unsere Aktienfonds.","og_url":"https:\/\/clartan.com\/ch-de\/engagements\/","og_site_name":"Clartan Associ\u00e9s CH-DE","article_modified_time":"2026-02-06T11:56:56+00:00","og_image":[{"width":1920,"height":1280,"url":"https:\/\/clartan.com\/ch-de\/wp-content\/uploads\/sites\/5\/2026\/02\/yann-arthus-bertrand.jpg","type":"image\/jpeg"}],"twitter_card":"summary_large_image","schema":{"@context":"https:\/\/schema.org","@graph":[{"@type":"WebPage","@id":"https:\/\/clartan.com\/ch-de\/engagements\/","url":"https:\/\/clartan.com\/ch-de\/engagements\/","name":"Engagements - Clartan Associ\u00e9s","isPartOf":{"@id":"https:\/\/www.clartan.com\/ch-de\/#website"},"primaryImageOfPage":{"@id":"https:\/\/clartan.com\/ch-de\/engagements\/#primaryimage"},"image":{"@id":"https:\/\/clartan.com\/ch-de\/engagements\/#primaryimage"},"thumbnailUrl":"https:\/\/clartan.com\/ch-de\/wp-content\/uploads\/sites\/5\/2026\/02\/yann-arthus-bertrand.jpg","datePublished":"2025-12-17T09:55:51+00:00","dateModified":"2026-02-06T11:56:56+00:00","description":"Der verantwortungsbewusste Ansatz von Clartan Associ\u00e9s als Investor umfasst die Integration von ESG-Kriterien in alle unsere Aktienfonds.","breadcrumb":{"@id":"https:\/\/clartan.com\/ch-de\/engagements\/#breadcrumb"},"inLanguage":"de","potentialAction":[{"@type":"ReadAction","target":["https:\/\/clartan.com\/ch-de\/engagements\/"]}]},{"@type":"ImageObject","inLanguage":"de","@id":"https:\/\/clartan.com\/ch-de\/engagements\/#primaryimage","url":"https:\/\/clartan.com\/ch-de\/wp-content\/uploads\/sites\/5\/2026\/02\/yann-arthus-bertrand.jpg","contentUrl":"https:\/\/clartan.com\/ch-de\/wp-content\/uploads\/sites\/5\/2026\/02\/yann-arthus-bertrand.jpg","width":1920,"height":1280,"caption":"Yann Arthus-Bertrand und das Managementteam von Clartan Associ\u00e9s"},{"@type":"BreadcrumbList","@id":"https:\/\/clartan.com\/ch-de\/engagements\/#breadcrumb","itemListElement":[{"@type":"ListItem","position":1,"name":"Accueil","item":"https:\/\/clartan.com\/ch-de\/"},{"@type":"ListItem","position":2,"name":"Engagements"}]},{"@type":"WebSite","@id":"https:\/\/www.clartan.com\/ch-de\/#website","url":"https:\/\/www.clartan.com\/ch-de\/","name":"Clartan Associ\u00e9s CH-DE","description":"Quality &amp; Value","publisher":{"@id":"https:\/\/www.clartan.com\/ch-de\/#organization"},"potentialAction":[{"@type":"SearchAction","target":{"@type":"EntryPoint","urlTemplate":"https:\/\/www.clartan.com\/ch-de\/?s={search_term_string}"},"query-input":{"@type":"PropertyValueSpecification","valueRequired":true,"valueName":"search_term_string"}}],"inLanguage":"de"},{"@type":"Organization","@id":"https:\/\/www.clartan.com\/ch-de\/#organization","name":"Clartan Associ\u00e9s","url":"https:\/\/www.clartan.com\/ch-de\/","logo":{"@type":"ImageObject","inLanguage":"de","@id":"https:\/\/www.clartan.com\/ch-de\/#\/schema\/logo\/image\/","url":"https:\/\/clartan.com\/ch-de\/wp-content\/uploads\/sites\/5\/2026\/01\/cropped-cropped-Favicon-2.png","contentUrl":"https:\/\/clartan.com\/ch-de\/wp-content\/uploads\/sites\/5\/2026\/01\/cropped-cropped-Favicon-2.png","width":512,"height":512,"caption":"Clartan Associ\u00e9s"},"image":{"@id":"https:\/\/www.clartan.com\/ch-de\/#\/schema\/logo\/image\/"}}]}},"_links":{"self":[{"href":"https:\/\/clartan.com\/ch-de\/wp-json\/wp\/v2\/pages\/3351","targetHints":{"allow":["GET"]}}],"collection":[{"href":"https:\/\/clartan.com\/ch-de\/wp-json\/wp\/v2\/pages"}],"about":[{"href":"https:\/\/clartan.com\/ch-de\/wp-json\/wp\/v2\/types\/page"}],"author":[{"embeddable":true,"href":"https:\/\/clartan.com\/ch-de\/wp-json\/wp\/v2\/users\/2"}],"replies":[{"embeddable":true,"href":"https:\/\/clartan.com\/ch-de\/wp-json\/wp\/v2\/comments?post=3351"}],"version-history":[{"count":3,"href":"https:\/\/clartan.com\/ch-de\/wp-json\/wp\/v2\/pages\/3351\/revisions"}],"predecessor-version":[{"id":3419,"href":"https:\/\/clartan.com\/ch-de\/wp-json\/wp\/v2\/pages\/3351\/revisions\/3419"}],"wp:featuredmedia":[{"embeddable":true,"href":"https:\/\/clartan.com\/ch-de\/wp-json\/wp\/v2\/media\/3376"}],"wp:attachment":[{"href":"https:\/\/clartan.com\/ch-de\/wp-json\/wp\/v2\/media?parent=3351"}],"curies":[{"name":"wp","href":"https:\/\/api.w.org\/{rel}","templated":true}]}}