{"id":3383,"date":"2022-09-28T10:46:04","date_gmt":"2022-09-28T08:46:04","guid":{"rendered":"https:\/\/new.clartan.com\/ch-de\/anlage\/anmeldung-zum-monatsbericht\/anmeldung-zum-reporting\/"},"modified":"2022-09-28T10:46:04","modified_gmt":"2022-09-28T08:46:04","slug":"anmeldung-zum-reporting","status":"publish","type":"page","link":"https:\/\/clartan.com\/ch-de\/anlage\/anmeldung-zum-monatsbericht\/anmeldung-zum-reporting\/","title":{"rendered":"Anmeldung zum Reporting"},"content":{"rendered":"\n<p>Danke f\u00fcr Ihre Anmeldung. Wir melden uns in K\u00fcrze bei Ihnen.<\/p>\n","protected":false},"excerpt":{"rendered":"<p>Danke f\u00fcr Ihre Anmeldung. Wir melden uns in K\u00fcrze bei Ihnen.<\/p>\n","protected":false},"author":2,"featured_media":0,"parent":3382,"menu_order":0,"comment_status":"closed","ping_status":"closed","template":"","meta":{"_acf_changed":false,"inline_featured_image":false,"footnotes":""},"class_list":["post-3383","page","type-page","status-publish","hentry"],"acf":[],"yoast_head":"<!-- This site is optimized with the Yoast SEO Premium plugin v26.2 (Yoast SEO v27.4) - https:\/\/yoast.com\/product\/yoast-seo-premium-wordpress\/ -->\n<title>Anmeldung zum Reporting - Clartan Associ\u00e9s<\/title>\n<meta name=\"description\" content=\"Danke f\u00fcr Ihre Anmeldung. Wir melden uns in K\u00fcrze bei Ihnen.\" \/>\n<meta name=\"robots\" content=\"index, follow, max-snippet:-1, max-image-preview:large, max-video-preview:-1\" \/>\n<link rel=\"canonical\" href=\"https:\/\/clartan.com\/ch-de\/anlage\/anmeldung-zum-monatsbericht\/anmeldung-zum-reporting\/\" \/>\n<meta property=\"og:locale\" content=\"de_DE\" \/>\n<meta property=\"og:type\" content=\"article\" \/>\n<meta property=\"og:title\" content=\"Anmeldung zum Reporting\" \/>\n<meta property=\"og:description\" content=\"Danke f\u00fcr Ihre Anmeldung. Wir melden uns in K\u00fcrze bei Ihnen.\" \/>\n<meta property=\"og:url\" content=\"https:\/\/clartan.com\/ch-de\/anlage\/anmeldung-zum-monatsbericht\/anmeldung-zum-reporting\/\" \/>\n<meta property=\"og:site_name\" content=\"Clartan Associ\u00e9s CH-DE\" \/>\n<meta property=\"og:image\" content=\"https:\/\/clartan.com\/ch-de\/wp-content\/uploads\/sites\/5\/2026\/03\/clartan-associes.jpg\" \/>\n\t<meta property=\"og:image:width\" content=\"1200\" \/>\n\t<meta property=\"og:image:height\" content=\"675\" \/>\n\t<meta property=\"og:image:type\" content=\"image\/jpeg\" \/>\n<meta name=\"twitter:card\" content=\"summary_large_image\" \/>\n<script type=\"application\/ld+json\" class=\"yoast-schema-graph\">{\"@context\":\"https:\\\/\\\/schema.org\",\"@graph\":[{\"@type\":\"WebPage\",\"@id\":\"https:\\\/\\\/clartan.com\\\/ch-de\\\/anlage\\\/anmeldung-zum-monatsbericht\\\/anmeldung-zum-reporting\\\/\",\"url\":\"https:\\\/\\\/clartan.com\\\/ch-de\\\/anlage\\\/anmeldung-zum-monatsbericht\\\/anmeldung-zum-reporting\\\/\",\"name\":\"Anmeldung zum Reporting - Clartan Associ\u00e9s\",\"isPartOf\":{\"@id\":\"https:\\\/\\\/www.clartan.com\\\/ch-de\\\/#website\"},\"datePublished\":\"2022-09-28T08:46:04+00:00\",\"description\":\"Danke f\u00fcr Ihre Anmeldung. Wir melden uns in K\u00fcrze bei Ihnen.\",\"breadcrumb\":{\"@id\":\"https:\\\/\\\/clartan.com\\\/ch-de\\\/anlage\\\/anmeldung-zum-monatsbericht\\\/anmeldung-zum-reporting\\\/#breadcrumb\"},\"inLanguage\":\"de\",\"potentialAction\":[{\"@type\":\"ReadAction\",\"target\":[\"https:\\\/\\\/clartan.com\\\/ch-de\\\/anlage\\\/anmeldung-zum-monatsbericht\\\/anmeldung-zum-reporting\\\/\"]}]},{\"@type\":\"BreadcrumbList\",\"@id\":\"https:\\\/\\\/clartan.com\\\/ch-de\\\/anlage\\\/anmeldung-zum-monatsbericht\\\/anmeldung-zum-reporting\\\/#breadcrumb\",\"itemListElement\":[{\"@type\":\"ListItem\",\"position\":1,\"name\":\"Accueil\",\"item\":\"https:\\\/\\\/clartan.com\\\/ch-de\\\/\"},{\"@type\":\"ListItem\",\"position\":2,\"name\":\"Anlage\",\"item\":\"https:\\\/\\\/clartan.com\\\/ch-de\\\/anlage\\\/\"},{\"@type\":\"ListItem\",\"position\":3,\"name\":\"Anmeldung zum Monatsbericht\",\"item\":\"https:\\\/\\\/clartan.com\\\/ch-de\\\/anlage\\\/anmeldung-zum-monatsbericht\\\/\"},{\"@type\":\"ListItem\",\"position\":4,\"name\":\"Anmeldung zum Reporting\"}]},{\"@type\":\"WebSite\",\"@id\":\"https:\\\/\\\/www.clartan.com\\\/ch-de\\\/#website\",\"url\":\"https:\\\/\\\/www.clartan.com\\\/ch-de\\\/\",\"name\":\"Clartan Associ\u00e9s CH-DE\",\"description\":\"Quality &amp; Value\",\"publisher\":{\"@id\":\"https:\\\/\\\/www.clartan.com\\\/ch-de\\\/#organization\"},\"potentialAction\":[{\"@type\":\"SearchAction\",\"target\":{\"@type\":\"EntryPoint\",\"urlTemplate\":\"https:\\\/\\\/www.clartan.com\\\/ch-de\\\/?s={search_term_string}\"},\"query-input\":{\"@type\":\"PropertyValueSpecification\",\"valueRequired\":true,\"valueName\":\"search_term_string\"}}],\"inLanguage\":\"de\"},{\"@type\":\"Organization\",\"@id\":\"https:\\\/\\\/www.clartan.com\\\/ch-de\\\/#organization\",\"name\":\"Clartan Associ\u00e9s\",\"url\":\"https:\\\/\\\/www.clartan.com\\\/ch-de\\\/\",\"logo\":{\"@type\":\"ImageObject\",\"inLanguage\":\"de\",\"@id\":\"https:\\\/\\\/www.clartan.com\\\/ch-de\\\/#\\\/schema\\\/logo\\\/image\\\/\",\"url\":\"https:\\\/\\\/clartan.com\\\/ch-de\\\/wp-content\\\/uploads\\\/sites\\\/5\\\/2026\\\/01\\\/cropped-cropped-Favicon-2.png\",\"contentUrl\":\"https:\\\/\\\/clartan.com\\\/ch-de\\\/wp-content\\\/uploads\\\/sites\\\/5\\\/2026\\\/01\\\/cropped-cropped-Favicon-2.png\",\"width\":512,\"height\":512,\"caption\":\"Clartan Associ\u00e9s\"},\"image\":{\"@id\":\"https:\\\/\\\/www.clartan.com\\\/ch-de\\\/#\\\/schema\\\/logo\\\/image\\\/\"}}]}<\/script>\n<!-- \/ Yoast SEO Premium plugin. -->","yoast_head_json":{"title":"Anmeldung zum Reporting - Clartan Associ\u00e9s","description":"Danke f\u00fcr Ihre Anmeldung. Wir melden uns in K\u00fcrze bei Ihnen.","robots":{"index":"index","follow":"follow","max-snippet":"max-snippet:-1","max-image-preview":"max-image-preview:large","max-video-preview":"max-video-preview:-1"},"canonical":"https:\/\/clartan.com\/ch-de\/anlage\/anmeldung-zum-monatsbericht\/anmeldung-zum-reporting\/","og_locale":"de_DE","og_type":"article","og_title":"Anmeldung zum Reporting","og_description":"Danke f\u00fcr Ihre Anmeldung. Wir melden uns in K\u00fcrze bei Ihnen.","og_url":"https:\/\/clartan.com\/ch-de\/anlage\/anmeldung-zum-monatsbericht\/anmeldung-zum-reporting\/","og_site_name":"Clartan Associ\u00e9s CH-DE","og_image":[{"width":1200,"height":675,"url":"https:\/\/clartan.com\/ch-de\/wp-content\/uploads\/sites\/5\/2026\/03\/clartan-associes.jpg","type":"image\/jpeg"}],"twitter_card":"summary_large_image","schema":{"@context":"https:\/\/schema.org","@graph":[{"@type":"WebPage","@id":"https:\/\/clartan.com\/ch-de\/anlage\/anmeldung-zum-monatsbericht\/anmeldung-zum-reporting\/","url":"https:\/\/clartan.com\/ch-de\/anlage\/anmeldung-zum-monatsbericht\/anmeldung-zum-reporting\/","name":"Anmeldung zum Reporting - Clartan Associ\u00e9s","isPartOf":{"@id":"https:\/\/www.clartan.com\/ch-de\/#website"},"datePublished":"2022-09-28T08:46:04+00:00","description":"Danke f\u00fcr Ihre Anmeldung. Wir melden uns in K\u00fcrze bei Ihnen.","breadcrumb":{"@id":"https:\/\/clartan.com\/ch-de\/anlage\/anmeldung-zum-monatsbericht\/anmeldung-zum-reporting\/#breadcrumb"},"inLanguage":"de","potentialAction":[{"@type":"ReadAction","target":["https:\/\/clartan.com\/ch-de\/anlage\/anmeldung-zum-monatsbericht\/anmeldung-zum-reporting\/"]}]},{"@type":"BreadcrumbList","@id":"https:\/\/clartan.com\/ch-de\/anlage\/anmeldung-zum-monatsbericht\/anmeldung-zum-reporting\/#breadcrumb","itemListElement":[{"@type":"ListItem","position":1,"name":"Accueil","item":"https:\/\/clartan.com\/ch-de\/"},{"@type":"ListItem","position":2,"name":"Anlage","item":"https:\/\/clartan.com\/ch-de\/anlage\/"},{"@type":"ListItem","position":3,"name":"Anmeldung zum Monatsbericht","item":"https:\/\/clartan.com\/ch-de\/anlage\/anmeldung-zum-monatsbericht\/"},{"@type":"ListItem","position":4,"name":"Anmeldung zum Reporting"}]},{"@type":"WebSite","@id":"https:\/\/www.clartan.com\/ch-de\/#website","url":"https:\/\/www.clartan.com\/ch-de\/","name":"Clartan Associ\u00e9s CH-DE","description":"Quality &amp; Value","publisher":{"@id":"https:\/\/www.clartan.com\/ch-de\/#organization"},"potentialAction":[{"@type":"SearchAction","target":{"@type":"EntryPoint","urlTemplate":"https:\/\/www.clartan.com\/ch-de\/?s={search_term_string}"},"query-input":{"@type":"PropertyValueSpecification","valueRequired":true,"valueName":"search_term_string"}}],"inLanguage":"de"},{"@type":"Organization","@id":"https:\/\/www.clartan.com\/ch-de\/#organization","name":"Clartan Associ\u00e9s","url":"https:\/\/www.clartan.com\/ch-de\/","logo":{"@type":"ImageObject","inLanguage":"de","@id":"https:\/\/www.clartan.com\/ch-de\/#\/schema\/logo\/image\/","url":"https:\/\/clartan.com\/ch-de\/wp-content\/uploads\/sites\/5\/2026\/01\/cropped-cropped-Favicon-2.png","contentUrl":"https:\/\/clartan.com\/ch-de\/wp-content\/uploads\/sites\/5\/2026\/01\/cropped-cropped-Favicon-2.png","width":512,"height":512,"caption":"Clartan Associ\u00e9s"},"image":{"@id":"https:\/\/www.clartan.com\/ch-de\/#\/schema\/logo\/image\/"}}]}},"_links":{"self":[{"href":"https:\/\/clartan.com\/ch-de\/wp-json\/wp\/v2\/pages\/3383","targetHints":{"allow":["GET"]}}],"collection":[{"href":"https:\/\/clartan.com\/ch-de\/wp-json\/wp\/v2\/pages"}],"about":[{"href":"https:\/\/clartan.com\/ch-de\/wp-json\/wp\/v2\/types\/page"}],"author":[{"embeddable":true,"href":"https:\/\/clartan.com\/ch-de\/wp-json\/wp\/v2\/users\/2"}],"replies":[{"embeddable":true,"href":"https:\/\/clartan.com\/ch-de\/wp-json\/wp\/v2\/comments?post=3383"}],"version-history":[{"count":0,"href":"https:\/\/clartan.com\/ch-de\/wp-json\/wp\/v2\/pages\/3383\/revisions"}],"up":[{"embeddable":true,"href":"https:\/\/clartan.com\/ch-de\/wp-json\/wp\/v2\/pages\/3382"}],"wp:attachment":[{"href":"https:\/\/clartan.com\/ch-de\/wp-json\/wp\/v2\/media?parent=3383"}],"curies":[{"name":"wp","href":"https:\/\/api.w.org\/{rel}","templated":true}]}}