{"id":3391,"date":"2022-03-17T17:44:06","date_gmt":"2022-03-17T16:44:06","guid":{"rendered":"https:\/\/new.clartan.com\/ch-de\/aktuelles-2\/alle-neuigkeiten\/"},"modified":"2022-03-17T17:44:06","modified_gmt":"2022-03-17T16:44:06","slug":"alle-neuigkeiten","status":"publish","type":"page","link":"https:\/\/clartan.com\/ch-de\/aktuelles\/alle-neuigkeiten\/","title":{"rendered":"Alle Neuigkeiten"},"content":{"rendered":"\n<section class=\"wp-block-cover alignfull relative overflow-hidden hero bottom-curved-border\"><img decoding=\"async\" class=\"wp-block-cover__image-background wp-image-10279 size-large\" alt=\"\" src=\"https:\/\/clartan.com\/fr\/wp-content\/uploads\/2025\/11\/petales-02-orange-1036x583.jpg\" data-object-fit=\"cover\"\/><span aria-hidden=\"true\" class=\"wp-block-cover__background has-background-dim-40 has-background-dim wp-block-cover__gradient-background has-background-gradient\" style=\"background:linear-gradient(180deg,rgb(119,14,14) 0%,rgba(120,14,14,0.49) 100%)\"><\/span><div class=\"wp-block-cover__inner-container has-global-padding is-layout-constrained wp-block-cover-is-layout-constrained\">\n<div class=\"wp-block-group has-global-padding is-layout-constrained wp-container-core-group-is-layout-e0082cf6 wp-block-group-is-layout-constrained\">\n<h1 class=\"wp-block-heading has-text-align-center\" id=\"h-les-fonds-clartan-associes\">Alle Neuigkeiten<\/h1>\n\n\n\n<div class=\"wp-block-buttons is-content-justification-center is-layout-flex wp-container-core-buttons-is-layout-a89b3969 wp-block-buttons-is-layout-flex\">\n<div class=\"wp-block-button is-style-default\"><a class=\"wp-block-button__link has-white-color has-text-color has-link-color wp-element-button\" href=\"https:\/\/clartan.com\/de\/categorie\/aktuelles\/\">Aktuelles<\/a><\/div>\n\n\n\n<div class=\"wp-block-button is-style-default\"><a class=\"wp-block-button__link has-white-color has-text-color has-link-color wp-element-button\" href=\"https:\/\/clartan.com\/de\/categorie\/edito\/\">Monatsbericht<\/a><\/div>\n\n\n\n<div class=\"wp-block-button is-style-default\"><a class=\"wp-block-button__link has-white-color has-text-color has-link-color wp-element-button\" href=\"https:\/\/clartan.com\/de\/categorie\/events\/\">Events<\/a><\/div>\n<\/div>\n<\/div>\n<\/div><\/section>\n\n\n\n<div class=\"wp-block-group alignfull has-global-padding is-layout-constrained wp-block-group-is-layout-constrained\" style=\"padding-top:var(--wp--preset--spacing--50);padding-bottom:var(--wp--preset--spacing--20)\">\n<div class=\"wp-block-group alignwide is-layout-flow wp-block-group-is-layout-flow\">\n<div class=\"wp-block-query is-layout-flow wp-block-query-is-layout-flow\"><ul style=\"margin-bottom:var(--wp--preset--spacing--20);\" class=\"columns-4 wp-block-post-template is-layout-grid wp-container-core-post-template-is-layout-c127203e wp-block-post-template-is-layout-grid\"><li class=\"wp-block-post post-3571 post type-post status-publish format-standard has-post-thumbnail hentry category-edito\">\n\n<div class=\"wp-block-group shadow-shadowsmall hover:shadow-shadowmedium transition-shadow active:shadow-inner has-white-background-color has-background is-vertical is-layout-flex wp-container-core-group-is-layout-0ed4fcd5 wp-block-group-is-layout-flex\" style=\"border-radius:8px;min-height:100%;padding-top:var(--wp--preset--spacing--10);padding-right:var(--wp--preset--spacing--10);padding-bottom:var(--wp--preset--spacing--10);padding-left:var(--wp--preset--spacing--10)\">\n<div class=\"wp-block-group has-global-padding is-content-justification-left is-layout-constrained wp-container-core-group-is-layout-53ae008a wp-block-group-is-layout-constrained\"><div style=\"font-size:11px;padding-top:0;padding-bottom:0\" class=\"taxonomy-category has-link-color article-cat text-xs prose-ul:list-none prose-ul:pl-0 prose-a:uppercase prose-a:tracking-widest prose-a:no-underline wp-elements-8b742e07b32aad506c27da96b735402a wp-block-post-terms\"><a href=\"https:\/\/clartan.com\/ch-de\/categorie\/edito\/\" rel=\"tag\">\u00c9dito<\/a><\/div>\n\n<figure style=\"aspect-ratio:16\/9;\" class=\"wp-block-post-featured-image\"><a href=\"https:\/\/clartan.com\/ch-de\/edito\/3571\/\" target=\"_self\"  ><img loading=\"lazy\" decoding=\"async\" width=\"1280\" height=\"720\" src=\"https:\/\/clartan.com\/ch-de\/wp-content\/uploads\/sites\/5\/2026\/03\/Image-Edito-2026.png\" class=\"attachment-post-thumbnail size-post-thumbnail wp-post-image\" alt=\"Februar 2026\" style=\"border-radius:8px;width:100%;height:100%;object-fit:cover;\" srcset=\"https:\/\/clartan.com\/ch-de\/wp-content\/uploads\/sites\/5\/2026\/03\/Image-Edito-2026.png 1280w, https:\/\/clartan.com\/ch-de\/wp-content\/uploads\/sites\/5\/2026\/03\/Image-Edito-2026-300x169.png 300w, https:\/\/clartan.com\/ch-de\/wp-content\/uploads\/sites\/5\/2026\/03\/Image-Edito-2026-1036x583.png 1036w, https:\/\/clartan.com\/ch-de\/wp-content\/uploads\/sites\/5\/2026\/03\/Image-Edito-2026-768x432.png 768w\" sizes=\"(max-width: 1280px) 100vw, 1280px\" \/><\/a><\/figure>\n\n<h3 style=\"font-size:clamp(14px, 0.875rem + ((1vw - 3.2px) * 0.263), 16px);font-style:italic;font-weight:500;\" class=\"wp-block-post-title\">Februar 2026<\/h3>\n\n<div style=\"font-size:12px;\" class=\"wp-block-post-excerpt\"><p class=\"wp-block-post-excerpt__excerpt\">Im Laufe des Monats setzte der europ\u00e4ische Aktienmarkt seinen Aufw\u00e4rtstrend fort (+3,9 %), w\u00e4hrend die in Euro notierten&hellip; <\/p><\/div><\/div>\n\n\n\n<div class=\"wp-block-group wp-block-button is-style-link-default has-global-padding is-content-justification-left is-layout-constrained wp-container-core-group-is-layout-12dd3699 wp-block-group-is-layout-constrained\"><a class=\"wp-block-read-more has-xs-font-size\" href=\"https:\/\/clartan.com\/ch-de\/edito\/3571\/\" target=\"_self\">Mehr lesen<span class=\"screen-reader-text\">: Februar 2026<\/span><\/a><\/div>\n<\/div>\n\n<\/li><li class=\"wp-block-post post-3343 post type-post status-publish format-standard has-post-thumbnail hentry category-edito\">\n\n<div class=\"wp-block-group shadow-shadowsmall hover:shadow-shadowmedium transition-shadow active:shadow-inner has-white-background-color has-background is-vertical is-layout-flex wp-container-core-group-is-layout-0ed4fcd5 wp-block-group-is-layout-flex\" style=\"border-radius:8px;min-height:100%;padding-top:var(--wp--preset--spacing--10);padding-right:var(--wp--preset--spacing--10);padding-bottom:var(--wp--preset--spacing--10);padding-left:var(--wp--preset--spacing--10)\">\n<div class=\"wp-block-group has-global-padding is-content-justification-left is-layout-constrained wp-container-core-group-is-layout-53ae008a wp-block-group-is-layout-constrained\"><div style=\"font-size:11px;padding-top:0;padding-bottom:0\" class=\"taxonomy-category has-link-color article-cat text-xs prose-ul:list-none prose-ul:pl-0 prose-a:uppercase prose-a:tracking-widest prose-a:no-underline wp-elements-8b742e07b32aad506c27da96b735402a wp-block-post-terms\"><a href=\"https:\/\/clartan.com\/ch-de\/categorie\/edito\/\" rel=\"tag\">\u00c9dito<\/a><\/div>\n\n<figure style=\"aspect-ratio:16\/9;\" class=\"wp-block-post-featured-image\"><a href=\"https:\/\/clartan.com\/ch-de\/edito\/januar-2025\/\" target=\"_self\"  ><img loading=\"lazy\" decoding=\"async\" width=\"1280\" height=\"720\" src=\"https:\/\/clartan.com\/ch-de\/wp-content\/uploads\/sites\/5\/2025\/11\/Image-Edito-2025.png\" class=\"attachment-post-thumbnail size-post-thumbnail wp-post-image\" alt=\"Januar 2025\" style=\"border-radius:8px;width:100%;height:100%;object-fit:cover;\" srcset=\"https:\/\/clartan.com\/ch-de\/wp-content\/uploads\/sites\/5\/2025\/11\/Image-Edito-2025.png 1280w, https:\/\/clartan.com\/ch-de\/wp-content\/uploads\/sites\/5\/2025\/11\/Image-Edito-2025-300x169.png 300w, https:\/\/clartan.com\/ch-de\/wp-content\/uploads\/sites\/5\/2025\/11\/Image-Edito-2025-1036x583.png 1036w, https:\/\/clartan.com\/ch-de\/wp-content\/uploads\/sites\/5\/2025\/11\/Image-Edito-2025-768x432.png 768w\" sizes=\"(max-width: 1280px) 100vw, 1280px\" \/><\/a><\/figure>\n\n<h3 style=\"font-size:clamp(14px, 0.875rem + ((1vw - 3.2px) * 0.263), 16px);font-style:italic;font-weight:500;\" class=\"wp-block-post-title\">Januar 2025<\/h3>\n\n<div style=\"font-size:12px;\" class=\"wp-block-post-excerpt\"><p class=\"wp-block-post-excerpt__excerpt\">Im Oktober setzte der europ\u00e4ische Aktienmarkt seinen Aufw\u00e4rtstrend fort (+2,6 %). Die in Euro notierten US-Indizes \u00fcbertrafen Europa&hellip; <\/p><\/div><\/div>\n\n\n\n<div class=\"wp-block-group wp-block-button is-style-link-default has-global-padding is-content-justification-left is-layout-constrained wp-container-core-group-is-layout-12dd3699 wp-block-group-is-layout-constrained\"><a class=\"wp-block-read-more has-xs-font-size\" href=\"https:\/\/clartan.com\/ch-de\/edito\/januar-2025\/\" target=\"_self\">Mehr lesen<span class=\"screen-reader-text\">: Januar 2025<\/span><\/a><\/div>\n<\/div>\n\n<\/li><li class=\"wp-block-post post-3544 post type-post status-publish format-standard has-post-thumbnail hentry category-edito\">\n\n<div class=\"wp-block-group shadow-shadowsmall hover:shadow-shadowmedium transition-shadow active:shadow-inner has-white-background-color has-background is-vertical is-layout-flex wp-container-core-group-is-layout-0ed4fcd5 wp-block-group-is-layout-flex\" style=\"border-radius:8px;min-height:100%;padding-top:var(--wp--preset--spacing--10);padding-right:var(--wp--preset--spacing--10);padding-bottom:var(--wp--preset--spacing--10);padding-left:var(--wp--preset--spacing--10)\">\n<div class=\"wp-block-group has-global-padding is-content-justification-left is-layout-constrained wp-container-core-group-is-layout-53ae008a wp-block-group-is-layout-constrained\"><div style=\"font-size:11px;padding-top:0;padding-bottom:0\" class=\"taxonomy-category has-link-color article-cat text-xs prose-ul:list-none prose-ul:pl-0 prose-a:uppercase prose-a:tracking-widest prose-a:no-underline wp-elements-8b742e07b32aad506c27da96b735402a wp-block-post-terms\"><a href=\"https:\/\/clartan.com\/ch-de\/categorie\/edito\/\" rel=\"tag\">\u00c9dito<\/a><\/div>\n\n<figure style=\"aspect-ratio:16\/9;\" class=\"wp-block-post-featured-image\"><a href=\"https:\/\/clartan.com\/ch-de\/edito\/november-2025\/\" target=\"_self\"  ><img loading=\"lazy\" decoding=\"async\" width=\"1280\" height=\"720\" src=\"https:\/\/clartan.com\/ch-de\/wp-content\/uploads\/sites\/5\/2025\/11\/Image-Edito-2025.png\" class=\"attachment-post-thumbnail size-post-thumbnail wp-post-image\" alt=\"November 2025\" style=\"border-radius:8px;width:100%;height:100%;object-fit:cover;\" srcset=\"https:\/\/clartan.com\/ch-de\/wp-content\/uploads\/sites\/5\/2025\/11\/Image-Edito-2025.png 1280w, https:\/\/clartan.com\/ch-de\/wp-content\/uploads\/sites\/5\/2025\/11\/Image-Edito-2025-300x169.png 300w, https:\/\/clartan.com\/ch-de\/wp-content\/uploads\/sites\/5\/2025\/11\/Image-Edito-2025-1036x583.png 1036w, https:\/\/clartan.com\/ch-de\/wp-content\/uploads\/sites\/5\/2025\/11\/Image-Edito-2025-768x432.png 768w\" sizes=\"(max-width: 1280px) 100vw, 1280px\" \/><\/a><\/figure>\n\n<h3 style=\"font-size:clamp(14px, 0.875rem + ((1vw - 3.2px) * 0.263), 16px);font-style:italic;font-weight:500;\" class=\"wp-block-post-title\">November 2025<\/h3>\n\n<div style=\"font-size:12px;\" class=\"wp-block-post-excerpt\"><p class=\"wp-block-post-excerpt__excerpt\">Im Oktober setzte der europ\u00e4ische Aktienmarkt seinen Aufw\u00e4rtstrend fort (+2,6 %). Die in Euro notierten US-Indizes \u00fcbertrafen Europa&hellip; <\/p><\/div><\/div>\n\n\n\n<div class=\"wp-block-group wp-block-button is-style-link-default has-global-padding is-content-justification-left is-layout-constrained wp-container-core-group-is-layout-12dd3699 wp-block-group-is-layout-constrained\"><a class=\"wp-block-read-more has-xs-font-size\" href=\"https:\/\/clartan.com\/ch-de\/edito\/november-2025\/\" target=\"_self\">Mehr lesen<span class=\"screen-reader-text\">: November 2025<\/span><\/a><\/div>\n<\/div>\n\n<\/li><li class=\"wp-block-post post-2694 post type-post status-publish format-standard has-post-thumbnail hentry category-actualites category-webinaires-actualites\">\n\n<div class=\"wp-block-group shadow-shadowsmall hover:shadow-shadowmedium transition-shadow active:shadow-inner has-white-background-color has-background is-vertical is-layout-flex wp-container-core-group-is-layout-0ed4fcd5 wp-block-group-is-layout-flex\" style=\"border-radius:8px;min-height:100%;padding-top:var(--wp--preset--spacing--10);padding-right:var(--wp--preset--spacing--10);padding-bottom:var(--wp--preset--spacing--10);padding-left:var(--wp--preset--spacing--10)\">\n<div class=\"wp-block-group has-global-padding is-content-justification-left is-layout-constrained wp-container-core-group-is-layout-53ae008a wp-block-group-is-layout-constrained\"><div style=\"font-size:11px;padding-top:0;padding-bottom:0\" class=\"taxonomy-category has-link-color article-cat text-xs prose-ul:list-none prose-ul:pl-0 prose-a:uppercase prose-a:tracking-widest prose-a:no-underline wp-elements-8b742e07b32aad506c27da96b735402a wp-block-post-terms\"><a href=\"https:\/\/clartan.com\/ch-de\/categorie\/actualites\/\" rel=\"tag\">Aktuelles<\/a><span class=\"wp-block-post-terms__separator\"> &#8211; <\/span><a href=\"https:\/\/clartan.com\/ch-de\/categorie\/actualites\/webinaires-actualites\/\" rel=\"tag\">Webinaires<\/a><\/div>\n\n<figure style=\"aspect-ratio:16\/9;\" class=\"wp-block-post-featured-image\"><a href=\"https:\/\/clartan.com\/ch-de\/actualites\/clartan-ethos-esg-inside-meeting-webinar-am-29-11-2022-um-11-uhr\/\" target=\"_self\"  ><img loading=\"lazy\" decoding=\"async\" width=\"1036\" height=\"567\" src=\"https:\/\/clartan.com\/ch-de\/wp-content\/uploads\/sites\/5\/2022\/11\/MDMS-1036x567-1.jpg\" class=\"attachment-post-thumbnail size-post-thumbnail wp-post-image\" alt=\"Clartan Ethos ESG Inside Meeting \u2013 Webinar am 29.11.2022 um 11 Uhr\" style=\"border-radius:8px;width:100%;height:100%;object-fit:cover;\" srcset=\"https:\/\/clartan.com\/ch-de\/wp-content\/uploads\/sites\/5\/2022\/11\/MDMS-1036x567-1.jpg 1036w, https:\/\/clartan.com\/ch-de\/wp-content\/uploads\/sites\/5\/2022\/11\/MDMS-1036x567-1-300x164.jpg 300w, https:\/\/clartan.com\/ch-de\/wp-content\/uploads\/sites\/5\/2022\/11\/MDMS-1036x567-1-768x420.jpg 768w\" sizes=\"(max-width: 1036px) 100vw, 1036px\" \/><\/a><\/figure>\n\n<h3 style=\"font-size:clamp(14px, 0.875rem + ((1vw - 3.2px) * 0.263), 16px);font-style:italic;font-weight:500;\" class=\"wp-block-post-title\">Clartan Ethos ESG Inside Meeting \u2013 Webinar am 29.11.2022 um 11 Uhr<\/h3>\n\n<div style=\"font-size:12px;\" class=\"wp-block-post-excerpt\"><p class=\"wp-block-post-excerpt__excerpt\">Im Rahmen unseres Webinarformats \u201eInside Clartan\u201c\u00a0erfahren Sie wie der Fonds die letzten Wochen gemeistert\u00a0hat und\u00a0wie er f\u00fcr die&hellip; <\/p><\/div><\/div>\n\n\n\n<div class=\"wp-block-group wp-block-button is-style-link-default has-global-padding is-content-justification-left is-layout-constrained wp-container-core-group-is-layout-12dd3699 wp-block-group-is-layout-constrained\"><a class=\"wp-block-read-more has-xs-font-size\" href=\"https:\/\/clartan.com\/ch-de\/actualites\/clartan-ethos-esg-inside-meeting-webinar-am-29-11-2022-um-11-uhr\/\" target=\"_self\">Mehr lesen<span class=\"screen-reader-text\">: Clartan Ethos ESG Inside Meeting \u2013 Webinar am 29.11.2022 um 11 Uhr<\/span><\/a><\/div>\n<\/div>\n\n<\/li><\/ul>\n\n\n\n<\/div>\n<\/div>\n<\/div>\n","protected":false},"excerpt":{"rendered":"<p>Aktuelles und Veranstaltungen von Clartan Associ\u00e9s: Leitartikel, Presseschau, Einladungen zu Seminaren und Webinaren zum Thema Verm\u00f6gensverwaltung und M\u00e4rkte.<\/p>\n","protected":false},"author":2,"featured_media":3392,"parent":3390,"menu_order":0,"comment_status":"closed","ping_status":"closed","template":"","meta":{"_acf_changed":false,"inline_featured_image":false,"footnotes":""},"class_list":["post-3391","page","type-page","status-publish","has-post-thumbnail","hentry"],"acf":[],"yoast_head":"<!-- This site is optimized with the Yoast SEO Premium plugin v26.2 (Yoast SEO v27.3) - https:\/\/yoast.com\/product\/yoast-seo-premium-wordpress\/ -->\n<title>Alle Neuigkeiten - Clartan Associ\u00e9s<\/title>\n<meta name=\"description\" content=\"Aktuelles und Veranstaltungen von Clartan Associ\u00e9s: Leitartikel, Presseschau, Einladungen zu Seminaren und Webinaren zum Thema Verm\u00f6gensverwaltung und M\u00e4rkte.\" \/>\n<meta name=\"robots\" content=\"index, follow, max-snippet:-1, max-image-preview:large, max-video-preview:-1\" \/>\n<link rel=\"canonical\" href=\"https:\/\/clartan.com\/ch-de\/aktuelles\/alle-neuigkeiten\/\" \/>\n<meta property=\"og:locale\" content=\"de_DE\" \/>\n<meta property=\"og:type\" content=\"article\" \/>\n<meta property=\"og:title\" content=\"Alle Neuigkeiten\" \/>\n<meta property=\"og:description\" content=\"Aktuelles und Veranstaltungen von Clartan Associ\u00e9s: Leitartikel, Presseschau, Einladungen zu Seminaren und Webinaren zum Thema Verm\u00f6gensverwaltung und M\u00e4rkte.\" \/>\n<meta property=\"og:url\" content=\"https:\/\/clartan.com\/ch-de\/aktuelles\/alle-neuigkeiten\/\" \/>\n<meta property=\"og:site_name\" content=\"Clartan Associ\u00e9s CH-DE\" \/>\n<meta property=\"og:image\" content=\"https:\/\/clartan.com\/ch-de\/wp-content\/uploads\/sites\/5\/2026\/02\/2514-OK-scaled-5.jpg\" \/>\n\t<meta property=\"og:image:width\" content=\"2560\" \/>\n\t<meta property=\"og:image:height\" content=\"1912\" \/>\n\t<meta property=\"og:image:type\" content=\"image\/jpeg\" \/>\n<meta name=\"twitter:card\" content=\"summary_large_image\" \/>\n<script type=\"application\/ld+json\" class=\"yoast-schema-graph\">{\"@context\":\"https:\\\/\\\/schema.org\",\"@graph\":[{\"@type\":\"WebPage\",\"@id\":\"https:\\\/\\\/clartan.com\\\/ch-de\\\/aktuelles\\\/alle-neuigkeiten\\\/\",\"url\":\"https:\\\/\\\/clartan.com\\\/ch-de\\\/aktuelles\\\/alle-neuigkeiten\\\/\",\"name\":\"Alle Neuigkeiten - Clartan Associ\u00e9s\",\"isPartOf\":{\"@id\":\"https:\\\/\\\/www.clartan.com\\\/ch-de\\\/#website\"},\"primaryImageOfPage\":{\"@id\":\"https:\\\/\\\/clartan.com\\\/ch-de\\\/aktuelles\\\/alle-neuigkeiten\\\/#primaryimage\"},\"image\":{\"@id\":\"https:\\\/\\\/clartan.com\\\/ch-de\\\/aktuelles\\\/alle-neuigkeiten\\\/#primaryimage\"},\"thumbnailUrl\":\"https:\\\/\\\/clartan.com\\\/ch-de\\\/wp-content\\\/uploads\\\/sites\\\/5\\\/2026\\\/02\\\/2514-OK-scaled-5.jpg\",\"datePublished\":\"2022-03-17T16:44:06+00:00\",\"description\":\"Aktuelles und Veranstaltungen von Clartan Associ\u00e9s: Leitartikel, Presseschau, Einladungen zu Seminaren und Webinaren zum Thema Verm\u00f6gensverwaltung und M\u00e4rkte.\",\"breadcrumb\":{\"@id\":\"https:\\\/\\\/clartan.com\\\/ch-de\\\/aktuelles\\\/alle-neuigkeiten\\\/#breadcrumb\"},\"inLanguage\":\"de\",\"potentialAction\":[{\"@type\":\"ReadAction\",\"target\":[\"https:\\\/\\\/clartan.com\\\/ch-de\\\/aktuelles\\\/alle-neuigkeiten\\\/\"]}]},{\"@type\":\"ImageObject\",\"inLanguage\":\"de\",\"@id\":\"https:\\\/\\\/clartan.com\\\/ch-de\\\/aktuelles\\\/alle-neuigkeiten\\\/#primaryimage\",\"url\":\"https:\\\/\\\/clartan.com\\\/ch-de\\\/wp-content\\\/uploads\\\/sites\\\/5\\\/2026\\\/02\\\/2514-OK-scaled-5.jpg\",\"contentUrl\":\"https:\\\/\\\/clartan.com\\\/ch-de\\\/wp-content\\\/uploads\\\/sites\\\/5\\\/2026\\\/02\\\/2514-OK-scaled-5.jpg\",\"width\":2560,\"height\":1912,\"caption\":\"Gemeinsam mit dem Partnerteam sind unsere Mitarbeiter bestrebt, nachhaltige Anlagel\u00f6sungen zu entwickeln und zu verfolgen.\"},{\"@type\":\"BreadcrumbList\",\"@id\":\"https:\\\/\\\/clartan.com\\\/ch-de\\\/aktuelles\\\/alle-neuigkeiten\\\/#breadcrumb\",\"itemListElement\":[{\"@type\":\"ListItem\",\"position\":1,\"name\":\"Accueil\",\"item\":\"https:\\\/\\\/clartan.com\\\/ch-de\\\/\"},{\"@type\":\"ListItem\",\"position\":2,\"name\":\"Aktuelles\",\"item\":\"https:\\\/\\\/clartan.com\\\/ch-de\\\/aktuelles\\\/\"},{\"@type\":\"ListItem\",\"position\":3,\"name\":\"Alle Neuigkeiten\"}]},{\"@type\":\"WebSite\",\"@id\":\"https:\\\/\\\/www.clartan.com\\\/ch-de\\\/#website\",\"url\":\"https:\\\/\\\/www.clartan.com\\\/ch-de\\\/\",\"name\":\"Clartan Associ\u00e9s CH-DE\",\"description\":\"Quality &amp; Value\",\"publisher\":{\"@id\":\"https:\\\/\\\/www.clartan.com\\\/ch-de\\\/#organization\"},\"potentialAction\":[{\"@type\":\"SearchAction\",\"target\":{\"@type\":\"EntryPoint\",\"urlTemplate\":\"https:\\\/\\\/www.clartan.com\\\/ch-de\\\/?s={search_term_string}\"},\"query-input\":{\"@type\":\"PropertyValueSpecification\",\"valueRequired\":true,\"valueName\":\"search_term_string\"}}],\"inLanguage\":\"de\"},{\"@type\":\"Organization\",\"@id\":\"https:\\\/\\\/www.clartan.com\\\/ch-de\\\/#organization\",\"name\":\"Clartan Associ\u00e9s\",\"url\":\"https:\\\/\\\/www.clartan.com\\\/ch-de\\\/\",\"logo\":{\"@type\":\"ImageObject\",\"inLanguage\":\"de\",\"@id\":\"https:\\\/\\\/www.clartan.com\\\/ch-de\\\/#\\\/schema\\\/logo\\\/image\\\/\",\"url\":\"https:\\\/\\\/clartan.com\\\/ch-de\\\/wp-content\\\/uploads\\\/sites\\\/5\\\/2026\\\/01\\\/cropped-cropped-Favicon-2.png\",\"contentUrl\":\"https:\\\/\\\/clartan.com\\\/ch-de\\\/wp-content\\\/uploads\\\/sites\\\/5\\\/2026\\\/01\\\/cropped-cropped-Favicon-2.png\",\"width\":512,\"height\":512,\"caption\":\"Clartan Associ\u00e9s\"},\"image\":{\"@id\":\"https:\\\/\\\/www.clartan.com\\\/ch-de\\\/#\\\/schema\\\/logo\\\/image\\\/\"}}]}<\/script>\n<!-- \/ Yoast SEO Premium plugin. -->","yoast_head_json":{"title":"Alle Neuigkeiten - Clartan Associ\u00e9s","description":"Aktuelles und Veranstaltungen von Clartan Associ\u00e9s: Leitartikel, Presseschau, Einladungen zu Seminaren und Webinaren zum Thema Verm\u00f6gensverwaltung und M\u00e4rkte.","robots":{"index":"index","follow":"follow","max-snippet":"max-snippet:-1","max-image-preview":"max-image-preview:large","max-video-preview":"max-video-preview:-1"},"canonical":"https:\/\/clartan.com\/ch-de\/aktuelles\/alle-neuigkeiten\/","og_locale":"de_DE","og_type":"article","og_title":"Alle Neuigkeiten","og_description":"Aktuelles und Veranstaltungen von Clartan Associ\u00e9s: Leitartikel, Presseschau, Einladungen zu Seminaren und Webinaren zum Thema Verm\u00f6gensverwaltung und M\u00e4rkte.","og_url":"https:\/\/clartan.com\/ch-de\/aktuelles\/alle-neuigkeiten\/","og_site_name":"Clartan Associ\u00e9s CH-DE","og_image":[{"width":2560,"height":1912,"url":"https:\/\/clartan.com\/ch-de\/wp-content\/uploads\/sites\/5\/2026\/02\/2514-OK-scaled-5.jpg","type":"image\/jpeg"}],"twitter_card":"summary_large_image","schema":{"@context":"https:\/\/schema.org","@graph":[{"@type":"WebPage","@id":"https:\/\/clartan.com\/ch-de\/aktuelles\/alle-neuigkeiten\/","url":"https:\/\/clartan.com\/ch-de\/aktuelles\/alle-neuigkeiten\/","name":"Alle Neuigkeiten - Clartan Associ\u00e9s","isPartOf":{"@id":"https:\/\/www.clartan.com\/ch-de\/#website"},"primaryImageOfPage":{"@id":"https:\/\/clartan.com\/ch-de\/aktuelles\/alle-neuigkeiten\/#primaryimage"},"image":{"@id":"https:\/\/clartan.com\/ch-de\/aktuelles\/alle-neuigkeiten\/#primaryimage"},"thumbnailUrl":"https:\/\/clartan.com\/ch-de\/wp-content\/uploads\/sites\/5\/2026\/02\/2514-OK-scaled-5.jpg","datePublished":"2022-03-17T16:44:06+00:00","description":"Aktuelles und Veranstaltungen von Clartan Associ\u00e9s: Leitartikel, Presseschau, Einladungen zu Seminaren und Webinaren zum Thema Verm\u00f6gensverwaltung und M\u00e4rkte.","breadcrumb":{"@id":"https:\/\/clartan.com\/ch-de\/aktuelles\/alle-neuigkeiten\/#breadcrumb"},"inLanguage":"de","potentialAction":[{"@type":"ReadAction","target":["https:\/\/clartan.com\/ch-de\/aktuelles\/alle-neuigkeiten\/"]}]},{"@type":"ImageObject","inLanguage":"de","@id":"https:\/\/clartan.com\/ch-de\/aktuelles\/alle-neuigkeiten\/#primaryimage","url":"https:\/\/clartan.com\/ch-de\/wp-content\/uploads\/sites\/5\/2026\/02\/2514-OK-scaled-5.jpg","contentUrl":"https:\/\/clartan.com\/ch-de\/wp-content\/uploads\/sites\/5\/2026\/02\/2514-OK-scaled-5.jpg","width":2560,"height":1912,"caption":"Gemeinsam mit dem Partnerteam sind unsere Mitarbeiter bestrebt, nachhaltige Anlagel\u00f6sungen zu entwickeln und zu verfolgen."},{"@type":"BreadcrumbList","@id":"https:\/\/clartan.com\/ch-de\/aktuelles\/alle-neuigkeiten\/#breadcrumb","itemListElement":[{"@type":"ListItem","position":1,"name":"Accueil","item":"https:\/\/clartan.com\/ch-de\/"},{"@type":"ListItem","position":2,"name":"Aktuelles","item":"https:\/\/clartan.com\/ch-de\/aktuelles\/"},{"@type":"ListItem","position":3,"name":"Alle Neuigkeiten"}]},{"@type":"WebSite","@id":"https:\/\/www.clartan.com\/ch-de\/#website","url":"https:\/\/www.clartan.com\/ch-de\/","name":"Clartan Associ\u00e9s CH-DE","description":"Quality &amp; Value","publisher":{"@id":"https:\/\/www.clartan.com\/ch-de\/#organization"},"potentialAction":[{"@type":"SearchAction","target":{"@type":"EntryPoint","urlTemplate":"https:\/\/www.clartan.com\/ch-de\/?s={search_term_string}"},"query-input":{"@type":"PropertyValueSpecification","valueRequired":true,"valueName":"search_term_string"}}],"inLanguage":"de"},{"@type":"Organization","@id":"https:\/\/www.clartan.com\/ch-de\/#organization","name":"Clartan Associ\u00e9s","url":"https:\/\/www.clartan.com\/ch-de\/","logo":{"@type":"ImageObject","inLanguage":"de","@id":"https:\/\/www.clartan.com\/ch-de\/#\/schema\/logo\/image\/","url":"https:\/\/clartan.com\/ch-de\/wp-content\/uploads\/sites\/5\/2026\/01\/cropped-cropped-Favicon-2.png","contentUrl":"https:\/\/clartan.com\/ch-de\/wp-content\/uploads\/sites\/5\/2026\/01\/cropped-cropped-Favicon-2.png","width":512,"height":512,"caption":"Clartan Associ\u00e9s"},"image":{"@id":"https:\/\/www.clartan.com\/ch-de\/#\/schema\/logo\/image\/"}}]}},"_links":{"self":[{"href":"https:\/\/clartan.com\/ch-de\/wp-json\/wp\/v2\/pages\/3391","targetHints":{"allow":["GET"]}}],"collection":[{"href":"https:\/\/clartan.com\/ch-de\/wp-json\/wp\/v2\/pages"}],"about":[{"href":"https:\/\/clartan.com\/ch-de\/wp-json\/wp\/v2\/types\/page"}],"author":[{"embeddable":true,"href":"https:\/\/clartan.com\/ch-de\/wp-json\/wp\/v2\/users\/2"}],"replies":[{"embeddable":true,"href":"https:\/\/clartan.com\/ch-de\/wp-json\/wp\/v2\/comments?post=3391"}],"version-history":[{"count":0,"href":"https:\/\/clartan.com\/ch-de\/wp-json\/wp\/v2\/pages\/3391\/revisions"}],"up":[{"embeddable":true,"href":"https:\/\/clartan.com\/ch-de\/wp-json\/wp\/v2\/pages\/3390"}],"wp:featuredmedia":[{"embeddable":true,"href":"https:\/\/clartan.com\/ch-de\/wp-json\/wp\/v2\/media\/3392"}],"wp:attachment":[{"href":"https:\/\/clartan.com\/ch-de\/wp-json\/wp\/v2\/media?parent=3391"}],"curies":[{"name":"wp","href":"https:\/\/api.w.org\/{rel}","templated":true}]}}