{"id":3394,"date":"2022-03-17T17:24:48","date_gmt":"2022-03-17T16:24:48","guid":{"rendered":"https:\/\/new.clartan.com\/ch-de\/clartan-associes-2\/osterreich\/"},"modified":"2026-02-06T13:10:45","modified_gmt":"2026-02-06T12:10:45","slug":"osterreich","status":"publish","type":"page","link":"https:\/\/clartan.com\/ch-de\/clartan-associes\/osterreich\/","title":{"rendered":"\u00d6sterreich"},"content":{"rendered":"\n<section class=\"wp-block-cover alignfull relative overflow-hidden hero bottom-curved-border\"><img decoding=\"async\" class=\"wp-block-cover__image-background wp-image-10266 size-large\" alt=\"\" src=\"https:\/\/clartan.com\/fr\/wp-content\/uploads\/2025\/11\/paris-01-orange-1036x583.jpg\" data-object-fit=\"cover\"\/><span aria-hidden=\"true\" class=\"wp-block-cover__background has-background-dim-30 has-background-dim wp-block-cover__gradient-background has-background-gradient has-header-vin-gradient-background\"><\/span><div class=\"wp-block-cover__inner-container has-global-padding is-layout-constrained wp-block-cover-is-layout-constrained\">\n<div class=\"wp-block-group is-layout-flow wp-container-core-group-is-layout-aee4e5c6 wp-block-group-is-layout-flow\" style=\"margin-top:var(--wp--preset--spacing--60);margin-bottom:var(--wp--preset--spacing--60)\">\n<div class=\"wp-block-group is-vertical is-content-justification-center is-layout-flex wp-container-core-group-is-layout-81423f52 wp-block-group-is-layout-flex\">\n<p class=\"has-text-align-center article-cat text-xs prose-ul:list-none prose-ul:pl-0 prose-a:uppercase prose-a:tracking-widest prose-a:font-semibold prose-a:no-underline has-white-color has-text-color has-link-color wp-elements-a1088858d640c5e72d8a27a94b8d901a\"><a href=\"https:\/\/clartan.com\/de\/clartan-associes\/\"><\/a><a href=\"https:\/\/clartan.com\/ch-de\/clartan-associes#standorte\" type=\"link\" id=\"https:\/\/clartan.com\/ch-de\/clartan-associes#standorte\">Pr\u00e4senz in Europa<\/a><\/p>\n\n\n\n<h1 class=\"wp-block-heading has-text-align-center\" id=\"h-les-fonds-clartan-associes\">\u00d6sterreich<\/h1>\n<\/div>\n\n\n\n<p class=\"has-text-align-center has-lg-font-size\">Clartan Associ\u00e9s ist in \u00d6sterreich durch seine deutsche Niederlassung in Bonn vertreten.&nbsp;<\/p>\n\n\n\n<div class=\"wp-block-buttons is-content-justification-center is-layout-flex wp-container-core-buttons-is-layout-a89b3969 wp-block-buttons-is-layout-flex\">\n<div class=\"wp-block-button\"><a class=\"wp-block-button__link has-white-color has-text-color has-link-color wp-element-button\" href=\"https:\/\/clartan.com\/ch-de\/annexes\/kontact\/\">BERATER KONTAKTIEREN<\/a><\/div>\n<\/div>\n<\/div>\n<\/div><\/section>\n\n\n\n<div class=\"wp-block-group has-global-padding is-layout-constrained wp-block-group-is-layout-constrained\" style=\"padding-top:var(--wp--preset--spacing--30);padding-bottom:var(--wp--preset--spacing--30)\">\n<p class=\"has-lg-font-size\">Die Teilfonds der Sicav Clartan werden seit 2017 bei unseren professionellen Partnern in \u00d6sterreich vertrieben.<\/p>\n\n\n\n<p class=\"has-lg-font-size\">Fondsmanager und Partner des Unternehmens stellen Kunden und Anlegern in Videokonferenzen, Einzelgespr\u00e4chen oder auf Konferenzen die Verwaltungsstrategie und die Aktualit\u00e4t der Fonds vor.<\/p>\n\n\n\n<h2 class=\"wp-block-heading\" id=\"h-dokumente-fur-osterreich\">Dokumente f\u00fcr \u00d6sterreich<\/h2>\n\n\n\n<div class=\"wp-block-buttons is-layout-flex wp-block-buttons-is-layout-flex\">\n<div class=\"wp-block-button\"><a class=\"wp-block-button__link wp-element-button\" href=\"https:\/\/clartan.com\/de\/clartan-associes\/oesterreich\/\" target=\"_blank\" rel=\"noreferrer noopener\">weitere informationen<\/a><\/div>\n<\/div>\n<\/div>\n","protected":false},"excerpt":{"rendered":"<p>Clartan Associ\u00e9s bietet seine Fonds und Kapitalverwaltungsdienstleistungen in \u00d6sterreich f\u00fcr Privatpersonen und professionelle Anleger an.<\/p>\n","protected":false},"author":2,"featured_media":3395,"parent":3371,"menu_order":0,"comment_status":"closed","ping_status":"closed","template":"","meta":{"_acf_changed":false,"inline_featured_image":false,"footnotes":""},"class_list":["post-3394","page","type-page","status-publish","has-post-thumbnail","hentry"],"acf":[],"yoast_head":"<!-- This site is optimized with the Yoast SEO Premium plugin v26.2 (Yoast SEO v27.3) - https:\/\/yoast.com\/product\/yoast-seo-premium-wordpress\/ -->\n<title>\u00d6sterreich - Clartan Associ\u00e9s<\/title>\n<meta name=\"description\" content=\"Clartan Associ\u00e9s bietet seine Fonds und Kapitalverwaltungsdienstleistungen in \u00d6sterreich f\u00fcr Privatpersonen und professionelle Anleger an.\" \/>\n<meta name=\"robots\" content=\"index, follow, max-snippet:-1, max-image-preview:large, max-video-preview:-1\" \/>\n<link rel=\"canonical\" href=\"https:\/\/clartan.com\/ch-de\/clartan-associes\/osterreich\/\" \/>\n<meta property=\"og:locale\" content=\"de_DE\" \/>\n<meta property=\"og:type\" content=\"article\" \/>\n<meta property=\"og:title\" content=\"\u00d6sterreich\" \/>\n<meta property=\"og:description\" content=\"Clartan Associ\u00e9s bietet seine Fonds und Kapitalverwaltungsdienstleistungen in \u00d6sterreich f\u00fcr Privatpersonen und professionelle Anleger an.\" \/>\n<meta property=\"og:url\" content=\"https:\/\/clartan.com\/ch-de\/clartan-associes\/osterreich\/\" \/>\n<meta property=\"og:site_name\" content=\"Clartan Associ\u00e9s CH-DE\" \/>\n<meta property=\"article:modified_time\" content=\"2026-02-06T12:10:45+00:00\" \/>\n<meta property=\"og:image\" content=\"https:\/\/clartan.com\/ch-de\/wp-content\/uploads\/sites\/5\/2026\/02\/map.jpg\" \/>\n\t<meta property=\"og:image:width\" content=\"1474\" \/>\n\t<meta property=\"og:image:height\" content=\"1318\" \/>\n\t<meta property=\"og:image:type\" content=\"image\/jpeg\" \/>\n<meta name=\"twitter:card\" content=\"summary_large_image\" \/>\n<script type=\"application\/ld+json\" class=\"yoast-schema-graph\">{\"@context\":\"https:\\\/\\\/schema.org\",\"@graph\":[{\"@type\":\"WebPage\",\"@id\":\"https:\\\/\\\/clartan.com\\\/ch-de\\\/clartan-associes\\\/osterreich\\\/\",\"url\":\"https:\\\/\\\/clartan.com\\\/ch-de\\\/clartan-associes\\\/osterreich\\\/\",\"name\":\"\u00d6sterreich - Clartan Associ\u00e9s\",\"isPartOf\":{\"@id\":\"https:\\\/\\\/www.clartan.com\\\/ch-de\\\/#website\"},\"primaryImageOfPage\":{\"@id\":\"https:\\\/\\\/clartan.com\\\/ch-de\\\/clartan-associes\\\/osterreich\\\/#primaryimage\"},\"image\":{\"@id\":\"https:\\\/\\\/clartan.com\\\/ch-de\\\/clartan-associes\\\/osterreich\\\/#primaryimage\"},\"thumbnailUrl\":\"https:\\\/\\\/clartan.com\\\/ch-de\\\/wp-content\\\/uploads\\\/sites\\\/5\\\/2026\\\/02\\\/map.jpg\",\"datePublished\":\"2022-03-17T16:24:48+00:00\",\"dateModified\":\"2026-02-06T12:10:45+00:00\",\"description\":\"Clartan Associ\u00e9s bietet seine Fonds und Kapitalverwaltungsdienstleistungen in \u00d6sterreich f\u00fcr Privatpersonen und professionelle Anleger an.\",\"breadcrumb\":{\"@id\":\"https:\\\/\\\/clartan.com\\\/ch-de\\\/clartan-associes\\\/osterreich\\\/#breadcrumb\"},\"inLanguage\":\"de\",\"potentialAction\":[{\"@type\":\"ReadAction\",\"target\":[\"https:\\\/\\\/clartan.com\\\/ch-de\\\/clartan-associes\\\/osterreich\\\/\"]}]},{\"@type\":\"ImageObject\",\"inLanguage\":\"de\",\"@id\":\"https:\\\/\\\/clartan.com\\\/ch-de\\\/clartan-associes\\\/osterreich\\\/#primaryimage\",\"url\":\"https:\\\/\\\/clartan.com\\\/ch-de\\\/wp-content\\\/uploads\\\/sites\\\/5\\\/2026\\\/02\\\/map.jpg\",\"contentUrl\":\"https:\\\/\\\/clartan.com\\\/ch-de\\\/wp-content\\\/uploads\\\/sites\\\/5\\\/2026\\\/02\\\/map.jpg\",\"width\":1474,\"height\":1318},{\"@type\":\"BreadcrumbList\",\"@id\":\"https:\\\/\\\/clartan.com\\\/ch-de\\\/clartan-associes\\\/osterreich\\\/#breadcrumb\",\"itemListElement\":[{\"@type\":\"ListItem\",\"position\":1,\"name\":\"Accueil\",\"item\":\"https:\\\/\\\/clartan.com\\\/ch-de\\\/\"},{\"@type\":\"ListItem\",\"position\":2,\"name\":\"Clartan Associ\u00e9s\",\"item\":\"https:\\\/\\\/clartan.com\\\/ch-de\\\/clartan-associes\\\/\"},{\"@type\":\"ListItem\",\"position\":3,\"name\":\"\u00d6sterreich\"}]},{\"@type\":\"WebSite\",\"@id\":\"https:\\\/\\\/www.clartan.com\\\/ch-de\\\/#website\",\"url\":\"https:\\\/\\\/www.clartan.com\\\/ch-de\\\/\",\"name\":\"Clartan Associ\u00e9s CH-DE\",\"description\":\"Quality &amp; Value\",\"publisher\":{\"@id\":\"https:\\\/\\\/www.clartan.com\\\/ch-de\\\/#organization\"},\"potentialAction\":[{\"@type\":\"SearchAction\",\"target\":{\"@type\":\"EntryPoint\",\"urlTemplate\":\"https:\\\/\\\/www.clartan.com\\\/ch-de\\\/?s={search_term_string}\"},\"query-input\":{\"@type\":\"PropertyValueSpecification\",\"valueRequired\":true,\"valueName\":\"search_term_string\"}}],\"inLanguage\":\"de\"},{\"@type\":\"Organization\",\"@id\":\"https:\\\/\\\/www.clartan.com\\\/ch-de\\\/#organization\",\"name\":\"Clartan Associ\u00e9s\",\"url\":\"https:\\\/\\\/www.clartan.com\\\/ch-de\\\/\",\"logo\":{\"@type\":\"ImageObject\",\"inLanguage\":\"de\",\"@id\":\"https:\\\/\\\/www.clartan.com\\\/ch-de\\\/#\\\/schema\\\/logo\\\/image\\\/\",\"url\":\"https:\\\/\\\/clartan.com\\\/ch-de\\\/wp-content\\\/uploads\\\/sites\\\/5\\\/2026\\\/01\\\/cropped-cropped-Favicon-2.png\",\"contentUrl\":\"https:\\\/\\\/clartan.com\\\/ch-de\\\/wp-content\\\/uploads\\\/sites\\\/5\\\/2026\\\/01\\\/cropped-cropped-Favicon-2.png\",\"width\":512,\"height\":512,\"caption\":\"Clartan Associ\u00e9s\"},\"image\":{\"@id\":\"https:\\\/\\\/www.clartan.com\\\/ch-de\\\/#\\\/schema\\\/logo\\\/image\\\/\"}}]}<\/script>\n<!-- \/ Yoast SEO Premium plugin. -->","yoast_head_json":{"title":"\u00d6sterreich - Clartan Associ\u00e9s","description":"Clartan Associ\u00e9s bietet seine Fonds und Kapitalverwaltungsdienstleistungen in \u00d6sterreich f\u00fcr Privatpersonen und professionelle Anleger an.","robots":{"index":"index","follow":"follow","max-snippet":"max-snippet:-1","max-image-preview":"max-image-preview:large","max-video-preview":"max-video-preview:-1"},"canonical":"https:\/\/clartan.com\/ch-de\/clartan-associes\/osterreich\/","og_locale":"de_DE","og_type":"article","og_title":"\u00d6sterreich","og_description":"Clartan Associ\u00e9s bietet seine Fonds und Kapitalverwaltungsdienstleistungen in \u00d6sterreich f\u00fcr Privatpersonen und professionelle Anleger an.","og_url":"https:\/\/clartan.com\/ch-de\/clartan-associes\/osterreich\/","og_site_name":"Clartan Associ\u00e9s CH-DE","article_modified_time":"2026-02-06T12:10:45+00:00","og_image":[{"width":1474,"height":1318,"url":"https:\/\/clartan.com\/ch-de\/wp-content\/uploads\/sites\/5\/2026\/02\/map.jpg","type":"image\/jpeg"}],"twitter_card":"summary_large_image","schema":{"@context":"https:\/\/schema.org","@graph":[{"@type":"WebPage","@id":"https:\/\/clartan.com\/ch-de\/clartan-associes\/osterreich\/","url":"https:\/\/clartan.com\/ch-de\/clartan-associes\/osterreich\/","name":"\u00d6sterreich - Clartan Associ\u00e9s","isPartOf":{"@id":"https:\/\/www.clartan.com\/ch-de\/#website"},"primaryImageOfPage":{"@id":"https:\/\/clartan.com\/ch-de\/clartan-associes\/osterreich\/#primaryimage"},"image":{"@id":"https:\/\/clartan.com\/ch-de\/clartan-associes\/osterreich\/#primaryimage"},"thumbnailUrl":"https:\/\/clartan.com\/ch-de\/wp-content\/uploads\/sites\/5\/2026\/02\/map.jpg","datePublished":"2022-03-17T16:24:48+00:00","dateModified":"2026-02-06T12:10:45+00:00","description":"Clartan Associ\u00e9s bietet seine Fonds und Kapitalverwaltungsdienstleistungen in \u00d6sterreich f\u00fcr Privatpersonen und professionelle Anleger an.","breadcrumb":{"@id":"https:\/\/clartan.com\/ch-de\/clartan-associes\/osterreich\/#breadcrumb"},"inLanguage":"de","potentialAction":[{"@type":"ReadAction","target":["https:\/\/clartan.com\/ch-de\/clartan-associes\/osterreich\/"]}]},{"@type":"ImageObject","inLanguage":"de","@id":"https:\/\/clartan.com\/ch-de\/clartan-associes\/osterreich\/#primaryimage","url":"https:\/\/clartan.com\/ch-de\/wp-content\/uploads\/sites\/5\/2026\/02\/map.jpg","contentUrl":"https:\/\/clartan.com\/ch-de\/wp-content\/uploads\/sites\/5\/2026\/02\/map.jpg","width":1474,"height":1318},{"@type":"BreadcrumbList","@id":"https:\/\/clartan.com\/ch-de\/clartan-associes\/osterreich\/#breadcrumb","itemListElement":[{"@type":"ListItem","position":1,"name":"Accueil","item":"https:\/\/clartan.com\/ch-de\/"},{"@type":"ListItem","position":2,"name":"Clartan Associ\u00e9s","item":"https:\/\/clartan.com\/ch-de\/clartan-associes\/"},{"@type":"ListItem","position":3,"name":"\u00d6sterreich"}]},{"@type":"WebSite","@id":"https:\/\/www.clartan.com\/ch-de\/#website","url":"https:\/\/www.clartan.com\/ch-de\/","name":"Clartan Associ\u00e9s CH-DE","description":"Quality &amp; Value","publisher":{"@id":"https:\/\/www.clartan.com\/ch-de\/#organization"},"potentialAction":[{"@type":"SearchAction","target":{"@type":"EntryPoint","urlTemplate":"https:\/\/www.clartan.com\/ch-de\/?s={search_term_string}"},"query-input":{"@type":"PropertyValueSpecification","valueRequired":true,"valueName":"search_term_string"}}],"inLanguage":"de"},{"@type":"Organization","@id":"https:\/\/www.clartan.com\/ch-de\/#organization","name":"Clartan Associ\u00e9s","url":"https:\/\/www.clartan.com\/ch-de\/","logo":{"@type":"ImageObject","inLanguage":"de","@id":"https:\/\/www.clartan.com\/ch-de\/#\/schema\/logo\/image\/","url":"https:\/\/clartan.com\/ch-de\/wp-content\/uploads\/sites\/5\/2026\/01\/cropped-cropped-Favicon-2.png","contentUrl":"https:\/\/clartan.com\/ch-de\/wp-content\/uploads\/sites\/5\/2026\/01\/cropped-cropped-Favicon-2.png","width":512,"height":512,"caption":"Clartan Associ\u00e9s"},"image":{"@id":"https:\/\/www.clartan.com\/ch-de\/#\/schema\/logo\/image\/"}}]}},"_links":{"self":[{"href":"https:\/\/clartan.com\/ch-de\/wp-json\/wp\/v2\/pages\/3394","targetHints":{"allow":["GET"]}}],"collection":[{"href":"https:\/\/clartan.com\/ch-de\/wp-json\/wp\/v2\/pages"}],"about":[{"href":"https:\/\/clartan.com\/ch-de\/wp-json\/wp\/v2\/types\/page"}],"author":[{"embeddable":true,"href":"https:\/\/clartan.com\/ch-de\/wp-json\/wp\/v2\/users\/2"}],"replies":[{"embeddable":true,"href":"https:\/\/clartan.com\/ch-de\/wp-json\/wp\/v2\/comments?post=3394"}],"version-history":[{"count":1,"href":"https:\/\/clartan.com\/ch-de\/wp-json\/wp\/v2\/pages\/3394\/revisions"}],"predecessor-version":[{"id":3429,"href":"https:\/\/clartan.com\/ch-de\/wp-json\/wp\/v2\/pages\/3394\/revisions\/3429"}],"up":[{"embeddable":true,"href":"https:\/\/clartan.com\/ch-de\/wp-json\/wp\/v2\/pages\/3371"}],"wp:featuredmedia":[{"embeddable":true,"href":"https:\/\/clartan.com\/ch-de\/wp-json\/wp\/v2\/media\/3395"}],"wp:attachment":[{"href":"https:\/\/clartan.com\/ch-de\/wp-json\/wp\/v2\/media?parent=3394"}],"curies":[{"name":"wp","href":"https:\/\/api.w.org\/{rel}","templated":true}]}}