{"id":3396,"date":"2022-03-17T17:24:25","date_gmt":"2022-03-17T16:24:25","guid":{"rendered":"https:\/\/new.clartan.com\/ch-de\/clartan-associes-2\/belgien\/"},"modified":"2026-02-06T13:08:16","modified_gmt":"2026-02-06T12:08:16","slug":"belgien","status":"publish","type":"page","link":"https:\/\/clartan.com\/ch-de\/clartan-associes\/belgien\/","title":{"rendered":"Belgien"},"content":{"rendered":"\n<section class=\"wp-block-cover alignfull relative overflow-hidden hero bottom-curved-border\"><img decoding=\"async\" class=\"wp-block-cover__image-background wp-image-10266 size-large\" alt=\"\" src=\"https:\/\/clartan.com\/fr\/wp-content\/uploads\/2025\/11\/paris-01-orange-1036x583.jpg\" data-object-fit=\"cover\"\/><span aria-hidden=\"true\" class=\"wp-block-cover__background has-background-dim-30 has-background-dim wp-block-cover__gradient-background has-background-gradient has-header-vin-gradient-background\"><\/span><div class=\"wp-block-cover__inner-container has-global-padding is-layout-constrained wp-block-cover-is-layout-constrained\">\n<div class=\"wp-block-group is-layout-flow wp-container-core-group-is-layout-aee4e5c6 wp-block-group-is-layout-flow\" style=\"margin-top:var(--wp--preset--spacing--60);margin-bottom:var(--wp--preset--spacing--60)\">\n<div class=\"wp-block-group is-vertical is-content-justification-center is-layout-flex wp-container-core-group-is-layout-81423f52 wp-block-group-is-layout-flex\">\n<p class=\"has-text-align-center article-cat text-xs prose-ul:list-none prose-ul:pl-0 prose-a:uppercase prose-a:tracking-widest prose-a:font-semibold prose-a:no-underline has-white-color has-text-color has-link-color wp-elements-17481938208a3bd507a38faaec12ea82\"><a href=\"https:\/\/clartan.com\/de\/clartan-associes\/\"><\/a><a href=\"https:\/\/clartan.com\/ch-de\/clartan-associes#standorte\" type=\"link\" id=\"https:\/\/clartan.com\/de\/clartan-associes#standorte\">Pr\u00e4senz in Europa<\/a><\/p>\n\n\n\n<h1 class=\"wp-block-heading has-text-align-center\" id=\"h-les-fonds-clartan-associes\">Belgien<\/h1>\n<\/div>\n\n\n\n<p class=\"has-text-align-center has-lg-font-size\">Vertrieb f\u00fcr institutionelle Investoren<\/p>\n\n\n\n<div class=\"wp-block-buttons is-content-justification-center is-layout-flex wp-container-core-buttons-is-layout-a89b3969 wp-block-buttons-is-layout-flex\">\n<div class=\"wp-block-button\"><a class=\"wp-block-button__link has-white-color has-text-color has-link-color wp-element-button\" href=\"https:\/\/clartan.com\/ch-de\/annexes\/kontact\/\">BERATER KONTAKTIEREN<\/a><\/div>\n<\/div>\n<\/div>\n<\/div><\/section>\n\n\n\n<div class=\"wp-block-group is-layout-flow wp-container-core-group-is-layout-fbd3b057 wp-block-group-is-layout-flow\" style=\"padding-top:4vw;padding-bottom:4vw\">\n<p class=\"has-lg-font-size\">Alle Clartan-Fonds sind in Belgien registriert und f\u00fcr den Vertrieb zugelassen. Wir stellen Ihnen au\u00dferdem die erforderlichen regulatorischen Dokumente in fl\u00e4mischer Sprache im Abschnitt Dokumente zur Verf\u00fcgung. Unser Vertriebsteam besucht Sie regelm\u00e4\u00dfig vor Ort.<\/p>\n\n\n\n<h2 class=\"wp-block-heading has-xxlarge-font-size\">Dokumente<\/h2>\n\n\n\n<div class=\"wp-block-buttons is-layout-flex wp-block-buttons-is-layout-flex\">\n<div class=\"wp-block-button\"><a class=\"wp-block-button__link wp-element-button\" href=\"https:\/\/clartan.com\/fr\/societe\/belgique\/\" target=\"_blank\" rel=\"noreferrer noopener\">weitere informationen<\/a><\/div>\n<\/div>\n<\/div>\n","protected":false},"excerpt":{"rendered":"<p>Clartan Associ\u00e9s bietet seine Fonds und Kapitalverwaltungsdienstleistungen in Belgien f\u00fcr Privatpersonen und professionelle Anleger an.<\/p>\n","protected":false},"author":2,"featured_media":3395,"parent":3371,"menu_order":0,"comment_status":"closed","ping_status":"closed","template":"","meta":{"_acf_changed":false,"inline_featured_image":false,"footnotes":""},"class_list":["post-3396","page","type-page","status-publish","has-post-thumbnail","hentry"],"acf":[],"yoast_head":"<!-- This site is optimized with the Yoast SEO Premium plugin v26.2 (Yoast SEO v27.3) - https:\/\/yoast.com\/product\/yoast-seo-premium-wordpress\/ -->\n<title>Belgien - Clartan Associ\u00e9s<\/title>\n<meta name=\"description\" content=\"Clartan Associ\u00e9s bietet seine Fonds und Kapitalverwaltungsdienstleistungen in Belgien f\u00fcr Privatpersonen und professionelle Anleger an.\" \/>\n<meta name=\"robots\" content=\"index, follow, max-snippet:-1, max-image-preview:large, max-video-preview:-1\" \/>\n<link rel=\"canonical\" href=\"https:\/\/clartan.com\/ch-de\/clartan-associes\/belgien\/\" \/>\n<meta property=\"og:locale\" content=\"de_DE\" \/>\n<meta property=\"og:type\" content=\"article\" \/>\n<meta property=\"og:title\" content=\"Belgien\" \/>\n<meta property=\"og:description\" content=\"Clartan Associ\u00e9s bietet seine Fonds und Kapitalverwaltungsdienstleistungen in Belgien f\u00fcr Privatpersonen und professionelle Anleger an.\" \/>\n<meta property=\"og:url\" content=\"https:\/\/clartan.com\/ch-de\/clartan-associes\/belgien\/\" \/>\n<meta property=\"og:site_name\" content=\"Clartan Associ\u00e9s CH-DE\" \/>\n<meta property=\"article:modified_time\" content=\"2026-02-06T12:08:16+00:00\" \/>\n<meta property=\"og:image\" content=\"https:\/\/clartan.com\/ch-de\/wp-content\/uploads\/sites\/5\/2026\/02\/map.jpg\" \/>\n\t<meta property=\"og:image:width\" content=\"1474\" \/>\n\t<meta property=\"og:image:height\" content=\"1318\" \/>\n\t<meta property=\"og:image:type\" content=\"image\/jpeg\" \/>\n<meta name=\"twitter:card\" content=\"summary_large_image\" \/>\n<script type=\"application\/ld+json\" class=\"yoast-schema-graph\">{\"@context\":\"https:\\\/\\\/schema.org\",\"@graph\":[{\"@type\":\"WebPage\",\"@id\":\"https:\\\/\\\/clartan.com\\\/ch-de\\\/clartan-associes\\\/belgien\\\/\",\"url\":\"https:\\\/\\\/clartan.com\\\/ch-de\\\/clartan-associes\\\/belgien\\\/\",\"name\":\"Belgien - Clartan Associ\u00e9s\",\"isPartOf\":{\"@id\":\"https:\\\/\\\/www.clartan.com\\\/ch-de\\\/#website\"},\"primaryImageOfPage\":{\"@id\":\"https:\\\/\\\/clartan.com\\\/ch-de\\\/clartan-associes\\\/belgien\\\/#primaryimage\"},\"image\":{\"@id\":\"https:\\\/\\\/clartan.com\\\/ch-de\\\/clartan-associes\\\/belgien\\\/#primaryimage\"},\"thumbnailUrl\":\"https:\\\/\\\/clartan.com\\\/ch-de\\\/wp-content\\\/uploads\\\/sites\\\/5\\\/2026\\\/02\\\/map.jpg\",\"datePublished\":\"2022-03-17T16:24:25+00:00\",\"dateModified\":\"2026-02-06T12:08:16+00:00\",\"description\":\"Clartan Associ\u00e9s bietet seine Fonds und Kapitalverwaltungsdienstleistungen in Belgien f\u00fcr Privatpersonen und professionelle Anleger an.\",\"breadcrumb\":{\"@id\":\"https:\\\/\\\/clartan.com\\\/ch-de\\\/clartan-associes\\\/belgien\\\/#breadcrumb\"},\"inLanguage\":\"de\",\"potentialAction\":[{\"@type\":\"ReadAction\",\"target\":[\"https:\\\/\\\/clartan.com\\\/ch-de\\\/clartan-associes\\\/belgien\\\/\"]}]},{\"@type\":\"ImageObject\",\"inLanguage\":\"de\",\"@id\":\"https:\\\/\\\/clartan.com\\\/ch-de\\\/clartan-associes\\\/belgien\\\/#primaryimage\",\"url\":\"https:\\\/\\\/clartan.com\\\/ch-de\\\/wp-content\\\/uploads\\\/sites\\\/5\\\/2026\\\/02\\\/map.jpg\",\"contentUrl\":\"https:\\\/\\\/clartan.com\\\/ch-de\\\/wp-content\\\/uploads\\\/sites\\\/5\\\/2026\\\/02\\\/map.jpg\",\"width\":1474,\"height\":1318},{\"@type\":\"BreadcrumbList\",\"@id\":\"https:\\\/\\\/clartan.com\\\/ch-de\\\/clartan-associes\\\/belgien\\\/#breadcrumb\",\"itemListElement\":[{\"@type\":\"ListItem\",\"position\":1,\"name\":\"Accueil\",\"item\":\"https:\\\/\\\/clartan.com\\\/ch-de\\\/\"},{\"@type\":\"ListItem\",\"position\":2,\"name\":\"Clartan Associ\u00e9s\",\"item\":\"https:\\\/\\\/clartan.com\\\/ch-de\\\/clartan-associes\\\/\"},{\"@type\":\"ListItem\",\"position\":3,\"name\":\"Belgien\"}]},{\"@type\":\"WebSite\",\"@id\":\"https:\\\/\\\/www.clartan.com\\\/ch-de\\\/#website\",\"url\":\"https:\\\/\\\/www.clartan.com\\\/ch-de\\\/\",\"name\":\"Clartan Associ\u00e9s CH-DE\",\"description\":\"Quality &amp; Value\",\"publisher\":{\"@id\":\"https:\\\/\\\/www.clartan.com\\\/ch-de\\\/#organization\"},\"potentialAction\":[{\"@type\":\"SearchAction\",\"target\":{\"@type\":\"EntryPoint\",\"urlTemplate\":\"https:\\\/\\\/www.clartan.com\\\/ch-de\\\/?s={search_term_string}\"},\"query-input\":{\"@type\":\"PropertyValueSpecification\",\"valueRequired\":true,\"valueName\":\"search_term_string\"}}],\"inLanguage\":\"de\"},{\"@type\":\"Organization\",\"@id\":\"https:\\\/\\\/www.clartan.com\\\/ch-de\\\/#organization\",\"name\":\"Clartan Associ\u00e9s\",\"url\":\"https:\\\/\\\/www.clartan.com\\\/ch-de\\\/\",\"logo\":{\"@type\":\"ImageObject\",\"inLanguage\":\"de\",\"@id\":\"https:\\\/\\\/www.clartan.com\\\/ch-de\\\/#\\\/schema\\\/logo\\\/image\\\/\",\"url\":\"https:\\\/\\\/clartan.com\\\/ch-de\\\/wp-content\\\/uploads\\\/sites\\\/5\\\/2026\\\/01\\\/cropped-cropped-Favicon-2.png\",\"contentUrl\":\"https:\\\/\\\/clartan.com\\\/ch-de\\\/wp-content\\\/uploads\\\/sites\\\/5\\\/2026\\\/01\\\/cropped-cropped-Favicon-2.png\",\"width\":512,\"height\":512,\"caption\":\"Clartan Associ\u00e9s\"},\"image\":{\"@id\":\"https:\\\/\\\/www.clartan.com\\\/ch-de\\\/#\\\/schema\\\/logo\\\/image\\\/\"}}]}<\/script>\n<!-- \/ Yoast SEO Premium plugin. -->","yoast_head_json":{"title":"Belgien - Clartan Associ\u00e9s","description":"Clartan Associ\u00e9s bietet seine Fonds und Kapitalverwaltungsdienstleistungen in Belgien f\u00fcr Privatpersonen und professionelle Anleger an.","robots":{"index":"index","follow":"follow","max-snippet":"max-snippet:-1","max-image-preview":"max-image-preview:large","max-video-preview":"max-video-preview:-1"},"canonical":"https:\/\/clartan.com\/ch-de\/clartan-associes\/belgien\/","og_locale":"de_DE","og_type":"article","og_title":"Belgien","og_description":"Clartan Associ\u00e9s bietet seine Fonds und Kapitalverwaltungsdienstleistungen in Belgien f\u00fcr Privatpersonen und professionelle Anleger an.","og_url":"https:\/\/clartan.com\/ch-de\/clartan-associes\/belgien\/","og_site_name":"Clartan Associ\u00e9s CH-DE","article_modified_time":"2026-02-06T12:08:16+00:00","og_image":[{"width":1474,"height":1318,"url":"https:\/\/clartan.com\/ch-de\/wp-content\/uploads\/sites\/5\/2026\/02\/map.jpg","type":"image\/jpeg"}],"twitter_card":"summary_large_image","schema":{"@context":"https:\/\/schema.org","@graph":[{"@type":"WebPage","@id":"https:\/\/clartan.com\/ch-de\/clartan-associes\/belgien\/","url":"https:\/\/clartan.com\/ch-de\/clartan-associes\/belgien\/","name":"Belgien - Clartan Associ\u00e9s","isPartOf":{"@id":"https:\/\/www.clartan.com\/ch-de\/#website"},"primaryImageOfPage":{"@id":"https:\/\/clartan.com\/ch-de\/clartan-associes\/belgien\/#primaryimage"},"image":{"@id":"https:\/\/clartan.com\/ch-de\/clartan-associes\/belgien\/#primaryimage"},"thumbnailUrl":"https:\/\/clartan.com\/ch-de\/wp-content\/uploads\/sites\/5\/2026\/02\/map.jpg","datePublished":"2022-03-17T16:24:25+00:00","dateModified":"2026-02-06T12:08:16+00:00","description":"Clartan Associ\u00e9s bietet seine Fonds und Kapitalverwaltungsdienstleistungen in Belgien f\u00fcr Privatpersonen und professionelle Anleger an.","breadcrumb":{"@id":"https:\/\/clartan.com\/ch-de\/clartan-associes\/belgien\/#breadcrumb"},"inLanguage":"de","potentialAction":[{"@type":"ReadAction","target":["https:\/\/clartan.com\/ch-de\/clartan-associes\/belgien\/"]}]},{"@type":"ImageObject","inLanguage":"de","@id":"https:\/\/clartan.com\/ch-de\/clartan-associes\/belgien\/#primaryimage","url":"https:\/\/clartan.com\/ch-de\/wp-content\/uploads\/sites\/5\/2026\/02\/map.jpg","contentUrl":"https:\/\/clartan.com\/ch-de\/wp-content\/uploads\/sites\/5\/2026\/02\/map.jpg","width":1474,"height":1318},{"@type":"BreadcrumbList","@id":"https:\/\/clartan.com\/ch-de\/clartan-associes\/belgien\/#breadcrumb","itemListElement":[{"@type":"ListItem","position":1,"name":"Accueil","item":"https:\/\/clartan.com\/ch-de\/"},{"@type":"ListItem","position":2,"name":"Clartan Associ\u00e9s","item":"https:\/\/clartan.com\/ch-de\/clartan-associes\/"},{"@type":"ListItem","position":3,"name":"Belgien"}]},{"@type":"WebSite","@id":"https:\/\/www.clartan.com\/ch-de\/#website","url":"https:\/\/www.clartan.com\/ch-de\/","name":"Clartan Associ\u00e9s CH-DE","description":"Quality &amp; Value","publisher":{"@id":"https:\/\/www.clartan.com\/ch-de\/#organization"},"potentialAction":[{"@type":"SearchAction","target":{"@type":"EntryPoint","urlTemplate":"https:\/\/www.clartan.com\/ch-de\/?s={search_term_string}"},"query-input":{"@type":"PropertyValueSpecification","valueRequired":true,"valueName":"search_term_string"}}],"inLanguage":"de"},{"@type":"Organization","@id":"https:\/\/www.clartan.com\/ch-de\/#organization","name":"Clartan Associ\u00e9s","url":"https:\/\/www.clartan.com\/ch-de\/","logo":{"@type":"ImageObject","inLanguage":"de","@id":"https:\/\/www.clartan.com\/ch-de\/#\/schema\/logo\/image\/","url":"https:\/\/clartan.com\/ch-de\/wp-content\/uploads\/sites\/5\/2026\/01\/cropped-cropped-Favicon-2.png","contentUrl":"https:\/\/clartan.com\/ch-de\/wp-content\/uploads\/sites\/5\/2026\/01\/cropped-cropped-Favicon-2.png","width":512,"height":512,"caption":"Clartan Associ\u00e9s"},"image":{"@id":"https:\/\/www.clartan.com\/ch-de\/#\/schema\/logo\/image\/"}}]}},"_links":{"self":[{"href":"https:\/\/clartan.com\/ch-de\/wp-json\/wp\/v2\/pages\/3396","targetHints":{"allow":["GET"]}}],"collection":[{"href":"https:\/\/clartan.com\/ch-de\/wp-json\/wp\/v2\/pages"}],"about":[{"href":"https:\/\/clartan.com\/ch-de\/wp-json\/wp\/v2\/types\/page"}],"author":[{"embeddable":true,"href":"https:\/\/clartan.com\/ch-de\/wp-json\/wp\/v2\/users\/2"}],"replies":[{"embeddable":true,"href":"https:\/\/clartan.com\/ch-de\/wp-json\/wp\/v2\/comments?post=3396"}],"version-history":[{"count":1,"href":"https:\/\/clartan.com\/ch-de\/wp-json\/wp\/v2\/pages\/3396\/revisions"}],"predecessor-version":[{"id":3427,"href":"https:\/\/clartan.com\/ch-de\/wp-json\/wp\/v2\/pages\/3396\/revisions\/3427"}],"up":[{"embeddable":true,"href":"https:\/\/clartan.com\/ch-de\/wp-json\/wp\/v2\/pages\/3371"}],"wp:featuredmedia":[{"embeddable":true,"href":"https:\/\/clartan.com\/ch-de\/wp-json\/wp\/v2\/media\/3395"}],"wp:attachment":[{"href":"https:\/\/clartan.com\/ch-de\/wp-json\/wp\/v2\/media?parent=3396"}],"curies":[{"name":"wp","href":"https:\/\/api.w.org\/{rel}","templated":true}]}}