{"id":3409,"date":"2022-03-17T17:47:34","date_gmt":"2022-03-17T16:47:34","guid":{"rendered":"https:\/\/new.clartan.com\/ch-de\/clartan-associes-2\/wir-freuen-uns-auf-ihre-bewerbung\/"},"modified":"2026-02-06T12:55:41","modified_gmt":"2026-02-06T11:55:41","slug":"wir-freuen-uns-auf-ihre-bewerbung","status":"publish","type":"page","link":"https:\/\/clartan.com\/ch-de\/clartan-associes\/wir-freuen-uns-auf-ihre-bewerbung\/","title":{"rendered":"Wir freuen uns auf Ihre Bewerbung"},"content":{"rendered":"\n<section class=\"wp-block-cover alignfull relative overflow-hidden hero bottom-curved-border\"><img decoding=\"async\" class=\"wp-block-cover__image-background wp-image-10275 size-large\" alt=\"\" src=\"https:\/\/clartan.com\/fr\/wp-content\/uploads\/2025\/11\/pistil-02-orange-1036x583.jpg\" data-object-fit=\"cover\"\/><span aria-hidden=\"true\" class=\"wp-block-cover__background has-background-dim-30 has-background-dim wp-block-cover__gradient-background has-background-gradient\" style=\"background:linear-gradient(180deg,rgb(119,14,14) 0%,rgba(120,14,14,0.45) 100%)\"><\/span><div class=\"wp-block-cover__inner-container has-global-padding is-layout-constrained wp-block-cover-is-layout-constrained\">\n<div class=\"wp-block-group alignwide is-layout-flow wp-block-group-is-layout-flow\" style=\"margin-top:var(--wp--preset--spacing--60);margin-bottom:var(--wp--preset--spacing--60)\">\n<h1 class=\"wp-block-heading has-text-align-center\" id=\"h-les-fonds-clartan-associes\">Wir freuen uns auf Ihre Bewerbung<\/h1>\n\n\n\n<p class=\"has-text-align-center has-base-font-size\">Clartan Associ\u00e9s ist st\u00e4ndig auf der Suche nach interessanten Talenten im Bereich Verm\u00f6gensverwaltung und Private Banking. Senden Sie uns gerne Ihre aussagekr\u00e4ftige Initiativbewerbung.<\/p>\n<\/div>\n<\/div><\/section>\n\n\n\n<div class=\"wp-block-group sectionPaddingXSmall has-global-padding is-layout-constrained wp-block-group-is-layout-constrained\"><script type=\"text\/javascript\">\n\/* <![CDATA[ *\/\nvar gform;gform||(document.addEventListener(\"gform_main_scripts_loaded\",function(){gform.scriptsLoaded=!0}),document.addEventListener(\"gform\/theme\/scripts_loaded\",function(){gform.themeScriptsLoaded=!0}),window.addEventListener(\"DOMContentLoaded\",function(){gform.domLoaded=!0}),gform={domLoaded:!1,scriptsLoaded:!1,themeScriptsLoaded:!1,isFormEditor:()=>\"function\"==typeof InitializeEditor,callIfLoaded:function(o){return!(!gform.domLoaded||!gform.scriptsLoaded||!gform.themeScriptsLoaded&&!gform.isFormEditor()||(gform.isFormEditor()&&console.warn(\"The use of gform.initializeOnLoaded() is deprecated in the form editor context and will be removed in Gravity Forms 3.1.\"),o(),0))},initializeOnLoaded:function(o){gform.callIfLoaded(o)||(document.addEventListener(\"gform_main_scripts_loaded\",()=>{gform.scriptsLoaded=!0,gform.callIfLoaded(o)}),document.addEventListener(\"gform\/theme\/scripts_loaded\",()=>{gform.themeScriptsLoaded=!0,gform.callIfLoaded(o)}),window.addEventListener(\"DOMContentLoaded\",()=>{gform.domLoaded=!0,gform.callIfLoaded(o)}))},hooks:{action:{},filter:{}},addAction:function(o,r,e,t){gform.addHook(\"action\",o,r,e,t)},addFilter:function(o,r,e,t){gform.addHook(\"filter\",o,r,e,t)},doAction:function(o){gform.doHook(\"action\",o,arguments)},applyFilters:function(o){return gform.doHook(\"filter\",o,arguments)},removeAction:function(o,r){gform.removeHook(\"action\",o,r)},removeFilter:function(o,r,e){gform.removeHook(\"filter\",o,r,e)},addHook:function(o,r,e,t,n){null==gform.hooks[o][r]&&(gform.hooks[o][r]=[]);var d=gform.hooks[o][r];null==n&&(n=r+\"_\"+d.length),gform.hooks[o][r].push({tag:n,callable:e,priority:t=null==t?10:t})},doHook:function(r,o,e){var t;if(e=Array.prototype.slice.call(e,1),null!=gform.hooks[r][o]&&((o=gform.hooks[r][o]).sort(function(o,r){return o.priority-r.priority}),o.forEach(function(o){\"function\"!=typeof(t=o.callable)&&(t=window[t]),\"action\"==r?t.apply(null,e):e[0]=t.apply(null,e)})),\"filter\"==r)return e[0]},removeHook:function(o,r,t,n){var e;null!=gform.hooks[o][r]&&(e=(e=gform.hooks[o][r]).filter(function(o,r,e){return!!(null!=n&&n!=o.tag||null!=t&&t!=o.priority)}),gform.hooks[o][r]=e)}});\n\/* ]]> *\/\n<\/script>\n\n                <div class='gf_browser_gecko gform_wrapper gravity-theme gform-theme--no-framework' data-form-theme='gravity-theme' data-form-index='0' id='gform_wrapper_7' >\n                        <div class='gform_heading'>\n                            <p class='gform_description'><\/p>\n\t\t\t\t\t\t\t<p class='gform_required_legend'>\u201e<span class=\"gfield_required gfield_required_asterisk\">*<\/span>\u201c zeigt erforderliche Felder an<\/p>\n                        <\/div><form method='post' enctype='multipart\/form-data'  id='gform_7'  action='\/ch-de\/wp-json\/wp\/v2\/pages\/3409' data-formid='7' novalidate><div class='gf_invisible ginput_recaptchav3' data-sitekey='6LceguwrAAAAAHTt5UxFyTHZS_XmuzVLU8x30Kbs' data-tabindex='0'><input id=\"input_53cf657aad55dd047f742355282ac70f\" class=\"gfield_recaptcha_response\" type=\"hidden\" name=\"input_53cf657aad55dd047f742355282ac70f\" value=\"\"\/><\/div>\n                        <div class='gform-body gform_body'><div id='gform_fields_7' class='gform_fields top_label form_sublabel_below description_below validation_below'><div id=\"field_7_6\" class=\"gfield gfield--type-honeypot gform_validation_container field_sublabel_below gfield--has-description field_description_below field_validation_below gfield_visibility_visible\"  ><label class='gfield_label gform-field-label' for='input_7_6'>Email<\/label><div class='ginput_container'><input name='input_6' id='input_7_6' type='text' value='' autocomplete='new-password'\/><\/div><div class='gfield_description' id='gfield_description_7_6'>Dieses Feld dient zur Validierung und sollte nicht ver\u00e4ndert werden.<\/div><\/div><fieldset id=\"field_7_1\" class=\"gfield gfield--type-name gfield_contains_required field_sublabel_hidden_label gfield--no-description field_description_below field_validation_below gfield_visibility_visible\"  ><legend class='gfield_label gform-field-label gfield_label_before_complex' >Ihr vollst\u00e4ndiger Name<span class=\"gfield_required\"><span class=\"gfield_required gfield_required_asterisk\">*<\/span><\/span><\/legend><div class='ginput_complex ginput_container ginput_container--name no_prefix no_first_name no_middle_name has_last_name no_suffix gf_name_has_1 ginput_container_name gform-grid-row' id='input_7_1'>\n                            \n                            \n                            \n                            <span id='input_7_1_6_container' class='name_last gform-grid-col gform-grid-col--size-auto' >\n                                                    <input type='text' name='input_1.6' id='input_7_1_6' value=''   aria-required='true'     \/>\n                                                    <label for='input_7_1_6' class='gform-field-label gform-field-label--type-sub hidden_sub_label screen-reader-text'>Nachname<\/label>\n                                                <\/span>\n                            \n                        <\/div><\/fieldset><div id=\"field_7_3\" class=\"gfield gfield--type-email field_sublabel_below gfield--no-description field_description_below field_validation_below gfield_visibility_visible\"  ><label class='gfield_label gform-field-label' for='input_7_3'>E-mail<\/label><div class='ginput_container ginput_container_email'>\n                            <input name='input_3' id='input_7_3' type='email' value='' class='large'     aria-invalid=\"false\"  \/>\n                        <\/div><\/div><div id=\"field_7_5\" class=\"gfield gfield--type-textarea gfield--width-full field_sublabel_below gfield--no-description field_description_below field_validation_below gfield_visibility_visible\"  ><label class='gfield_label gform-field-label' for='input_7_5'>In zwei Worten: Warum m\u00f6chten Sie zu uns kommen?<\/label><div class='ginput_container ginput_container_textarea'><textarea name='input_5' id='input_7_5' class='textarea large'      aria-invalid=\"false\"   rows='10' cols='50'><\/textarea><\/div><\/div><div id=\"field_7_4\" class=\"gfield gfield--type-fileupload field_sublabel_below gfield--no-description field_description_below field_validation_below gfield_visibility_visible\"  ><label class='gfield_label gform-field-label' for='input_7_4'>Ihr Lebenslauf<\/label><div class='ginput_container ginput_container_fileupload'><input type='hidden' name='MAX_FILE_SIZE' value='34816000' \/><input name='input_4' id='input_7_4' type='file' class='large' aria-describedby=\"gfield_upload_rules_7_4\" onchange='javascript:gformValidateFileSize( this, 34816000 );'  \/><span class='gfield_description gform_fileupload_rules' id='gfield_upload_rules_7_4'>Max. Dateigr\u00f6\u00dfe: 33 MB.<\/span><div class='gfield_description validation_message gfield_validation_message validation_message--hidden-on-empty' id='live_validation_message_7_4'><\/div> <\/div><\/div><\/div><\/div>\n        <div class='gform-footer gform_footer top_label'> <input type='submit' id='gform_submit_button_7' class='gform_button button' onclick='gform.submission.handleButtonClick(this);' data-submission-type='submit' value='SENDEN'  \/> \n            <input type='hidden' class='gform_hidden' name='gform_submission_method' data-js='gform_submission_method_7' value='postback' \/>\n            <input type='hidden' class='gform_hidden' name='gform_theme' data-js='gform_theme_7' id='gform_theme_7' value='gravity-theme' \/>\n            <input type='hidden' class='gform_hidden' name='gform_style_settings' data-js='gform_style_settings_7' id='gform_style_settings_7' value='{&quot;inputPrimaryColor&quot;:&quot;#204ce5&quot;}' \/>\n            <input type='hidden' class='gform_hidden' name='is_submit_7' value='1' \/>\n            <input type='hidden' class='gform_hidden' name='gform_submit' value='7' \/>\n            \n            <input type='hidden' class='gform_hidden' name='gform_currency' data-currency='EUR' value='JeAD7dirbXwDqFJUXcOl0nW35oF\/81o375jarwj3onju0w\/UXrCEYH90He8PfdHv\/xH9e+KaiWdLJPe1Qyx0ste6br07Ga05PzqrQFv8dBGfv3Y=' \/>\n            <input type='hidden' class='gform_hidden' name='gform_unique_id' value='' \/>\n            <input type='hidden' class='gform_hidden' name='state_7' value='WyJbXSIsImVjNzJmM2Q5ZjllNjUxZDQwYzViNDhlYjA1OTE1N2IyIl0=' \/>\n            <input type='hidden' autocomplete='off' class='gform_hidden' name='gform_target_page_number_7' id='gform_target_page_number_7' value='0' \/>\n            <input type='hidden' autocomplete='off' class='gform_hidden' name='gform_source_page_number_7' id='gform_source_page_number_7' value='1' \/>\n            <input type='hidden' name='gform_field_values' value='' \/>\n            \n        <\/div>\n                        <\/form>\n                        <\/div><script type=\"text\/javascript\">\n\/* <![CDATA[ *\/\n gform.initializeOnLoaded( function() {gformInitSpinner( 7, 'https:\/\/clartan.com\/ch-de\/wp-content\/plugins\/gravityforms\/images\/spinner.svg', true );jQuery('#gform_ajax_frame_7').on('load',function(){var contents = jQuery(this).contents().find('*').html();var is_postback = contents.indexOf('GF_AJAX_POSTBACK') >= 0;if(!is_postback){return;}var form_content = jQuery(this).contents().find('#gform_wrapper_7');var is_confirmation = jQuery(this).contents().find('#gform_confirmation_wrapper_7').length > 0;var is_redirect = contents.indexOf('gformRedirect(){') >= 0;var is_form = form_content.length > 0 && ! is_redirect && ! is_confirmation;var mt = parseInt(jQuery('html').css('margin-top'), 10) + parseInt(jQuery('body').css('margin-top'), 10) + 100;if(is_form){jQuery('#gform_wrapper_7').html(form_content.html());if(form_content.hasClass('gform_validation_error')){jQuery('#gform_wrapper_7').addClass('gform_validation_error');} else {jQuery('#gform_wrapper_7').removeClass('gform_validation_error');}setTimeout( function() { \/* delay the scroll by 50 milliseconds to fix a bug in chrome *\/  }, 50 );if(window['gformInitDatepicker']) {gformInitDatepicker();}if(window['gformInitPriceFields']) {gformInitPriceFields();}var current_page = jQuery('#gform_source_page_number_7').val();gformInitSpinner( 7, 'https:\/\/clartan.com\/ch-de\/wp-content\/plugins\/gravityforms\/images\/spinner.svg', true );jQuery(document).trigger('gform_page_loaded', [7, current_page]);window['gf_submitting_7'] = false;}else if(!is_redirect){var confirmation_content = jQuery(this).contents().find('.GF_AJAX_POSTBACK').html();if(!confirmation_content){confirmation_content = contents;}jQuery('#gform_wrapper_7').replaceWith(confirmation_content);jQuery(document).trigger('gform_confirmation_loaded', [7]);window['gf_submitting_7'] = false;wp.a11y.speak(jQuery('#gform_confirmation_message_7').text());}else{jQuery('#gform_7').append(contents);if(window['gformRedirect']) {gformRedirect();}}jQuery(document).trigger(\"gform_pre_post_render\", [{ formId: \"7\", currentPage: \"current_page\", abort: function() { this.preventDefault(); } }]);        if (event && event.defaultPrevented) {                return;        }        const gformWrapperDiv = document.getElementById( \"gform_wrapper_7\" );        if ( gformWrapperDiv ) {            const visibilitySpan = document.createElement( \"span\" );            visibilitySpan.id = \"gform_visibility_test_7\";            gformWrapperDiv.insertAdjacentElement( \"afterend\", visibilitySpan );        }        const visibilityTestDiv = document.getElementById( \"gform_visibility_test_7\" );        let postRenderFired = false;        function triggerPostRender() {            if ( postRenderFired ) {                return;            }            postRenderFired = true;            gform.core.triggerPostRenderEvents( 7, current_page );            if ( visibilityTestDiv ) {                visibilityTestDiv.parentNode.removeChild( visibilityTestDiv );            }        }        function debounce( func, wait, immediate ) {            var timeout;            return function() {                var context = this, args = arguments;                var later = function() {                    timeout = null;                    if ( !immediate ) func.apply( context, args );                };                var callNow = immediate && !timeout;                clearTimeout( timeout );                timeout = setTimeout( later, wait );                if ( callNow ) func.apply( context, args );            };        }        const debouncedTriggerPostRender = debounce( function() {            triggerPostRender();        }, 200 );        if ( visibilityTestDiv && visibilityTestDiv.offsetParent === null ) {            const observer = new MutationObserver( ( mutations ) => {                mutations.forEach( ( mutation ) => {                    if ( mutation.type === 'attributes' && visibilityTestDiv.offsetParent !== null ) {                        debouncedTriggerPostRender();                        observer.disconnect();                    }                });            });            observer.observe( document.body, {                attributes: true,                childList: false,                subtree: true,                attributeFilter: [ 'style', 'class' ],            });        } else {            triggerPostRender();        }    } );} ); \n\/* ]]> *\/\n<\/script>\n<\/div>\n","protected":false},"excerpt":{"rendered":"<p>Das Team von Clartan Associ\u00e9s st\u00fctzt sich auf die Expertise seiner Partner und Mitarbeiter in den Bereichen Investitionen und Verm\u00f6gensverwaltung. Werden Sie Teil unseres Teams.<\/p>\n","protected":false},"author":2,"featured_media":0,"parent":3371,"menu_order":1,"comment_status":"closed","ping_status":"closed","template":"","meta":{"_acf_changed":false,"inline_featured_image":false,"footnotes":""},"class_list":["post-3409","page","type-page","status-publish","hentry"],"acf":[],"yoast_head":"<!-- This site is optimized with the Yoast SEO Premium plugin v26.2 (Yoast SEO v27.3) - https:\/\/yoast.com\/product\/yoast-seo-premium-wordpress\/ -->\n<title>Wir freuen uns auf Ihre Bewerbung - Clartan Associ\u00e9s<\/title>\n<meta name=\"description\" content=\"Das Team von Clartan Associ\u00e9s st\u00fctzt sich auf die Expertise seiner Partner und Mitarbeiter in den Bereichen Investitionen und Verm\u00f6gensverwaltung. Werden Sie Teil unseres Teams.\" \/>\n<meta name=\"robots\" content=\"index, follow, max-snippet:-1, max-image-preview:large, max-video-preview:-1\" \/>\n<link rel=\"canonical\" href=\"https:\/\/clartan.com\/ch-de\/clartan-associes\/wir-freuen-uns-auf-ihre-bewerbung\/\" \/>\n<meta property=\"og:locale\" content=\"de_DE\" \/>\n<meta property=\"og:type\" content=\"article\" \/>\n<meta property=\"og:title\" content=\"Wir freuen uns auf Ihre Bewerbung\" \/>\n<meta property=\"og:description\" content=\"Das Team von Clartan Associ\u00e9s st\u00fctzt sich auf die Expertise seiner Partner und Mitarbeiter in den Bereichen Investitionen und Verm\u00f6gensverwaltung. Werden Sie Teil unseres Teams.\" \/>\n<meta property=\"og:url\" content=\"https:\/\/clartan.com\/ch-de\/clartan-associes\/wir-freuen-uns-auf-ihre-bewerbung\/\" \/>\n<meta property=\"og:site_name\" content=\"Clartan Associ\u00e9s CH-DE\" \/>\n<meta property=\"article:modified_time\" content=\"2026-02-06T11:55:41+00:00\" \/>\n<meta property=\"og:image\" content=\"https:\/\/clartan.com\/ch-de\/wp-content\/uploads\/sites\/5\/2026\/03\/clartan-associes.jpg\" \/>\n\t<meta property=\"og:image:width\" content=\"1200\" \/>\n\t<meta property=\"og:image:height\" content=\"675\" \/>\n\t<meta property=\"og:image:type\" content=\"image\/jpeg\" \/>\n<meta name=\"twitter:card\" content=\"summary_large_image\" \/>\n<script type=\"application\/ld+json\" class=\"yoast-schema-graph\">{\"@context\":\"https:\\\/\\\/schema.org\",\"@graph\":[{\"@type\":\"WebPage\",\"@id\":\"https:\\\/\\\/clartan.com\\\/ch-de\\\/clartan-associes\\\/wir-freuen-uns-auf-ihre-bewerbung\\\/\",\"url\":\"https:\\\/\\\/clartan.com\\\/ch-de\\\/clartan-associes\\\/wir-freuen-uns-auf-ihre-bewerbung\\\/\",\"name\":\"Wir freuen uns auf Ihre Bewerbung - Clartan Associ\u00e9s\",\"isPartOf\":{\"@id\":\"https:\\\/\\\/www.clartan.com\\\/ch-de\\\/#website\"},\"primaryImageOfPage\":{\"@id\":\"https:\\\/\\\/clartan.com\\\/ch-de\\\/clartan-associes\\\/wir-freuen-uns-auf-ihre-bewerbung\\\/#primaryimage\"},\"image\":{\"@id\":\"https:\\\/\\\/clartan.com\\\/ch-de\\\/clartan-associes\\\/wir-freuen-uns-auf-ihre-bewerbung\\\/#primaryimage\"},\"thumbnailUrl\":\"https:\\\/\\\/clartan.com\\\/fr\\\/wp-content\\\/uploads\\\/2025\\\/11\\\/pistil-02-orange-1036x583.jpg\",\"datePublished\":\"2022-03-17T16:47:34+00:00\",\"dateModified\":\"2026-02-06T11:55:41+00:00\",\"description\":\"Das Team von Clartan Associ\u00e9s st\u00fctzt sich auf die Expertise seiner Partner und Mitarbeiter in den Bereichen Investitionen und Verm\u00f6gensverwaltung. Werden Sie Teil unseres Teams.\",\"breadcrumb\":{\"@id\":\"https:\\\/\\\/clartan.com\\\/ch-de\\\/clartan-associes\\\/wir-freuen-uns-auf-ihre-bewerbung\\\/#breadcrumb\"},\"inLanguage\":\"de\",\"potentialAction\":[{\"@type\":\"ReadAction\",\"target\":[\"https:\\\/\\\/clartan.com\\\/ch-de\\\/clartan-associes\\\/wir-freuen-uns-auf-ihre-bewerbung\\\/\"]}]},{\"@type\":\"ImageObject\",\"inLanguage\":\"de\",\"@id\":\"https:\\\/\\\/clartan.com\\\/ch-de\\\/clartan-associes\\\/wir-freuen-uns-auf-ihre-bewerbung\\\/#primaryimage\",\"url\":\"https:\\\/\\\/clartan.com\\\/fr\\\/wp-content\\\/uploads\\\/2025\\\/11\\\/pistil-02-orange-1036x583.jpg\",\"contentUrl\":\"https:\\\/\\\/clartan.com\\\/fr\\\/wp-content\\\/uploads\\\/2025\\\/11\\\/pistil-02-orange-1036x583.jpg\"},{\"@type\":\"BreadcrumbList\",\"@id\":\"https:\\\/\\\/clartan.com\\\/ch-de\\\/clartan-associes\\\/wir-freuen-uns-auf-ihre-bewerbung\\\/#breadcrumb\",\"itemListElement\":[{\"@type\":\"ListItem\",\"position\":1,\"name\":\"Accueil\",\"item\":\"https:\\\/\\\/clartan.com\\\/ch-de\\\/\"},{\"@type\":\"ListItem\",\"position\":2,\"name\":\"Clartan Associ\u00e9s\",\"item\":\"https:\\\/\\\/clartan.com\\\/ch-de\\\/clartan-associes\\\/\"},{\"@type\":\"ListItem\",\"position\":3,\"name\":\"Wir freuen uns auf Ihre Bewerbung\"}]},{\"@type\":\"WebSite\",\"@id\":\"https:\\\/\\\/www.clartan.com\\\/ch-de\\\/#website\",\"url\":\"https:\\\/\\\/www.clartan.com\\\/ch-de\\\/\",\"name\":\"Clartan Associ\u00e9s CH-DE\",\"description\":\"Quality &amp; Value\",\"publisher\":{\"@id\":\"https:\\\/\\\/www.clartan.com\\\/ch-de\\\/#organization\"},\"potentialAction\":[{\"@type\":\"SearchAction\",\"target\":{\"@type\":\"EntryPoint\",\"urlTemplate\":\"https:\\\/\\\/www.clartan.com\\\/ch-de\\\/?s={search_term_string}\"},\"query-input\":{\"@type\":\"PropertyValueSpecification\",\"valueRequired\":true,\"valueName\":\"search_term_string\"}}],\"inLanguage\":\"de\"},{\"@type\":\"Organization\",\"@id\":\"https:\\\/\\\/www.clartan.com\\\/ch-de\\\/#organization\",\"name\":\"Clartan Associ\u00e9s\",\"url\":\"https:\\\/\\\/www.clartan.com\\\/ch-de\\\/\",\"logo\":{\"@type\":\"ImageObject\",\"inLanguage\":\"de\",\"@id\":\"https:\\\/\\\/www.clartan.com\\\/ch-de\\\/#\\\/schema\\\/logo\\\/image\\\/\",\"url\":\"https:\\\/\\\/clartan.com\\\/ch-de\\\/wp-content\\\/uploads\\\/sites\\\/5\\\/2026\\\/01\\\/cropped-cropped-Favicon-2.png\",\"contentUrl\":\"https:\\\/\\\/clartan.com\\\/ch-de\\\/wp-content\\\/uploads\\\/sites\\\/5\\\/2026\\\/01\\\/cropped-cropped-Favicon-2.png\",\"width\":512,\"height\":512,\"caption\":\"Clartan Associ\u00e9s\"},\"image\":{\"@id\":\"https:\\\/\\\/www.clartan.com\\\/ch-de\\\/#\\\/schema\\\/logo\\\/image\\\/\"}}]}<\/script>\n<!-- \/ Yoast SEO Premium plugin. -->","yoast_head_json":{"title":"Wir freuen uns auf Ihre Bewerbung - Clartan Associ\u00e9s","description":"Das Team von Clartan Associ\u00e9s st\u00fctzt sich auf die Expertise seiner Partner und Mitarbeiter in den Bereichen Investitionen und Verm\u00f6gensverwaltung. Werden Sie Teil unseres Teams.","robots":{"index":"index","follow":"follow","max-snippet":"max-snippet:-1","max-image-preview":"max-image-preview:large","max-video-preview":"max-video-preview:-1"},"canonical":"https:\/\/clartan.com\/ch-de\/clartan-associes\/wir-freuen-uns-auf-ihre-bewerbung\/","og_locale":"de_DE","og_type":"article","og_title":"Wir freuen uns auf Ihre Bewerbung","og_description":"Das Team von Clartan Associ\u00e9s st\u00fctzt sich auf die Expertise seiner Partner und Mitarbeiter in den Bereichen Investitionen und Verm\u00f6gensverwaltung. Werden Sie Teil unseres Teams.","og_url":"https:\/\/clartan.com\/ch-de\/clartan-associes\/wir-freuen-uns-auf-ihre-bewerbung\/","og_site_name":"Clartan Associ\u00e9s CH-DE","article_modified_time":"2026-02-06T11:55:41+00:00","og_image":[{"width":1200,"height":675,"url":"https:\/\/clartan.com\/ch-de\/wp-content\/uploads\/sites\/5\/2026\/03\/clartan-associes.jpg","type":"image\/jpeg"}],"twitter_card":"summary_large_image","schema":{"@context":"https:\/\/schema.org","@graph":[{"@type":"WebPage","@id":"https:\/\/clartan.com\/ch-de\/clartan-associes\/wir-freuen-uns-auf-ihre-bewerbung\/","url":"https:\/\/clartan.com\/ch-de\/clartan-associes\/wir-freuen-uns-auf-ihre-bewerbung\/","name":"Wir freuen uns auf Ihre Bewerbung - Clartan Associ\u00e9s","isPartOf":{"@id":"https:\/\/www.clartan.com\/ch-de\/#website"},"primaryImageOfPage":{"@id":"https:\/\/clartan.com\/ch-de\/clartan-associes\/wir-freuen-uns-auf-ihre-bewerbung\/#primaryimage"},"image":{"@id":"https:\/\/clartan.com\/ch-de\/clartan-associes\/wir-freuen-uns-auf-ihre-bewerbung\/#primaryimage"},"thumbnailUrl":"https:\/\/clartan.com\/fr\/wp-content\/uploads\/2025\/11\/pistil-02-orange-1036x583.jpg","datePublished":"2022-03-17T16:47:34+00:00","dateModified":"2026-02-06T11:55:41+00:00","description":"Das Team von Clartan Associ\u00e9s st\u00fctzt sich auf die Expertise seiner Partner und Mitarbeiter in den Bereichen Investitionen und Verm\u00f6gensverwaltung. Werden Sie Teil unseres Teams.","breadcrumb":{"@id":"https:\/\/clartan.com\/ch-de\/clartan-associes\/wir-freuen-uns-auf-ihre-bewerbung\/#breadcrumb"},"inLanguage":"de","potentialAction":[{"@type":"ReadAction","target":["https:\/\/clartan.com\/ch-de\/clartan-associes\/wir-freuen-uns-auf-ihre-bewerbung\/"]}]},{"@type":"ImageObject","inLanguage":"de","@id":"https:\/\/clartan.com\/ch-de\/clartan-associes\/wir-freuen-uns-auf-ihre-bewerbung\/#primaryimage","url":"https:\/\/clartan.com\/fr\/wp-content\/uploads\/2025\/11\/pistil-02-orange-1036x583.jpg","contentUrl":"https:\/\/clartan.com\/fr\/wp-content\/uploads\/2025\/11\/pistil-02-orange-1036x583.jpg"},{"@type":"BreadcrumbList","@id":"https:\/\/clartan.com\/ch-de\/clartan-associes\/wir-freuen-uns-auf-ihre-bewerbung\/#breadcrumb","itemListElement":[{"@type":"ListItem","position":1,"name":"Accueil","item":"https:\/\/clartan.com\/ch-de\/"},{"@type":"ListItem","position":2,"name":"Clartan Associ\u00e9s","item":"https:\/\/clartan.com\/ch-de\/clartan-associes\/"},{"@type":"ListItem","position":3,"name":"Wir freuen uns auf Ihre Bewerbung"}]},{"@type":"WebSite","@id":"https:\/\/www.clartan.com\/ch-de\/#website","url":"https:\/\/www.clartan.com\/ch-de\/","name":"Clartan Associ\u00e9s CH-DE","description":"Quality &amp; Value","publisher":{"@id":"https:\/\/www.clartan.com\/ch-de\/#organization"},"potentialAction":[{"@type":"SearchAction","target":{"@type":"EntryPoint","urlTemplate":"https:\/\/www.clartan.com\/ch-de\/?s={search_term_string}"},"query-input":{"@type":"PropertyValueSpecification","valueRequired":true,"valueName":"search_term_string"}}],"inLanguage":"de"},{"@type":"Organization","@id":"https:\/\/www.clartan.com\/ch-de\/#organization","name":"Clartan Associ\u00e9s","url":"https:\/\/www.clartan.com\/ch-de\/","logo":{"@type":"ImageObject","inLanguage":"de","@id":"https:\/\/www.clartan.com\/ch-de\/#\/schema\/logo\/image\/","url":"https:\/\/clartan.com\/ch-de\/wp-content\/uploads\/sites\/5\/2026\/01\/cropped-cropped-Favicon-2.png","contentUrl":"https:\/\/clartan.com\/ch-de\/wp-content\/uploads\/sites\/5\/2026\/01\/cropped-cropped-Favicon-2.png","width":512,"height":512,"caption":"Clartan Associ\u00e9s"},"image":{"@id":"https:\/\/www.clartan.com\/ch-de\/#\/schema\/logo\/image\/"}}]}},"_links":{"self":[{"href":"https:\/\/clartan.com\/ch-de\/wp-json\/wp\/v2\/pages\/3409","targetHints":{"allow":["GET"]}}],"collection":[{"href":"https:\/\/clartan.com\/ch-de\/wp-json\/wp\/v2\/pages"}],"about":[{"href":"https:\/\/clartan.com\/ch-de\/wp-json\/wp\/v2\/types\/page"}],"author":[{"embeddable":true,"href":"https:\/\/clartan.com\/ch-de\/wp-json\/wp\/v2\/users\/2"}],"replies":[{"embeddable":true,"href":"https:\/\/clartan.com\/ch-de\/wp-json\/wp\/v2\/comments?post=3409"}],"version-history":[{"count":1,"href":"https:\/\/clartan.com\/ch-de\/wp-json\/wp\/v2\/pages\/3409\/revisions"}],"predecessor-version":[{"id":3418,"href":"https:\/\/clartan.com\/ch-de\/wp-json\/wp\/v2\/pages\/3409\/revisions\/3418"}],"up":[{"embeddable":true,"href":"https:\/\/clartan.com\/ch-de\/wp-json\/wp\/v2\/pages\/3371"}],"wp:attachment":[{"href":"https:\/\/clartan.com\/ch-de\/wp-json\/wp\/v2\/media?parent=3409"}],"curies":[{"name":"wp","href":"https:\/\/api.w.org\/{rel}","templated":true}]}}