{"id":127,"date":"2022-03-17T17:50:42","date_gmt":"2022-03-17T16:50:42","guid":{"rendered":"http:\/\/staging-clartan.plp.fr\/ch\/?page_id=127"},"modified":"2025-05-19T16:11:03","modified_gmt":"2025-05-19T14:11:03","slug":"mentions-legales","status":"publish","type":"page","link":"https:\/\/clartan.com\/ch-fr\/annexes\/mentions-legales\/","title":{"rendered":"Mentions l\u00e9gales"},"content":{"rendered":"\n<h2 class=\"wp-block-heading\" id=\"h-1-informations-juridiques-concernant-la-societe\">1- Informations juridiques concernant la soci\u00e9t\u00e9<\/h2>\n\n\n\n<p>Clartan Associ\u00e9s, SAS au capital de 2 186 223 \u20ac<\/p>\n\n\n\n<p>Num\u00e9ro SIRET : 339 485 161 00097<\/p>\n\n\n\n<p>Si\u00e8ge social : 11, avenue Myron Herrick 75008 Paris<\/p>\n\n\n\n<p>Soci\u00e9t\u00e9 de gestion de portefeuille agr\u00e9\u00e9e par l&rsquo;AMF le 27 juillet 1990 sous le n\u00b0 GP 90095<\/p>\n\n\n\n<h3 class=\"wp-block-heading\" id=\"h-clartan-com\">clartan.com<\/h3>\n\n\n\n<p><a href=\"https:\/\/clartan.com\/fr\/\">clartan.com<\/a>\u00a0est con\u00e7u par l&rsquo;agence PLP et h\u00e9berg\u00e9 par OVH.<\/p>\n\n\n\n<p>Point Ligne Plan :<\/p>\n\n\n\n<ul class=\"wp-block-list\">\n<li>Site web :\u00a0<a href=\"https:\/\/plp.fr\/\" target=\"_blank\" rel=\"noreferrer noopener\">plp<\/a><a href=\"https:\/\/www.pointligneplan.fr\/\">.fr<\/a><\/li>\n\n\n\n<li>Adresse : 110 rue de la Jonqui\u00e8re 75017 Paris<\/li>\n\n\n\n<li>Mail :\u00a0<a href=\"mailto:contact@pointligneplan.fr\">contact@<\/a><a href=\"mailto:contact@plp.fr\">plp<\/a><a href=\"mailto:contact@plp.fr\" target=\"_blank\" rel=\"noreferrer noopener\">.fr<\/a><\/li>\n<\/ul>\n\n\n\n<p>OVH :<\/p>\n\n\n\n<ul class=\"wp-block-list\">\n<li>Site web :&nbsp;<a href=\"https:\/\/www.ovhcloud.com\/fr\/\">ovh.com<\/a><\/li>\n\n\n\n<li>Adresse : 2 rue Kellermann 59100 Roubaix<\/li>\n\n\n\n<li>T\u00e9l\u00e9phone : 10 07<\/li>\n\n\n\n<li>Mail :&nbsp;<a href=\"mailto:sales@ovh.net\">sales@ovh.net<\/a><\/li>\n<\/ul>\n\n\n\n<h3 class=\"wp-block-heading\" id=\"h-secure-clartan-com\">secure.clartan.com<\/h3>\n\n\n\n<h2 class=\"wp-block-heading\" id=\"h-2-objectif-du-site\">2- Objectif du site<\/h2>\n\n\n\n<p>Le site&nbsp;<a href=\"https:\/\/clartan.com\/fr\/\">clartan.com<\/a>&nbsp;a pour objet de fournir des informations sur la soci\u00e9t\u00e9 Clartan Associ\u00e9s. Le visiteur reconna\u00eet avoir eu la possibilit\u00e9 de prendre connaissance des mentions l\u00e9gales en naviguant dans le site. Clartan Associ\u00e9s ne garantit pas l&rsquo;exactitude ou l&rsquo;exhaustivit\u00e9 des informations mises \u00e0 sa disposition sur ce site.<br>Il ne s\u2019agit pas d\u2019un site transactionnel.<br>Les informations contenues dans le pr\u00e9sent site ne constituent ni une offre de produits ou de services pouvant \u00eatre assimil\u00e9es \u00e0 un appel public \u00e0 l\u2019\u00e9pargne ou une quelconque activit\u00e9 de&nbsp; d\u00e9marchage ou de sollicitation \u00e0 l\u2019achat ou \u00e0 la vente d\u2019OPCVM ou de tout autre produit de gestion ou d\u2019investissement.<br>Toute information diffus\u00e9e pourra \u00e0 tout moment \u00eatre modifi\u00e9e par Clartan Associ\u00e9s en conformit\u00e9 avec la r\u00e9glementation.<\/p>\n\n\n\n<h2 class=\"wp-block-heading\" id=\"h-3-performances\">3- Performances<\/h2>\n\n\n\n<p>Les performances pass\u00e9es ne pr\u00e9jugent pas des performances futures et ne sont pas constantes dans le temps.<\/p>\n\n\n\n<h2 class=\"wp-block-heading\" id=\"h-4-politique-de-protection-des-donnees-a-caractere-personnel\">4- Politique de protection des donn\u00e9es \u00e0 caract\u00e8re personnel :<\/h2>\n\n\n\n<p>Clartan Associ\u00e9s est susceptible d\u2019utiliser tout ou partie des donn\u00e9es personnelles des personnes concern\u00e9es dans le but de proposer des produits et services adapt\u00e9s au bon fonctionnement de son activit\u00e9. Clartan Associ\u00e9s s\u2019engage \u00e0 conserver les donn\u00e9es personnelles collect\u00e9es pendant la dur\u00e9e n\u00e9cessaire, \u00e0 respecter ses obligations l\u00e9gales et prend toutes les mesures de s\u00e9curit\u00e9 utiles afin de prot\u00e9ger les donn\u00e9es personnelles contre toute violation. Pour plus de d\u00e9tails, veuillez consulter notre politique de protection des donn\u00e9es \u00e0 caract\u00e8re personnel dans la section \u00ab <a href=\"https:\/\/clartan.com\/fr\/annexes\/documentation-reglementaire-et-legale\/\">Documentation r\u00e9glementaire<\/a> \u00bb du site internet.<\/p>\n\n\n\n<h2 class=\"wp-block-heading\" id=\"h-5-mise-en-garde-et-restrictions-d-acces-au-site\">5- Mise en garde et Restrictions d&rsquo;acc\u00e8s au site<\/h2>\n\n\n\n<p>L&rsquo;acc\u00e8s aux produits et services pr\u00e9sent\u00e9s sur le site peut faire l&rsquo;objet de restrictions \u00e0 l&rsquo;\u00e9gard de certaines personnes ou de certains pays, et notamment \u00e0 l&rsquo;\u00e9gard des investisseurs des Etats-Unis et du Royaume-Uni qui sont soumis \u00e0 une l\u00e9gislation sp\u00e9cifique. En outre, les OPCVM pr\u00e9sent\u00e9s sur ce site ne peuvent \u00eatre souscrits que dans les juridictions dans lesquelles leur commercialisation et leur promotion sont autoris\u00e9es.<br>Clartan Associ\u00e9s conseille \u00e0 toute personne int\u00e9ress\u00e9e de s&rsquo;assurer pr\u00e9alablement aupr\u00e8s de ses conseils qu&rsquo;elle est juridiquement autoris\u00e9e \u00e0 souscrire des produits et\/ou des services pr\u00e9sent\u00e9s sur le site.<\/p>\n\n\n\n<h2 class=\"wp-block-heading\" id=\"h-6-propriete-intellectuelle\">6- Propri\u00e9t\u00e9 intellectuelle<\/h2>\n\n\n\n<p>Les droits de propri\u00e9t\u00e9 intellectuelle sur les documents contenus dans le site et chacun des \u00e9l\u00e9ments cr\u00e9\u00e9s pour ce site sont la propri\u00e9t\u00e9 exclusive de Clartan Associ\u00e9s.<br>La reproduction de tous documents publi\u00e9s sur le site est seulement autoris\u00e9e aux fins exclusives d&rsquo;information pour un usage personnel et priv\u00e9, toute reproduction et toute utilisation de copies r\u00e9alis\u00e9es \u00e0 d&rsquo;autres fins est express\u00e9ment interdite. Ce site a fait l&rsquo;objet d&rsquo;une d\u00e9claration \u00e0 la Commission Nationale de l&rsquo;Informatique et des Libert\u00e9s, en application des dispositions de la loi fran\u00e7aise du 6 janvier 1978. Conform\u00e9ment \u00e0 cette loi, vous disposez d&rsquo;un droit d&rsquo;acc\u00e8s, de rectification et de retrait des donn\u00e9es personnelles vous concernant. Pour exercer vos droits, il vous suffit d&rsquo;\u00e9crire \u00e0 l&rsquo;adresse suivante :<br>Clartan Associ\u00e9s<br>11, avenue Myron Herrick<br>75008 Paris<\/p>\n","protected":false},"excerpt":{"rendered":"<p>1- Informations juridiques concernant la soci\u00e9t\u00e9 Clartan Associ\u00e9s, SAS au capital de 2 186 223 \u20ac Num\u00e9ro SIRET : 339 485 161 00097 Si\u00e8ge social : 11, avenue Myron Herrick 75008 Paris Soci\u00e9t\u00e9 de gestion de portefeuille agr\u00e9\u00e9e par l&rsquo;AMF le 27 juillet 1990 sous le n\u00b0 GP 90095 clartan.com clartan.com\u00a0est con\u00e7u par l&rsquo;agence PLP [&hellip;]<\/p>\n","protected":false},"author":3,"featured_media":0,"parent":119,"menu_order":4,"comment_status":"closed","ping_status":"closed","template":"","meta":{"_acf_changed":false,"inline_featured_image":false,"footnotes":""},"class_list":["post-127","page","type-page","status-publish","hentry"],"acf":[],"yoast_head":"<!-- This site is optimized with the Yoast SEO Premium plugin v26.2 (Yoast SEO v27.3) - https:\/\/yoast.com\/product\/yoast-seo-premium-wordpress\/ -->\n<title>Mentions l\u00e9gales - Clartan Associ\u00e9s<\/title>\n<meta name=\"robots\" content=\"index, follow, max-snippet:-1, max-image-preview:large, max-video-preview:-1\" \/>\n<link rel=\"canonical\" href=\"https:\/\/clartan.com\/ch-fr\/annexes\/mentions-legales\/\" \/>\n<meta property=\"og:locale\" content=\"fr_FR\" \/>\n<meta property=\"og:type\" content=\"article\" \/>\n<meta property=\"og:title\" content=\"Mentions l\u00e9gales\" \/>\n<meta property=\"og:description\" content=\"1- Informations juridiques concernant la soci\u00e9t\u00e9 Clartan Associ\u00e9s, SAS au capital de 2 186 223 \u20ac Num\u00e9ro SIRET : 339 485 161 00097 Si\u00e8ge social : 11, avenue Myron Herrick 75008 Paris Soci\u00e9t\u00e9 de gestion de portefeuille agr\u00e9\u00e9e par l&rsquo;AMF le 27 juillet 1990 sous le n\u00b0 GP 90095 clartan.com clartan.com\u00a0est con\u00e7u par l&rsquo;agence PLP [&hellip;]\" \/>\n<meta property=\"og:url\" content=\"https:\/\/clartan.com\/ch-fr\/annexes\/mentions-legales\/\" \/>\n<meta property=\"og:site_name\" content=\"Clartan Associ\u00e9s CH-FR\" \/>\n<meta property=\"article:modified_time\" content=\"2025-05-19T14:11:03+00:00\" \/>\n<meta property=\"og:image\" content=\"https:\/\/clartan.com\/ch-fr\/wp-content\/uploads\/sites\/3\/2026\/03\/clartan-associes.jpg\" \/>\n\t<meta property=\"og:image:width\" content=\"1200\" \/>\n\t<meta property=\"og:image:height\" content=\"675\" \/>\n\t<meta property=\"og:image:type\" content=\"image\/jpeg\" \/>\n<meta name=\"twitter:card\" content=\"summary_large_image\" \/>\n<script type=\"application\/ld+json\" class=\"yoast-schema-graph\">{\"@context\":\"https:\\\/\\\/schema.org\",\"@graph\":[{\"@type\":\"WebPage\",\"@id\":\"https:\\\/\\\/clartan.com\\\/ch-fr\\\/annexes\\\/mentions-legales\\\/\",\"url\":\"https:\\\/\\\/clartan.com\\\/ch-fr\\\/annexes\\\/mentions-legales\\\/\",\"name\":\"Mentions l\u00e9gales - Clartan Associ\u00e9s\",\"isPartOf\":{\"@id\":\"https:\\\/\\\/clartan.com\\\/ch-fr\\\/#website\"},\"datePublished\":\"2022-03-17T16:50:42+00:00\",\"dateModified\":\"2025-05-19T14:11:03+00:00\",\"breadcrumb\":{\"@id\":\"https:\\\/\\\/clartan.com\\\/ch-fr\\\/annexes\\\/mentions-legales\\\/#breadcrumb\"},\"inLanguage\":\"fr-FR\",\"potentialAction\":[{\"@type\":\"ReadAction\",\"target\":[\"https:\\\/\\\/clartan.com\\\/ch-fr\\\/annexes\\\/mentions-legales\\\/\"]}]},{\"@type\":\"BreadcrumbList\",\"@id\":\"https:\\\/\\\/clartan.com\\\/ch-fr\\\/annexes\\\/mentions-legales\\\/#breadcrumb\",\"itemListElement\":[{\"@type\":\"ListItem\",\"position\":1,\"name\":\"Accueil\",\"item\":\"https:\\\/\\\/clartan.com\\\/ch-fr\\\/\"},{\"@type\":\"ListItem\",\"position\":2,\"name\":\"Annexes\",\"item\":\"https:\\\/\\\/clartan.com\\\/ch-fr\\\/annexes\\\/\"},{\"@type\":\"ListItem\",\"position\":3,\"name\":\"Mentions l\u00e9gales\"}]},{\"@type\":\"WebSite\",\"@id\":\"https:\\\/\\\/clartan.com\\\/ch-fr\\\/#website\",\"url\":\"https:\\\/\\\/clartan.com\\\/ch-fr\\\/\",\"name\":\"Clartan Associ\u00e9s CH-FR\",\"description\":\"Quality &amp; Value\",\"publisher\":{\"@id\":\"https:\\\/\\\/clartan.com\\\/ch-fr\\\/#organization\"},\"potentialAction\":[{\"@type\":\"SearchAction\",\"target\":{\"@type\":\"EntryPoint\",\"urlTemplate\":\"https:\\\/\\\/clartan.com\\\/ch-fr\\\/?s={search_term_string}\"},\"query-input\":{\"@type\":\"PropertyValueSpecification\",\"valueRequired\":true,\"valueName\":\"search_term_string\"}}],\"inLanguage\":\"fr-FR\"},{\"@type\":\"Organization\",\"@id\":\"https:\\\/\\\/clartan.com\\\/ch-fr\\\/#organization\",\"name\":\"Clartan Associ\u00e9s\",\"url\":\"https:\\\/\\\/clartan.com\\\/ch-fr\\\/\",\"logo\":{\"@type\":\"ImageObject\",\"inLanguage\":\"fr-FR\",\"@id\":\"https:\\\/\\\/clartan.com\\\/ch-fr\\\/#\\\/schema\\\/logo\\\/image\\\/\",\"url\":\"https:\\\/\\\/clartan.com\\\/ch-fr\\\/wp-content\\\/uploads\\\/sites\\\/3\\\/2026\\\/01\\\/cropped-cropped-Favicon-2.png\",\"contentUrl\":\"https:\\\/\\\/clartan.com\\\/ch-fr\\\/wp-content\\\/uploads\\\/sites\\\/3\\\/2026\\\/01\\\/cropped-cropped-Favicon-2.png\",\"width\":512,\"height\":512,\"caption\":\"Clartan Associ\u00e9s\"},\"image\":{\"@id\":\"https:\\\/\\\/clartan.com\\\/ch-fr\\\/#\\\/schema\\\/logo\\\/image\\\/\"}}]}<\/script>\n<!-- \/ Yoast SEO Premium plugin. -->","yoast_head_json":{"title":"Mentions l\u00e9gales - Clartan Associ\u00e9s","robots":{"index":"index","follow":"follow","max-snippet":"max-snippet:-1","max-image-preview":"max-image-preview:large","max-video-preview":"max-video-preview:-1"},"canonical":"https:\/\/clartan.com\/ch-fr\/annexes\/mentions-legales\/","og_locale":"fr_FR","og_type":"article","og_title":"Mentions l\u00e9gales","og_description":"1- Informations juridiques concernant la soci\u00e9t\u00e9 Clartan Associ\u00e9s, SAS au capital de 2 186 223 \u20ac Num\u00e9ro SIRET : 339 485 161 00097 Si\u00e8ge social : 11, avenue Myron Herrick 75008 Paris Soci\u00e9t\u00e9 de gestion de portefeuille agr\u00e9\u00e9e par l&rsquo;AMF le 27 juillet 1990 sous le n\u00b0 GP 90095 clartan.com clartan.com\u00a0est con\u00e7u par l&rsquo;agence PLP [&hellip;]","og_url":"https:\/\/clartan.com\/ch-fr\/annexes\/mentions-legales\/","og_site_name":"Clartan Associ\u00e9s CH-FR","article_modified_time":"2025-05-19T14:11:03+00:00","og_image":[{"width":1200,"height":675,"url":"https:\/\/clartan.com\/ch-fr\/wp-content\/uploads\/sites\/3\/2026\/03\/clartan-associes.jpg","type":"image\/jpeg"}],"twitter_card":"summary_large_image","schema":{"@context":"https:\/\/schema.org","@graph":[{"@type":"WebPage","@id":"https:\/\/clartan.com\/ch-fr\/annexes\/mentions-legales\/","url":"https:\/\/clartan.com\/ch-fr\/annexes\/mentions-legales\/","name":"Mentions l\u00e9gales - Clartan Associ\u00e9s","isPartOf":{"@id":"https:\/\/clartan.com\/ch-fr\/#website"},"datePublished":"2022-03-17T16:50:42+00:00","dateModified":"2025-05-19T14:11:03+00:00","breadcrumb":{"@id":"https:\/\/clartan.com\/ch-fr\/annexes\/mentions-legales\/#breadcrumb"},"inLanguage":"fr-FR","potentialAction":[{"@type":"ReadAction","target":["https:\/\/clartan.com\/ch-fr\/annexes\/mentions-legales\/"]}]},{"@type":"BreadcrumbList","@id":"https:\/\/clartan.com\/ch-fr\/annexes\/mentions-legales\/#breadcrumb","itemListElement":[{"@type":"ListItem","position":1,"name":"Accueil","item":"https:\/\/clartan.com\/ch-fr\/"},{"@type":"ListItem","position":2,"name":"Annexes","item":"https:\/\/clartan.com\/ch-fr\/annexes\/"},{"@type":"ListItem","position":3,"name":"Mentions l\u00e9gales"}]},{"@type":"WebSite","@id":"https:\/\/clartan.com\/ch-fr\/#website","url":"https:\/\/clartan.com\/ch-fr\/","name":"Clartan Associ\u00e9s CH-FR","description":"Quality &amp; Value","publisher":{"@id":"https:\/\/clartan.com\/ch-fr\/#organization"},"potentialAction":[{"@type":"SearchAction","target":{"@type":"EntryPoint","urlTemplate":"https:\/\/clartan.com\/ch-fr\/?s={search_term_string}"},"query-input":{"@type":"PropertyValueSpecification","valueRequired":true,"valueName":"search_term_string"}}],"inLanguage":"fr-FR"},{"@type":"Organization","@id":"https:\/\/clartan.com\/ch-fr\/#organization","name":"Clartan Associ\u00e9s","url":"https:\/\/clartan.com\/ch-fr\/","logo":{"@type":"ImageObject","inLanguage":"fr-FR","@id":"https:\/\/clartan.com\/ch-fr\/#\/schema\/logo\/image\/","url":"https:\/\/clartan.com\/ch-fr\/wp-content\/uploads\/sites\/3\/2026\/01\/cropped-cropped-Favicon-2.png","contentUrl":"https:\/\/clartan.com\/ch-fr\/wp-content\/uploads\/sites\/3\/2026\/01\/cropped-cropped-Favicon-2.png","width":512,"height":512,"caption":"Clartan Associ\u00e9s"},"image":{"@id":"https:\/\/clartan.com\/ch-fr\/#\/schema\/logo\/image\/"}}]}},"_links":{"self":[{"href":"https:\/\/clartan.com\/ch-fr\/wp-json\/wp\/v2\/pages\/127","targetHints":{"allow":["GET"]}}],"collection":[{"href":"https:\/\/clartan.com\/ch-fr\/wp-json\/wp\/v2\/pages"}],"about":[{"href":"https:\/\/clartan.com\/ch-fr\/wp-json\/wp\/v2\/types\/page"}],"author":[{"embeddable":true,"href":"https:\/\/clartan.com\/ch-fr\/wp-json\/wp\/v2\/users\/3"}],"replies":[{"embeddable":true,"href":"https:\/\/clartan.com\/ch-fr\/wp-json\/wp\/v2\/comments?post=127"}],"version-history":[{"count":5,"href":"https:\/\/clartan.com\/ch-fr\/wp-json\/wp\/v2\/pages\/127\/revisions"}],"predecessor-version":[{"id":3958,"href":"https:\/\/clartan.com\/ch-fr\/wp-json\/wp\/v2\/pages\/127\/revisions\/3958"}],"up":[{"embeddable":true,"href":"https:\/\/clartan.com\/ch-fr\/wp-json\/wp\/v2\/pages\/119"}],"wp:attachment":[{"href":"https:\/\/clartan.com\/ch-fr\/wp-json\/wp\/v2\/media?parent=127"}],"curies":[{"name":"wp","href":"https:\/\/api.w.org\/{rel}","templated":true}]}}