{"id":4228,"date":"2022-03-17T17:24:25","date_gmt":"2022-03-17T16:24:25","guid":{"rendered":"https:\/\/new.clartan.com\/ch-fr\/societe\/belgique\/"},"modified":"2022-03-17T17:24:25","modified_gmt":"2022-03-17T16:24:25","slug":"belgique","status":"publish","type":"page","link":"https:\/\/clartan.com\/ch-fr\/societe\/belgique\/","title":{"rendered":"Belgique"},"content":{"rendered":"\n<section class=\"wp-block-cover alignfull relative overflow-hidden hero bottom-curved-border\"><img decoding=\"async\" class=\"wp-block-cover__image-background wp-image-10266 size-large\" alt=\"\" src=\"https:\/\/clartan.com\/fr\/wp-content\/uploads\/2025\/11\/paris-01-orange-1036x583.jpg\" data-object-fit=\"cover\"\/><span aria-hidden=\"true\" class=\"wp-block-cover__background has-background-dim-30 has-background-dim wp-block-cover__gradient-background has-background-gradient has-header-vin-gradient-background\"><\/span><div class=\"wp-block-cover__inner-container has-global-padding is-layout-constrained wp-block-cover-is-layout-constrained\">\n<div class=\"wp-block-group is-layout-flow wp-container-core-group-is-layout-aee4e5c6 wp-block-group-is-layout-flow\" style=\"margin-top:var(--wp--preset--spacing--60);margin-bottom:var(--wp--preset--spacing--60)\">\n<div class=\"wp-block-group is-vertical is-content-justification-center is-layout-flex wp-container-core-group-is-layout-81423f52 wp-block-group-is-layout-flex\">\n<p class=\"has-text-align-center article-cat text-xs prose-ul:list-none prose-ul:pl-0 prose-a:uppercase prose-a:tracking-widest prose-a:font-semibold prose-a:no-underline has-white-color has-text-color has-link-color wp-elements-a12bbc0a350f036da75f529b6620d3d4\"><a href=\"https:\/\/clartan.com\/fr\/la-maison\/\">Pr\u00e9sence en Europe<\/a><\/p>\n\n\n\n<h1 class=\"wp-block-heading has-text-align-center\" id=\"h-les-fonds-clartan-associes\">Belgique<\/h1>\n<\/div>\n\n\n\n<p class=\"has-text-align-center has-lg-font-size\">Distribution aux professionnels<\/p>\n\n\n\n<div class=\"wp-block-buttons is-content-justification-center is-layout-flex wp-container-core-buttons-is-layout-a89b3969 wp-block-buttons-is-layout-flex\">\n<div class=\"wp-block-button is-style-link-bordered\"><a class=\"wp-block-button__link has-white-color has-text-color has-link-color wp-element-button\" href=\"https:\/\/clartan.com\/fr\/pro\/contact-conseiller-professionnels-cgpi\/\">Contacter un conseiller<\/a><\/div>\n<\/div>\n<\/div>\n<\/div><\/section>\n\n\n\n<div class=\"wp-block-group has-global-padding is-layout-constrained wp-container-core-group-is-layout-768a5cc9 wp-block-group-is-layout-constrained\" style=\"padding-top:4vw;padding-bottom:4vw\">\n<p class=\"has-lg-font-size\">Tous les fonds Clartan sont enregistr\u00e9s et autoris\u00e9s \u00e0 la distribution en Belgique et nous mettons \u00e9galement \u00e0 votre disposition les documents r\u00e9glementaires n\u00e9cessaires en flamand dans la section Documents. Notre \u00e9quipe de vente se rend r\u00e9guli\u00e8rement sur place.<\/p>\n<\/div>\n\n\n\n<div class=\"wp-block-group alignfull has-sable-background-color has-background has-global-padding is-layout-constrained wp-block-group-is-layout-constrained\" style=\"padding-top:var(--wp--preset--spacing--40);padding-bottom:var(--wp--preset--spacing--40)\">\n<div class=\"wp-block-group alignwide is-layout-flow wp-container-core-group-is-layout-f5bb311e wp-block-group-is-layout-flow\">\n<h2 class=\"wp-block-heading alignwide has-2-xl-font-size\" id=\"h-documentation-neerlandaise\">Documentation n\u00e9erlandaise<\/h2>\n\n\n\n<div class=\"wp-block-columns alignwide is-layout-flex wp-container-core-columns-is-layout-28f84493 wp-block-columns-is-layout-flex\">\n<div class=\"wp-block-column is-layout-flow wp-block-column-is-layout-flow\">\n\n\n\t<section class=\"funds-table \">\n\n\t\t\t\t\n\t<\/section>\n\n\n\n<\/div>\n\n\n\n<div class=\"wp-block-column is-layout-flow wp-block-column-is-layout-flow\">\n\n\n\t<section class=\"funds-table \">\n\n\t\t\t\t\t<ul class=\"p-0 m-0 flex flex-col gap-3\">\n\t\t\t\t\t\n\t\t\t\t\t\t\n<a class=\"bg-white rounded font-medium px-5 py-3 transition-transform shadow-shadowsmall hover:scale-[1.02] flex items-center no-underline gap-3 text-secondary\" href=\"https:\/\/www.clartan.com\/ch-fr\/wp-content\/uploads\/sites\/3\/2022\/09\/KIIDOC-2022-09-12-FR-CH-2022-09-12-LU2497486410-CLARTAN_VALEURS-CLASSE_J.pdf\" title=\"T\u00e9l\u00e9charger le document :  KID CH Clartan Valeurs J\" target=\"_blank\" rel=\"noreferrer noopener\" download>\n\t\t\t<svg xmlns=\"http:\/\/www.w3.org\/2000\/svg\" width=\"16\" height=\"16\" viewBox=\"0 0 16 16\">\n\t\t\t<path d=\"M18,15v3H6V15H4v3a2.006,2.006,0,0,0,2,2H18a2.006,2.006,0,0,0,2-2V15Zm-1-4L15.59,9.59,13,12.17V4H11v8.17L8.41,9.59,7,11l5,5Z\" transform=\"translate(-4 -4)\" class=\"fill-primary\" \/>\n\t\t<\/svg>\n\t\tKID CH Clartan Valeurs J<\/a>\n\t\t\t\t\t\t\t\t<\/ul>\n\t\t\t\t\n\t<\/section>\n\n\n\n<\/div>\n<\/div>\n<\/div>\n<\/div>\n","protected":false},"excerpt":{"rendered":"<p>Distribution aux professionnels<\/p>\n","protected":false},"author":2,"featured_media":335,"parent":4210,"menu_order":0,"comment_status":"closed","ping_status":"closed","template":"","meta":{"_acf_changed":false,"inline_featured_image":false,"footnotes":""},"class_list":["post-4228","page","type-page","status-publish","has-post-thumbnail","hentry"],"acf":[],"yoast_head":"<!-- This site is optimized with the Yoast SEO Premium plugin v26.2 (Yoast SEO v27.3) - https:\/\/yoast.com\/product\/yoast-seo-premium-wordpress\/ -->\n<title>Belgique - Clartan Associ\u00e9s<\/title>\n<meta name=\"robots\" content=\"index, follow, max-snippet:-1, max-image-preview:large, max-video-preview:-1\" \/>\n<link rel=\"canonical\" href=\"https:\/\/clartan.com\/ch-fr\/societe\/belgique\/\" \/>\n<meta property=\"og:locale\" content=\"fr_FR\" \/>\n<meta property=\"og:type\" content=\"article\" \/>\n<meta property=\"og:title\" content=\"Belgique\" \/>\n<meta property=\"og:description\" content=\"Distribution aux professionnels\" \/>\n<meta property=\"og:url\" content=\"https:\/\/clartan.com\/ch-fr\/societe\/belgique\/\" \/>\n<meta property=\"og:site_name\" content=\"Clartan Associ\u00e9s CH-FR\" \/>\n<meta property=\"og:image\" content=\"https:\/\/clartan.com\/ch-fr\/wp-content\/uploads\/sites\/3\/2022\/03\/Groupe-73415.png\" \/>\n\t<meta property=\"og:image:width\" content=\"464\" \/>\n\t<meta property=\"og:image:height\" content=\"308\" \/>\n\t<meta property=\"og:image:type\" content=\"image\/png\" \/>\n<meta name=\"twitter:card\" content=\"summary_large_image\" \/>\n<script type=\"application\/ld+json\" class=\"yoast-schema-graph\">{\"@context\":\"https:\\\/\\\/schema.org\",\"@graph\":[{\"@type\":\"WebPage\",\"@id\":\"https:\\\/\\\/clartan.com\\\/ch-fr\\\/societe\\\/belgique\\\/\",\"url\":\"https:\\\/\\\/clartan.com\\\/ch-fr\\\/societe\\\/belgique\\\/\",\"name\":\"Belgique - Clartan Associ\u00e9s\",\"isPartOf\":{\"@id\":\"https:\\\/\\\/clartan.com\\\/ch-fr\\\/#website\"},\"primaryImageOfPage\":{\"@id\":\"https:\\\/\\\/clartan.com\\\/ch-fr\\\/societe\\\/belgique\\\/#primaryimage\"},\"image\":{\"@id\":\"https:\\\/\\\/clartan.com\\\/ch-fr\\\/societe\\\/belgique\\\/#primaryimage\"},\"thumbnailUrl\":\"https:\\\/\\\/clartan.com\\\/ch-fr\\\/wp-content\\\/uploads\\\/sites\\\/3\\\/2022\\\/03\\\/Groupe-73415.png\",\"datePublished\":\"2022-03-17T16:24:25+00:00\",\"breadcrumb\":{\"@id\":\"https:\\\/\\\/clartan.com\\\/ch-fr\\\/societe\\\/belgique\\\/#breadcrumb\"},\"inLanguage\":\"fr-FR\",\"potentialAction\":[{\"@type\":\"ReadAction\",\"target\":[\"https:\\\/\\\/clartan.com\\\/ch-fr\\\/societe\\\/belgique\\\/\"]}]},{\"@type\":\"ImageObject\",\"inLanguage\":\"fr-FR\",\"@id\":\"https:\\\/\\\/clartan.com\\\/ch-fr\\\/societe\\\/belgique\\\/#primaryimage\",\"url\":\"https:\\\/\\\/clartan.com\\\/ch-fr\\\/wp-content\\\/uploads\\\/sites\\\/3\\\/2022\\\/03\\\/Groupe-73415.png\",\"contentUrl\":\"https:\\\/\\\/clartan.com\\\/ch-fr\\\/wp-content\\\/uploads\\\/sites\\\/3\\\/2022\\\/03\\\/Groupe-73415.png\",\"width\":464,\"height\":308},{\"@type\":\"BreadcrumbList\",\"@id\":\"https:\\\/\\\/clartan.com\\\/ch-fr\\\/societe\\\/belgique\\\/#breadcrumb\",\"itemListElement\":[{\"@type\":\"ListItem\",\"position\":1,\"name\":\"Accueil\",\"item\":\"https:\\\/\\\/clartan.com\\\/ch-fr\\\/\"},{\"@type\":\"ListItem\",\"position\":2,\"name\":\"Soci\u00e9t\u00e9\",\"item\":\"https:\\\/\\\/clartan.com\\\/ch-fr\\\/societe\\\/\"},{\"@type\":\"ListItem\",\"position\":3,\"name\":\"Belgique\"}]},{\"@type\":\"WebSite\",\"@id\":\"https:\\\/\\\/clartan.com\\\/ch-fr\\\/#website\",\"url\":\"https:\\\/\\\/clartan.com\\\/ch-fr\\\/\",\"name\":\"Clartan Associ\u00e9s CH-FR\",\"description\":\"Quality &amp; Value\",\"publisher\":{\"@id\":\"https:\\\/\\\/clartan.com\\\/ch-fr\\\/#organization\"},\"potentialAction\":[{\"@type\":\"SearchAction\",\"target\":{\"@type\":\"EntryPoint\",\"urlTemplate\":\"https:\\\/\\\/clartan.com\\\/ch-fr\\\/?s={search_term_string}\"},\"query-input\":{\"@type\":\"PropertyValueSpecification\",\"valueRequired\":true,\"valueName\":\"search_term_string\"}}],\"inLanguage\":\"fr-FR\"},{\"@type\":\"Organization\",\"@id\":\"https:\\\/\\\/clartan.com\\\/ch-fr\\\/#organization\",\"name\":\"Clartan Associ\u00e9s\",\"url\":\"https:\\\/\\\/clartan.com\\\/ch-fr\\\/\",\"logo\":{\"@type\":\"ImageObject\",\"inLanguage\":\"fr-FR\",\"@id\":\"https:\\\/\\\/clartan.com\\\/ch-fr\\\/#\\\/schema\\\/logo\\\/image\\\/\",\"url\":\"https:\\\/\\\/clartan.com\\\/ch-fr\\\/wp-content\\\/uploads\\\/sites\\\/3\\\/2026\\\/01\\\/cropped-cropped-Favicon-2.png\",\"contentUrl\":\"https:\\\/\\\/clartan.com\\\/ch-fr\\\/wp-content\\\/uploads\\\/sites\\\/3\\\/2026\\\/01\\\/cropped-cropped-Favicon-2.png\",\"width\":512,\"height\":512,\"caption\":\"Clartan Associ\u00e9s\"},\"image\":{\"@id\":\"https:\\\/\\\/clartan.com\\\/ch-fr\\\/#\\\/schema\\\/logo\\\/image\\\/\"}}]}<\/script>\n<!-- \/ Yoast SEO Premium plugin. -->","yoast_head_json":{"title":"Belgique - Clartan Associ\u00e9s","robots":{"index":"index","follow":"follow","max-snippet":"max-snippet:-1","max-image-preview":"max-image-preview:large","max-video-preview":"max-video-preview:-1"},"canonical":"https:\/\/clartan.com\/ch-fr\/societe\/belgique\/","og_locale":"fr_FR","og_type":"article","og_title":"Belgique","og_description":"Distribution aux professionnels","og_url":"https:\/\/clartan.com\/ch-fr\/societe\/belgique\/","og_site_name":"Clartan Associ\u00e9s CH-FR","og_image":[{"width":464,"height":308,"url":"https:\/\/clartan.com\/ch-fr\/wp-content\/uploads\/sites\/3\/2022\/03\/Groupe-73415.png","type":"image\/png"}],"twitter_card":"summary_large_image","schema":{"@context":"https:\/\/schema.org","@graph":[{"@type":"WebPage","@id":"https:\/\/clartan.com\/ch-fr\/societe\/belgique\/","url":"https:\/\/clartan.com\/ch-fr\/societe\/belgique\/","name":"Belgique - Clartan Associ\u00e9s","isPartOf":{"@id":"https:\/\/clartan.com\/ch-fr\/#website"},"primaryImageOfPage":{"@id":"https:\/\/clartan.com\/ch-fr\/societe\/belgique\/#primaryimage"},"image":{"@id":"https:\/\/clartan.com\/ch-fr\/societe\/belgique\/#primaryimage"},"thumbnailUrl":"https:\/\/clartan.com\/ch-fr\/wp-content\/uploads\/sites\/3\/2022\/03\/Groupe-73415.png","datePublished":"2022-03-17T16:24:25+00:00","breadcrumb":{"@id":"https:\/\/clartan.com\/ch-fr\/societe\/belgique\/#breadcrumb"},"inLanguage":"fr-FR","potentialAction":[{"@type":"ReadAction","target":["https:\/\/clartan.com\/ch-fr\/societe\/belgique\/"]}]},{"@type":"ImageObject","inLanguage":"fr-FR","@id":"https:\/\/clartan.com\/ch-fr\/societe\/belgique\/#primaryimage","url":"https:\/\/clartan.com\/ch-fr\/wp-content\/uploads\/sites\/3\/2022\/03\/Groupe-73415.png","contentUrl":"https:\/\/clartan.com\/ch-fr\/wp-content\/uploads\/sites\/3\/2022\/03\/Groupe-73415.png","width":464,"height":308},{"@type":"BreadcrumbList","@id":"https:\/\/clartan.com\/ch-fr\/societe\/belgique\/#breadcrumb","itemListElement":[{"@type":"ListItem","position":1,"name":"Accueil","item":"https:\/\/clartan.com\/ch-fr\/"},{"@type":"ListItem","position":2,"name":"Soci\u00e9t\u00e9","item":"https:\/\/clartan.com\/ch-fr\/societe\/"},{"@type":"ListItem","position":3,"name":"Belgique"}]},{"@type":"WebSite","@id":"https:\/\/clartan.com\/ch-fr\/#website","url":"https:\/\/clartan.com\/ch-fr\/","name":"Clartan Associ\u00e9s CH-FR","description":"Quality &amp; Value","publisher":{"@id":"https:\/\/clartan.com\/ch-fr\/#organization"},"potentialAction":[{"@type":"SearchAction","target":{"@type":"EntryPoint","urlTemplate":"https:\/\/clartan.com\/ch-fr\/?s={search_term_string}"},"query-input":{"@type":"PropertyValueSpecification","valueRequired":true,"valueName":"search_term_string"}}],"inLanguage":"fr-FR"},{"@type":"Organization","@id":"https:\/\/clartan.com\/ch-fr\/#organization","name":"Clartan Associ\u00e9s","url":"https:\/\/clartan.com\/ch-fr\/","logo":{"@type":"ImageObject","inLanguage":"fr-FR","@id":"https:\/\/clartan.com\/ch-fr\/#\/schema\/logo\/image\/","url":"https:\/\/clartan.com\/ch-fr\/wp-content\/uploads\/sites\/3\/2026\/01\/cropped-cropped-Favicon-2.png","contentUrl":"https:\/\/clartan.com\/ch-fr\/wp-content\/uploads\/sites\/3\/2026\/01\/cropped-cropped-Favicon-2.png","width":512,"height":512,"caption":"Clartan Associ\u00e9s"},"image":{"@id":"https:\/\/clartan.com\/ch-fr\/#\/schema\/logo\/image\/"}}]}},"_links":{"self":[{"href":"https:\/\/clartan.com\/ch-fr\/wp-json\/wp\/v2\/pages\/4228","targetHints":{"allow":["GET"]}}],"collection":[{"href":"https:\/\/clartan.com\/ch-fr\/wp-json\/wp\/v2\/pages"}],"about":[{"href":"https:\/\/clartan.com\/ch-fr\/wp-json\/wp\/v2\/types\/page"}],"author":[{"embeddable":true,"href":"https:\/\/clartan.com\/ch-fr\/wp-json\/wp\/v2\/users\/2"}],"replies":[{"embeddable":true,"href":"https:\/\/clartan.com\/ch-fr\/wp-json\/wp\/v2\/comments?post=4228"}],"version-history":[{"count":0,"href":"https:\/\/clartan.com\/ch-fr\/wp-json\/wp\/v2\/pages\/4228\/revisions"}],"up":[{"embeddable":true,"href":"https:\/\/clartan.com\/ch-fr\/wp-json\/wp\/v2\/pages\/4210"}],"wp:featuredmedia":[{"embeddable":true,"href":"https:\/\/clartan.com\/ch-fr\/wp-json\/wp\/v2\/media\/335"}],"wp:attachment":[{"href":"https:\/\/clartan.com\/ch-fr\/wp-json\/wp\/v2\/media?parent=4228"}],"curies":[{"name":"wp","href":"https:\/\/api.w.org\/{rel}","templated":true}]}}