{"id":3078,"date":"2022-09-28T10:46:04","date_gmt":"2022-09-28T08:46:04","guid":{"rendered":"https:\/\/www.clartan.com\/de\/?page_id=3078"},"modified":"2022-09-28T10:46:48","modified_gmt":"2022-09-28T08:46:48","slug":"anmeldung-zum-reporting-konfirmation","status":"publish","type":"page","link":"https:\/\/clartan.com\/de\/annexes\/anmeldung-zum-reporting\/anmeldung-zum-reporting-konfirmation\/","title":{"rendered":"Anmeldung zum Reporting"},"content":{"rendered":"\n<p>Danke f\u00fcr Ihre Anmeldung. Wir melden uns in K\u00fcrze bei Ihnen.<\/p>\n","protected":false},"excerpt":{"rendered":"<p>Danke f\u00fcr Ihre Anmeldung. Wir melden uns in K\u00fcrze bei Ihnen.<\/p>\n","protected":false},"author":3,"featured_media":0,"parent":2376,"menu_order":0,"comment_status":"closed","ping_status":"closed","template":"","meta":{"_acf_changed":false,"inline_featured_image":false,"footnotes":""},"class_list":["post-3078","page","type-page","status-publish","hentry"],"acf":[],"yoast_head":"<!-- This site is optimized with the Yoast SEO Premium plugin v26.2 (Yoast SEO v27.4) - https:\/\/yoast.com\/product\/yoast-seo-premium-wordpress\/ -->\n<title>Anmeldung zum Reporting - Clartan Associ\u00e9s<\/title>\n<meta name=\"description\" content=\"Danke f\u00fcr Ihre Anmeldung. Wir melden uns in K\u00fcrze bei Ihnen.\" \/>\n<meta name=\"robots\" content=\"index, follow, max-snippet:-1, max-image-preview:large, max-video-preview:-1\" \/>\n<link rel=\"canonical\" href=\"https:\/\/clartan.com\/de\/annexes\/anmeldung-zum-reporting\/anmeldung-zum-reporting-konfirmation\/\" \/>\n<meta property=\"og:locale\" content=\"de_DE\" \/>\n<meta property=\"og:type\" content=\"article\" \/>\n<meta property=\"og:title\" content=\"Anmeldung zum Reporting\" \/>\n<meta property=\"og:description\" content=\"Danke f\u00fcr Ihre Anmeldung. Wir melden uns in K\u00fcrze bei Ihnen.\" \/>\n<meta property=\"og:url\" content=\"https:\/\/clartan.com\/de\/annexes\/anmeldung-zum-reporting\/anmeldung-zum-reporting-konfirmation\/\" \/>\n<meta property=\"og:site_name\" content=\"Clartan Associ\u00e9s DE\" \/>\n<meta property=\"article:modified_time\" content=\"2022-09-28T08:46:48+00:00\" \/>\n<meta property=\"og:image\" content=\"https:\/\/clartan.com\/de\/wp-content\/uploads\/sites\/2\/2026\/02\/clartan-associes.jpg\" \/>\n\t<meta property=\"og:image:width\" content=\"1200\" \/>\n\t<meta property=\"og:image:height\" content=\"675\" \/>\n\t<meta property=\"og:image:type\" content=\"image\/jpeg\" \/>\n<meta name=\"twitter:card\" content=\"summary_large_image\" \/>\n<script type=\"application\/ld+json\" class=\"yoast-schema-graph\">{\"@context\":\"https:\\\/\\\/schema.org\",\"@graph\":[{\"@type\":\"WebPage\",\"@id\":\"https:\\\/\\\/clartan.com\\\/de\\\/annexes\\\/anmeldung-zum-reporting\\\/anmeldung-zum-reporting-konfirmation\\\/\",\"url\":\"https:\\\/\\\/clartan.com\\\/de\\\/annexes\\\/anmeldung-zum-reporting\\\/anmeldung-zum-reporting-konfirmation\\\/\",\"name\":\"Anmeldung zum Reporting - Clartan Associ\u00e9s\",\"isPartOf\":{\"@id\":\"https:\\\/\\\/www.clartan.com\\\/de\\\/#website\"},\"datePublished\":\"2022-09-28T08:46:04+00:00\",\"dateModified\":\"2022-09-28T08:46:48+00:00\",\"description\":\"Danke f\u00fcr Ihre Anmeldung. Wir melden uns in K\u00fcrze bei Ihnen.\",\"breadcrumb\":{\"@id\":\"https:\\\/\\\/clartan.com\\\/de\\\/annexes\\\/anmeldung-zum-reporting\\\/anmeldung-zum-reporting-konfirmation\\\/#breadcrumb\"},\"inLanguage\":\"de\",\"potentialAction\":[{\"@type\":\"ReadAction\",\"target\":[\"https:\\\/\\\/clartan.com\\\/de\\\/annexes\\\/anmeldung-zum-reporting\\\/anmeldung-zum-reporting-konfirmation\\\/\"]}]},{\"@type\":\"BreadcrumbList\",\"@id\":\"https:\\\/\\\/clartan.com\\\/de\\\/annexes\\\/anmeldung-zum-reporting\\\/anmeldung-zum-reporting-konfirmation\\\/#breadcrumb\",\"itemListElement\":[{\"@type\":\"ListItem\",\"position\":1,\"name\":\"Accueil\",\"item\":\"https:\\\/\\\/clartan.com\\\/de\\\/\"},{\"@type\":\"ListItem\",\"position\":2,\"name\":\"Anlage\",\"item\":\"https:\\\/\\\/clartan.com\\\/de\\\/annexes\\\/\"},{\"@type\":\"ListItem\",\"position\":3,\"name\":\"Anmeldung zum Monatsbericht\",\"item\":\"https:\\\/\\\/clartan.com\\\/de\\\/annexes\\\/anmeldung-zum-reporting\\\/\"},{\"@type\":\"ListItem\",\"position\":4,\"name\":\"Anmeldung zum Reporting\"}]},{\"@type\":\"WebSite\",\"@id\":\"https:\\\/\\\/www.clartan.com\\\/de\\\/#website\",\"url\":\"https:\\\/\\\/www.clartan.com\\\/de\\\/\",\"name\":\"Clartan Associ\u00e9s DE\",\"description\":\"Quality &amp; Value\",\"publisher\":{\"@id\":\"https:\\\/\\\/www.clartan.com\\\/de\\\/#organization\"},\"alternateName\":\"Clartan\",\"potentialAction\":[{\"@type\":\"SearchAction\",\"target\":{\"@type\":\"EntryPoint\",\"urlTemplate\":\"https:\\\/\\\/www.clartan.com\\\/de\\\/?s={search_term_string}\"},\"query-input\":{\"@type\":\"PropertyValueSpecification\",\"valueRequired\":true,\"valueName\":\"search_term_string\"}}],\"inLanguage\":\"de\"},{\"@type\":\"Organization\",\"@id\":\"https:\\\/\\\/www.clartan.com\\\/de\\\/#organization\",\"name\":\"Clartan Associ\u00e9s\",\"alternateName\":\"Clartan\",\"url\":\"https:\\\/\\\/www.clartan.com\\\/de\\\/\",\"logo\":{\"@type\":\"ImageObject\",\"inLanguage\":\"de\",\"@id\":\"https:\\\/\\\/www.clartan.com\\\/de\\\/#\\\/schema\\\/logo\\\/image\\\/\",\"url\":\"https:\\\/\\\/clartan.com\\\/de\\\/wp-content\\\/uploads\\\/sites\\\/2\\\/2026\\\/01\\\/favicon.png\",\"contentUrl\":\"https:\\\/\\\/clartan.com\\\/de\\\/wp-content\\\/uploads\\\/sites\\\/2\\\/2026\\\/01\\\/favicon.png\",\"width\":512,\"height\":512,\"caption\":\"Clartan Associ\u00e9s\"},\"image\":{\"@id\":\"https:\\\/\\\/www.clartan.com\\\/de\\\/#\\\/schema\\\/logo\\\/image\\\/\"},\"sameAs\":[\"https:\\\/\\\/www.instagram.com\\\/clartan_associes\",\"https:\\\/\\\/www.youtube.com\\\/@clartanassocies3040\",\"https:\\\/\\\/www.linkedin.com\\\/company\\\/clartan-associes\\\/posts\\\/?feedView=all\"]}]}<\/script>\n<!-- \/ Yoast SEO Premium plugin. -->","yoast_head_json":{"title":"Anmeldung zum Reporting - Clartan Associ\u00e9s","description":"Danke f\u00fcr Ihre Anmeldung. Wir melden uns in K\u00fcrze bei Ihnen.","robots":{"index":"index","follow":"follow","max-snippet":"max-snippet:-1","max-image-preview":"max-image-preview:large","max-video-preview":"max-video-preview:-1"},"canonical":"https:\/\/clartan.com\/de\/annexes\/anmeldung-zum-reporting\/anmeldung-zum-reporting-konfirmation\/","og_locale":"de_DE","og_type":"article","og_title":"Anmeldung zum Reporting","og_description":"Danke f\u00fcr Ihre Anmeldung. Wir melden uns in K\u00fcrze bei Ihnen.","og_url":"https:\/\/clartan.com\/de\/annexes\/anmeldung-zum-reporting\/anmeldung-zum-reporting-konfirmation\/","og_site_name":"Clartan Associ\u00e9s DE","article_modified_time":"2022-09-28T08:46:48+00:00","og_image":[{"width":1200,"height":675,"url":"https:\/\/clartan.com\/de\/wp-content\/uploads\/sites\/2\/2026\/02\/clartan-associes.jpg","type":"image\/jpeg"}],"twitter_card":"summary_large_image","schema":{"@context":"https:\/\/schema.org","@graph":[{"@type":"WebPage","@id":"https:\/\/clartan.com\/de\/annexes\/anmeldung-zum-reporting\/anmeldung-zum-reporting-konfirmation\/","url":"https:\/\/clartan.com\/de\/annexes\/anmeldung-zum-reporting\/anmeldung-zum-reporting-konfirmation\/","name":"Anmeldung zum Reporting - Clartan Associ\u00e9s","isPartOf":{"@id":"https:\/\/www.clartan.com\/de\/#website"},"datePublished":"2022-09-28T08:46:04+00:00","dateModified":"2022-09-28T08:46:48+00:00","description":"Danke f\u00fcr Ihre Anmeldung. Wir melden uns in K\u00fcrze bei Ihnen.","breadcrumb":{"@id":"https:\/\/clartan.com\/de\/annexes\/anmeldung-zum-reporting\/anmeldung-zum-reporting-konfirmation\/#breadcrumb"},"inLanguage":"de","potentialAction":[{"@type":"ReadAction","target":["https:\/\/clartan.com\/de\/annexes\/anmeldung-zum-reporting\/anmeldung-zum-reporting-konfirmation\/"]}]},{"@type":"BreadcrumbList","@id":"https:\/\/clartan.com\/de\/annexes\/anmeldung-zum-reporting\/anmeldung-zum-reporting-konfirmation\/#breadcrumb","itemListElement":[{"@type":"ListItem","position":1,"name":"Accueil","item":"https:\/\/clartan.com\/de\/"},{"@type":"ListItem","position":2,"name":"Anlage","item":"https:\/\/clartan.com\/de\/annexes\/"},{"@type":"ListItem","position":3,"name":"Anmeldung zum Monatsbericht","item":"https:\/\/clartan.com\/de\/annexes\/anmeldung-zum-reporting\/"},{"@type":"ListItem","position":4,"name":"Anmeldung zum Reporting"}]},{"@type":"WebSite","@id":"https:\/\/www.clartan.com\/de\/#website","url":"https:\/\/www.clartan.com\/de\/","name":"Clartan Associ\u00e9s DE","description":"Quality &amp; Value","publisher":{"@id":"https:\/\/www.clartan.com\/de\/#organization"},"alternateName":"Clartan","potentialAction":[{"@type":"SearchAction","target":{"@type":"EntryPoint","urlTemplate":"https:\/\/www.clartan.com\/de\/?s={search_term_string}"},"query-input":{"@type":"PropertyValueSpecification","valueRequired":true,"valueName":"search_term_string"}}],"inLanguage":"de"},{"@type":"Organization","@id":"https:\/\/www.clartan.com\/de\/#organization","name":"Clartan Associ\u00e9s","alternateName":"Clartan","url":"https:\/\/www.clartan.com\/de\/","logo":{"@type":"ImageObject","inLanguage":"de","@id":"https:\/\/www.clartan.com\/de\/#\/schema\/logo\/image\/","url":"https:\/\/clartan.com\/de\/wp-content\/uploads\/sites\/2\/2026\/01\/favicon.png","contentUrl":"https:\/\/clartan.com\/de\/wp-content\/uploads\/sites\/2\/2026\/01\/favicon.png","width":512,"height":512,"caption":"Clartan Associ\u00e9s"},"image":{"@id":"https:\/\/www.clartan.com\/de\/#\/schema\/logo\/image\/"},"sameAs":["https:\/\/www.instagram.com\/clartan_associes","https:\/\/www.youtube.com\/@clartanassocies3040","https:\/\/www.linkedin.com\/company\/clartan-associes\/posts\/?feedView=all"]}]}},"_links":{"self":[{"href":"https:\/\/clartan.com\/de\/wp-json\/wp\/v2\/pages\/3078","targetHints":{"allow":["GET"]}}],"collection":[{"href":"https:\/\/clartan.com\/de\/wp-json\/wp\/v2\/pages"}],"about":[{"href":"https:\/\/clartan.com\/de\/wp-json\/wp\/v2\/types\/page"}],"author":[{"embeddable":true,"href":"https:\/\/clartan.com\/de\/wp-json\/wp\/v2\/users\/3"}],"replies":[{"embeddable":true,"href":"https:\/\/clartan.com\/de\/wp-json\/wp\/v2\/comments?post=3078"}],"version-history":[{"count":1,"href":"https:\/\/clartan.com\/de\/wp-json\/wp\/v2\/pages\/3078\/revisions"}],"predecessor-version":[{"id":3079,"href":"https:\/\/clartan.com\/de\/wp-json\/wp\/v2\/pages\/3078\/revisions\/3079"}],"up":[{"embeddable":true,"href":"https:\/\/clartan.com\/de\/wp-json\/wp\/v2\/pages\/2376"}],"wp:attachment":[{"href":"https:\/\/clartan.com\/de\/wp-json\/wp\/v2\/media?parent=3078"}],"curies":[{"name":"wp","href":"https:\/\/api.w.org\/{rel}","templated":true}]}}