{"id":6082,"date":"2025-12-17T16:44:16","date_gmt":"2025-12-17T15:44:16","guid":{"rendered":"https:\/\/new.clartan.com\/de\/?page_id=6082"},"modified":"2026-02-02T10:22:48","modified_gmt":"2026-02-02T09:22:48","slug":"praxisbeispiele","status":"publish","type":"page","link":"https:\/\/clartan.com\/de\/praxisbeispiele\/","title":{"rendered":"Praxisbeispiele"},"content":{"rendered":"\n<section class=\"wp-block-cover alignfull relative overflow-hidden hero bottom-curved-border\"><img decoding=\"async\" class=\"wp-block-cover__image-background wp-image-10279 size-large\" alt=\"\" src=\"https:\/\/clartan.com\/fr\/wp-content\/uploads\/2025\/11\/petales-02-orange-1036x583.jpg\" data-object-fit=\"cover\"\/><span aria-hidden=\"true\" class=\"wp-block-cover__background has-background-dim-40 has-background-dim wp-block-cover__gradient-background has-background-gradient\" style=\"background:linear-gradient(180deg,rgb(119,14,14) 0%,rgba(120,14,14,0.49) 100%)\"><\/span><div class=\"wp-block-cover__inner-container has-global-padding is-layout-constrained wp-block-cover-is-layout-constrained\">\n<div class=\"wp-block-group has-global-padding is-layout-constrained wp-container-core-group-is-layout-c19476fc wp-block-group-is-layout-constrained\">\n<h1 class=\"wp-block-heading has-text-align-center\" id=\"h-les-fonds-clartan-associes\">Praxisbeispiele<\/h1>\n\n\n\n<p class=\"has-text-align-center\">L\u00f6sungen f\u00fcr jede individuelle Situation<\/p>\n<\/div>\n<\/div><\/section>\n\n\n\n<div class=\"wp-block-group alignfull has-global-padding is-layout-constrained wp-block-group-is-layout-constrained\" style=\"padding-top:var(--wp--preset--spacing--50);padding-bottom:var(--wp--preset--spacing--20)\">\n<div class=\"wp-block-query alignwide is-layout-flow wp-block-query-is-layout-flow\">\n\n\n\n<div class=\"wp-block-query-no-results\">\n\n<p>Derzeit keine Ergebnisse<\/p>\n\n<\/div><\/div>\n<\/div>\n","protected":false},"excerpt":{"rendered":"<p>L\u00f6sungen f\u00fcr jede individuelle Situation. Verwaltung in Clartan-Fonds, in Wertpapieren, Multiverwaltung, Mandate mit spezifischer Ausrichtung.<\/p>\n","protected":false},"author":2,"featured_media":6221,"parent":0,"menu_order":0,"comment_status":"closed","ping_status":"closed","template":"","meta":{"_acf_changed":false,"inline_featured_image":false,"footnotes":""},"class_list":["post-6082","page","type-page","status-publish","has-post-thumbnail","hentry"],"acf":[],"yoast_head":"<!-- This site is optimized with the Yoast SEO Premium plugin v26.2 (Yoast SEO v27.3) - https:\/\/yoast.com\/product\/yoast-seo-premium-wordpress\/ -->\n<title>Praxisbeispiele - Clartan Associ\u00e9s<\/title>\n<meta name=\"description\" content=\"L\u00f6sungen f\u00fcr jede individuelle Situation. Verwaltung in Clartan-Fonds, in Wertpapieren, Multiverwaltung, Mandate mit spezifischer Ausrichtung.\" \/>\n<meta name=\"robots\" content=\"index, follow, max-snippet:-1, max-image-preview:large, max-video-preview:-1\" \/>\n<link rel=\"canonical\" href=\"https:\/\/clartan.com\/de\/praxisbeispiele\/\" \/>\n<meta property=\"og:locale\" content=\"de_DE\" \/>\n<meta property=\"og:type\" content=\"article\" \/>\n<meta property=\"og:title\" content=\"Praxisbeispiele\" \/>\n<meta property=\"og:description\" content=\"L\u00f6sungen f\u00fcr jede individuelle Situation. Verwaltung in Clartan-Fonds, in Wertpapieren, Multiverwaltung, Mandate mit spezifischer Ausrichtung.\" \/>\n<meta property=\"og:url\" content=\"https:\/\/clartan.com\/de\/praxisbeispiele\/\" \/>\n<meta property=\"og:site_name\" content=\"Clartan Associ\u00e9s DE\" \/>\n<meta property=\"article:modified_time\" content=\"2026-02-02T09:22:48+00:00\" \/>\n<meta property=\"og:image\" content=\"https:\/\/clartan.com\/de\/wp-content\/uploads\/sites\/2\/2026\/01\/2514-OK-scaled.jpg\" \/>\n\t<meta property=\"og:image:width\" content=\"2560\" \/>\n\t<meta property=\"og:image:height\" content=\"1912\" \/>\n\t<meta property=\"og:image:type\" content=\"image\/jpeg\" \/>\n<meta name=\"twitter:card\" content=\"summary_large_image\" \/>\n<script type=\"application\/ld+json\" class=\"yoast-schema-graph\">{\"@context\":\"https:\\\/\\\/schema.org\",\"@graph\":[{\"@type\":\"WebPage\",\"@id\":\"https:\\\/\\\/clartan.com\\\/de\\\/praxisbeispiele\\\/\",\"url\":\"https:\\\/\\\/clartan.com\\\/de\\\/praxisbeispiele\\\/\",\"name\":\"Praxisbeispiele - Clartan Associ\u00e9s\",\"isPartOf\":{\"@id\":\"https:\\\/\\\/www.clartan.com\\\/de\\\/#website\"},\"primaryImageOfPage\":{\"@id\":\"https:\\\/\\\/clartan.com\\\/de\\\/praxisbeispiele\\\/#primaryimage\"},\"image\":{\"@id\":\"https:\\\/\\\/clartan.com\\\/de\\\/praxisbeispiele\\\/#primaryimage\"},\"thumbnailUrl\":\"https:\\\/\\\/clartan.com\\\/de\\\/wp-content\\\/uploads\\\/sites\\\/2\\\/2026\\\/01\\\/2514-OK-scaled.jpg\",\"datePublished\":\"2025-12-17T15:44:16+00:00\",\"dateModified\":\"2026-02-02T09:22:48+00:00\",\"description\":\"L\u00f6sungen f\u00fcr jede individuelle Situation. Verwaltung in Clartan-Fonds, in Wertpapieren, Multiverwaltung, Mandate mit spezifischer Ausrichtung.\",\"breadcrumb\":{\"@id\":\"https:\\\/\\\/clartan.com\\\/de\\\/praxisbeispiele\\\/#breadcrumb\"},\"inLanguage\":\"de\",\"potentialAction\":[{\"@type\":\"ReadAction\",\"target\":[\"https:\\\/\\\/clartan.com\\\/de\\\/praxisbeispiele\\\/\"]}]},{\"@type\":\"ImageObject\",\"inLanguage\":\"de\",\"@id\":\"https:\\\/\\\/clartan.com\\\/de\\\/praxisbeispiele\\\/#primaryimage\",\"url\":\"https:\\\/\\\/clartan.com\\\/de\\\/wp-content\\\/uploads\\\/sites\\\/2\\\/2026\\\/01\\\/2514-OK-scaled.jpg\",\"contentUrl\":\"https:\\\/\\\/clartan.com\\\/de\\\/wp-content\\\/uploads\\\/sites\\\/2\\\/2026\\\/01\\\/2514-OK-scaled.jpg\",\"width\":2560,\"height\":1912,\"caption\":\"Gemeinsam mit dem Partnerteam sind unsere Mitarbeiter bestrebt, nachhaltige Anlagel\u00f6sungen zu entwickeln und zu verfolgen.\"},{\"@type\":\"BreadcrumbList\",\"@id\":\"https:\\\/\\\/clartan.com\\\/de\\\/praxisbeispiele\\\/#breadcrumb\",\"itemListElement\":[{\"@type\":\"ListItem\",\"position\":1,\"name\":\"Accueil\",\"item\":\"https:\\\/\\\/clartan.com\\\/de\\\/\"},{\"@type\":\"ListItem\",\"position\":2,\"name\":\"Praxisbeispiele\"}]},{\"@type\":\"WebSite\",\"@id\":\"https:\\\/\\\/www.clartan.com\\\/de\\\/#website\",\"url\":\"https:\\\/\\\/www.clartan.com\\\/de\\\/\",\"name\":\"Clartan Associ\u00e9s DE\",\"description\":\"Quality &amp; Value\",\"publisher\":{\"@id\":\"https:\\\/\\\/www.clartan.com\\\/de\\\/#organization\"},\"alternateName\":\"Clartan\",\"potentialAction\":[{\"@type\":\"SearchAction\",\"target\":{\"@type\":\"EntryPoint\",\"urlTemplate\":\"https:\\\/\\\/www.clartan.com\\\/de\\\/?s={search_term_string}\"},\"query-input\":{\"@type\":\"PropertyValueSpecification\",\"valueRequired\":true,\"valueName\":\"search_term_string\"}}],\"inLanguage\":\"de\"},{\"@type\":\"Organization\",\"@id\":\"https:\\\/\\\/www.clartan.com\\\/de\\\/#organization\",\"name\":\"Clartan Associ\u00e9s\",\"alternateName\":\"Clartan\",\"url\":\"https:\\\/\\\/www.clartan.com\\\/de\\\/\",\"logo\":{\"@type\":\"ImageObject\",\"inLanguage\":\"de\",\"@id\":\"https:\\\/\\\/www.clartan.com\\\/de\\\/#\\\/schema\\\/logo\\\/image\\\/\",\"url\":\"https:\\\/\\\/clartan.com\\\/de\\\/wp-content\\\/uploads\\\/sites\\\/2\\\/2026\\\/01\\\/favicon.png\",\"contentUrl\":\"https:\\\/\\\/clartan.com\\\/de\\\/wp-content\\\/uploads\\\/sites\\\/2\\\/2026\\\/01\\\/favicon.png\",\"width\":512,\"height\":512,\"caption\":\"Clartan Associ\u00e9s\"},\"image\":{\"@id\":\"https:\\\/\\\/www.clartan.com\\\/de\\\/#\\\/schema\\\/logo\\\/image\\\/\"},\"sameAs\":[\"https:\\\/\\\/www.instagram.com\\\/clartan_associes\",\"https:\\\/\\\/www.youtube.com\\\/@clartanassocies3040\",\"https:\\\/\\\/www.linkedin.com\\\/company\\\/clartan-associes\\\/posts\\\/?feedView=all\"]}]}<\/script>\n<!-- \/ Yoast SEO Premium plugin. -->","yoast_head_json":{"title":"Praxisbeispiele - Clartan Associ\u00e9s","description":"L\u00f6sungen f\u00fcr jede individuelle Situation. Verwaltung in Clartan-Fonds, in Wertpapieren, Multiverwaltung, Mandate mit spezifischer Ausrichtung.","robots":{"index":"index","follow":"follow","max-snippet":"max-snippet:-1","max-image-preview":"max-image-preview:large","max-video-preview":"max-video-preview:-1"},"canonical":"https:\/\/clartan.com\/de\/praxisbeispiele\/","og_locale":"de_DE","og_type":"article","og_title":"Praxisbeispiele","og_description":"L\u00f6sungen f\u00fcr jede individuelle Situation. Verwaltung in Clartan-Fonds, in Wertpapieren, Multiverwaltung, Mandate mit spezifischer Ausrichtung.","og_url":"https:\/\/clartan.com\/de\/praxisbeispiele\/","og_site_name":"Clartan Associ\u00e9s DE","article_modified_time":"2026-02-02T09:22:48+00:00","og_image":[{"width":2560,"height":1912,"url":"https:\/\/clartan.com\/de\/wp-content\/uploads\/sites\/2\/2026\/01\/2514-OK-scaled.jpg","type":"image\/jpeg"}],"twitter_card":"summary_large_image","schema":{"@context":"https:\/\/schema.org","@graph":[{"@type":"WebPage","@id":"https:\/\/clartan.com\/de\/praxisbeispiele\/","url":"https:\/\/clartan.com\/de\/praxisbeispiele\/","name":"Praxisbeispiele - Clartan Associ\u00e9s","isPartOf":{"@id":"https:\/\/www.clartan.com\/de\/#website"},"primaryImageOfPage":{"@id":"https:\/\/clartan.com\/de\/praxisbeispiele\/#primaryimage"},"image":{"@id":"https:\/\/clartan.com\/de\/praxisbeispiele\/#primaryimage"},"thumbnailUrl":"https:\/\/clartan.com\/de\/wp-content\/uploads\/sites\/2\/2026\/01\/2514-OK-scaled.jpg","datePublished":"2025-12-17T15:44:16+00:00","dateModified":"2026-02-02T09:22:48+00:00","description":"L\u00f6sungen f\u00fcr jede individuelle Situation. Verwaltung in Clartan-Fonds, in Wertpapieren, Multiverwaltung, Mandate mit spezifischer Ausrichtung.","breadcrumb":{"@id":"https:\/\/clartan.com\/de\/praxisbeispiele\/#breadcrumb"},"inLanguage":"de","potentialAction":[{"@type":"ReadAction","target":["https:\/\/clartan.com\/de\/praxisbeispiele\/"]}]},{"@type":"ImageObject","inLanguage":"de","@id":"https:\/\/clartan.com\/de\/praxisbeispiele\/#primaryimage","url":"https:\/\/clartan.com\/de\/wp-content\/uploads\/sites\/2\/2026\/01\/2514-OK-scaled.jpg","contentUrl":"https:\/\/clartan.com\/de\/wp-content\/uploads\/sites\/2\/2026\/01\/2514-OK-scaled.jpg","width":2560,"height":1912,"caption":"Gemeinsam mit dem Partnerteam sind unsere Mitarbeiter bestrebt, nachhaltige Anlagel\u00f6sungen zu entwickeln und zu verfolgen."},{"@type":"BreadcrumbList","@id":"https:\/\/clartan.com\/de\/praxisbeispiele\/#breadcrumb","itemListElement":[{"@type":"ListItem","position":1,"name":"Accueil","item":"https:\/\/clartan.com\/de\/"},{"@type":"ListItem","position":2,"name":"Praxisbeispiele"}]},{"@type":"WebSite","@id":"https:\/\/www.clartan.com\/de\/#website","url":"https:\/\/www.clartan.com\/de\/","name":"Clartan Associ\u00e9s DE","description":"Quality &amp; Value","publisher":{"@id":"https:\/\/www.clartan.com\/de\/#organization"},"alternateName":"Clartan","potentialAction":[{"@type":"SearchAction","target":{"@type":"EntryPoint","urlTemplate":"https:\/\/www.clartan.com\/de\/?s={search_term_string}"},"query-input":{"@type":"PropertyValueSpecification","valueRequired":true,"valueName":"search_term_string"}}],"inLanguage":"de"},{"@type":"Organization","@id":"https:\/\/www.clartan.com\/de\/#organization","name":"Clartan Associ\u00e9s","alternateName":"Clartan","url":"https:\/\/www.clartan.com\/de\/","logo":{"@type":"ImageObject","inLanguage":"de","@id":"https:\/\/www.clartan.com\/de\/#\/schema\/logo\/image\/","url":"https:\/\/clartan.com\/de\/wp-content\/uploads\/sites\/2\/2026\/01\/favicon.png","contentUrl":"https:\/\/clartan.com\/de\/wp-content\/uploads\/sites\/2\/2026\/01\/favicon.png","width":512,"height":512,"caption":"Clartan Associ\u00e9s"},"image":{"@id":"https:\/\/www.clartan.com\/de\/#\/schema\/logo\/image\/"},"sameAs":["https:\/\/www.instagram.com\/clartan_associes","https:\/\/www.youtube.com\/@clartanassocies3040","https:\/\/www.linkedin.com\/company\/clartan-associes\/posts\/?feedView=all"]}]}},"_links":{"self":[{"href":"https:\/\/clartan.com\/de\/wp-json\/wp\/v2\/pages\/6082","targetHints":{"allow":["GET"]}}],"collection":[{"href":"https:\/\/clartan.com\/de\/wp-json\/wp\/v2\/pages"}],"about":[{"href":"https:\/\/clartan.com\/de\/wp-json\/wp\/v2\/types\/page"}],"author":[{"embeddable":true,"href":"https:\/\/clartan.com\/de\/wp-json\/wp\/v2\/users\/2"}],"replies":[{"embeddable":true,"href":"https:\/\/clartan.com\/de\/wp-json\/wp\/v2\/comments?post=6082"}],"version-history":[{"count":3,"href":"https:\/\/clartan.com\/de\/wp-json\/wp\/v2\/pages\/6082\/revisions"}],"predecessor-version":[{"id":6321,"href":"https:\/\/clartan.com\/de\/wp-json\/wp\/v2\/pages\/6082\/revisions\/6321"}],"wp:featuredmedia":[{"embeddable":true,"href":"https:\/\/clartan.com\/de\/wp-json\/wp\/v2\/media\/6221"}],"wp:attachment":[{"href":"https:\/\/clartan.com\/de\/wp-json\/wp\/v2\/media?parent=6082"}],"curies":[{"name":"wp","href":"https:\/\/api.w.org\/{rel}","templated":true}]}}