{"id":10133,"date":"2025-11-25T15:13:01","date_gmt":"2025-11-25T14:13:01","guid":{"rendered":"https:\/\/new.clartan.com\/fr\/?page_id=10133"},"modified":"2026-02-04T14:55:31","modified_gmt":"2026-02-04T13:55:31","slug":"engagements","status":"publish","type":"page","link":"https:\/\/clartan.com\/fr\/engagements\/","title":{"rendered":"Engagements"},"content":{"rendered":"\n<section class=\"wp-block-cover alignfull relative overflow-hidden hero bottom-curved-border\"><img loading=\"lazy\" decoding=\"async\" width=\"1036\" height=\"583\" class=\"wp-block-cover__image-background wp-image-10270 size-large\" alt=\"\" src=\"https:\/\/clartan.com\/fr\/wp-content\/uploads\/2025\/11\/pistil-01-orange-1036x583.jpg\" data-object-fit=\"cover\" srcset=\"https:\/\/clartan.com\/fr\/wp-content\/uploads\/2025\/11\/pistil-01-orange-1036x583.jpg 1036w, https:\/\/clartan.com\/fr\/wp-content\/uploads\/2025\/11\/pistil-01-orange-300x169.jpg 300w, https:\/\/clartan.com\/fr\/wp-content\/uploads\/2025\/11\/pistil-01-orange-768x432.jpg 768w, https:\/\/clartan.com\/fr\/wp-content\/uploads\/2025\/11\/pistil-01-orange-1536x864.jpg 1536w, https:\/\/clartan.com\/fr\/wp-content\/uploads\/2025\/11\/pistil-01-orange.jpg 1920w\" sizes=\"(max-width: 1036px) 100vw, 1036px\" \/><span aria-hidden=\"true\" class=\"wp-block-cover__background has-background-dim-30 has-background-dim wp-block-cover__gradient-background has-background-gradient has-header-vin-gradient-background\"><\/span><div class=\"wp-block-cover__inner-container is-layout-flow wp-block-cover-is-layout-flow\">\n<div class=\"wp-block-group is-layout-flow wp-block-group-is-layout-flow\">\n<h1 class=\"wp-block-heading has-text-align-center\" id=\"h-les-fonds-clartan-associes\">Nos engagements<\/h1>\n\n\n\n<p class=\"has-text-align-center has-lg-font-size\">Le respect des normes ESG se double d\u2019engagements concrets<\/p>\n<\/div>\n<\/div><\/section>\n\n\n\n<div class=\"wp-block-group alignfull has-white-background-color has-background has-global-padding is-layout-constrained wp-container-core-group-is-layout-c65dadb5 wp-block-group-is-layout-constrained\" style=\"padding-top:var(--wp--preset--spacing--50);padding-bottom:var(--wp--preset--spacing--50)\">\n<div class=\"wp-block-columns alignwide is-layout-flex wp-container-core-columns-is-layout-2e289adc wp-block-columns-is-layout-flex\" style=\"padding-top:0;padding-right:0;padding-bottom:0;padding-left:0\">\n<div class=\"wp-block-column is-vertically-aligned-center is-layout-flow wp-block-column-is-layout-flow\">\n<div class=\"wp-block-group is-layout-flow wp-container-core-group-is-layout-19eabfb7 wp-block-group-is-layout-flow\" style=\"min-height:100%\">\n<h2 class=\"wp-block-heading has-2-xl-font-size\"><em>Investissement responsable<\/em><\/h2>\n\n\n\n<div class=\"wp-block-group is-vertical is-layout-flex wp-container-core-group-is-layout-c35747d5 wp-block-group-is-layout-flex\">\n<p>Une m\u00e9thode d\u2019investissement responsable fond\u00e9e sur des standards ESG exigeants et un engagement actionnarial actif, au service d\u2019une cr\u00e9ation de valeur durable.<\/p>\n\n\n\n<div class=\"wp-block-buttons is-layout-flex wp-block-buttons-is-layout-flex\">\n<div class=\"wp-block-button is-style-default\"><a class=\"wp-block-button__link has-secondary-color has-text-color has-link-color wp-element-button\" href=\"https:\/\/clartan.com\/fr\/engagements\/investissement-responsable\/\">D\u00e9couvrir notre approche<\/a><\/div>\n<\/div>\n<\/div>\n<\/div>\n<\/div>\n\n\n\n<div class=\"wp-block-column is-layout-flow wp-block-column-is-layout-flow\" style=\"flex-basis:35%\">\n<figure class=\"wp-block-image size-full has-custom-border is-style-default\"><img loading=\"lazy\" decoding=\"async\" width=\"880\" height=\"880\" src=\"https:\/\/clartan.com\/fr\/wp-content\/uploads\/2024\/10\/ASSO-2.png\" alt=\"Photo d'abeille de Yann Arthus-Bertrand\" class=\"wp-image-8416\" style=\"border-top-left-radius:2rem;border-top-right-radius:2rem;border-bottom-left-radius:2rem;border-bottom-right-radius:2rem;aspect-ratio:1;object-fit:cover\" srcset=\"https:\/\/clartan.com\/fr\/wp-content\/uploads\/2024\/10\/ASSO-2.png 880w, https:\/\/clartan.com\/fr\/wp-content\/uploads\/2024\/10\/ASSO-2-300x300.png 300w, https:\/\/clartan.com\/fr\/wp-content\/uploads\/2024\/10\/ASSO-2-150x150.png 150w, https:\/\/clartan.com\/fr\/wp-content\/uploads\/2024\/10\/ASSO-2-768x768.png 768w\" sizes=\"(max-width: 880px) 100vw, 880px\" \/><\/figure>\n<\/div>\n<\/div>\n\n\n\n<div class=\"wp-block-columns alignwide is-layout-flex wp-container-core-columns-is-layout-2e289adc wp-block-columns-is-layout-flex\" style=\"padding-top:0;padding-right:0;padding-bottom:0;padding-left:0\">\n<div class=\"wp-block-column tw-sm-order-last is-layout-flow wp-block-column-is-layout-flow\" style=\"flex-basis:35%\">\n<figure class=\"wp-block-image size-large has-custom-border\"><img loading=\"lazy\" decoding=\"async\" width=\"1036\" height=\"649\" src=\"https:\/\/clartan.com\/fr\/wp-content\/uploads\/2024\/10\/Renard.cre\u2560udits-Anis-Le\u2560uone-jpg-1-1036x649.jpg\" alt=\"Photo d'un renard de Yann Arthus-Bertrand\" class=\"wp-image-8406\" style=\"border-top-left-radius:2rem;border-top-right-radius:2rem;border-bottom-left-radius:2rem;border-bottom-right-radius:2rem;aspect-ratio:1;object-fit:cover\" srcset=\"https:\/\/clartan.com\/fr\/wp-content\/uploads\/2024\/10\/Renard.cre\u2560udits-Anis-Le\u2560uone-jpg-1-1036x649.jpg 1036w, https:\/\/clartan.com\/fr\/wp-content\/uploads\/2024\/10\/Renard.cre\u2560udits-Anis-Le\u2560uone-jpg-1-300x188.jpg 300w, https:\/\/clartan.com\/fr\/wp-content\/uploads\/2024\/10\/Renard.cre\u2560udits-Anis-Le\u2560uone-jpg-1-768x481.jpg 768w, https:\/\/clartan.com\/fr\/wp-content\/uploads\/2024\/10\/Renard.cre\u2560udits-Anis-Le\u2560uone-jpg-1.jpg 1366w\" sizes=\"(max-width: 1036px) 100vw, 1036px\" \/><\/figure>\n<\/div>\n\n\n\n<div class=\"wp-block-column is-vertically-aligned-center has-blue-pastel-background-color has-background is-layout-flow wp-block-column-is-layout-flow\" style=\"flex-basis:60%\">\n<div class=\"wp-block-group has-blue-pastel-background-color has-background is-layout-flow wp-container-core-group-is-layout-d45c059d wp-block-group-is-layout-flow\" style=\"padding-top:0;padding-right:0;padding-bottom:0;padding-left:0\">\n<h2 class=\"wp-block-heading has-2-xl-font-size\"><em>Philanthropie<\/em><\/h2>\n\n\n\n<div class=\"wp-block-group is-vertical is-layout-flex wp-container-core-group-is-layout-c35747d5 wp-block-group-is-layout-flex\">\n<p>Une d\u00e9marche de partage qui associe performance financi\u00e8re et soutien concret \u00e0 un projet de pr\u00e9servation de la biodiversit\u00e9 port\u00e9 par Yann Arthus-Bertrand.<\/p>\n\n\n\n<div class=\"wp-block-buttons is-layout-flex wp-block-buttons-is-layout-flex\">\n<div class=\"wp-block-button is-style-default\"><a class=\"wp-block-button__link wp-element-button\" href=\"https:\/\/clartan.com\/fr\/engagements\/philanthropie\/\">D\u00e9couvrir le fonds de partage<\/a><\/div>\n<\/div>\n<\/div>\n<\/div>\n<\/div>\n<\/div>\n<\/div>\n\n\n\n<div class=\"wp-block-cover alignfull bottom-curved-border\" style=\"margin-top:0;margin-bottom:0;padding-top:var(--wp--preset--spacing--50);padding-bottom:var(--wp--preset--spacing--50)\"><img loading=\"lazy\" decoding=\"async\" width=\"1036\" height=\"583\" class=\"wp-block-cover__image-background wp-image-10281 size-large\" alt=\"\" src=\"https:\/\/clartan.com\/fr\/wp-content\/uploads\/2025\/11\/plumes_argile-1036x583.jpg\" data-object-fit=\"cover\" srcset=\"https:\/\/clartan.com\/fr\/wp-content\/uploads\/2025\/11\/plumes_argile-1036x583.jpg 1036w, https:\/\/clartan.com\/fr\/wp-content\/uploads\/2025\/11\/plumes_argile-300x169.jpg 300w, https:\/\/clartan.com\/fr\/wp-content\/uploads\/2025\/11\/plumes_argile-768x432.jpg 768w, https:\/\/clartan.com\/fr\/wp-content\/uploads\/2025\/11\/plumes_argile-1536x864.jpg 1536w, https:\/\/clartan.com\/fr\/wp-content\/uploads\/2025\/11\/plumes_argile.jpg 1920w\" sizes=\"(max-width: 1036px) 100vw, 1036px\" \/><span aria-hidden=\"true\" class=\"wp-block-cover__background has-secondary-background-color has-background-dim\"><\/span><div class=\"wp-block-cover__inner-container has-global-padding is-layout-constrained wp-block-cover-is-layout-constrained\">\n<p class=\"has-text-align-center has-literata-font-family has-2-xl-font-size\"><em>Depuis septembre 2024, nous \u0153uvrons en collaboration avec\u2028l\u2019Association de la Vall\u00e9e de la Milli\u00e8re, cr\u00e9\u00e9e par Yann Arthus-Bertrand<\/em><\/p>\n\n\n\n<figure class=\"wp-block-gallery has-nested-images columns-default is-cropped col-3 wp-block-gallery-1 is-layout-flex wp-block-gallery-is-layout-flex\" style=\"border-top-left-radius:1em;border-top-right-radius:1em;border-bottom-left-radius:1em;border-bottom-right-radius:1em\">\n<figure class=\"wp-block-image size-medium has-custom-border\"><img loading=\"lazy\" decoding=\"async\" width=\"300\" height=\"300\" data-id=\"11323\" src=\"https:\/\/clartan.com\/fr\/wp-content\/uploads\/2026\/01\/Intersection-1-300x300.jpg\" alt=\"Photo vue du ciel par Yann Arthus-Bertrand\" class=\"wp-image-11323\" style=\"border-top-left-radius:1em;border-top-right-radius:1em;border-bottom-left-radius:1em;border-bottom-right-radius:1em\" srcset=\"https:\/\/clartan.com\/fr\/wp-content\/uploads\/2026\/01\/Intersection-1-300x300.jpg 300w, https:\/\/clartan.com\/fr\/wp-content\/uploads\/2026\/01\/Intersection-1-150x150.jpg 150w, https:\/\/clartan.com\/fr\/wp-content\/uploads\/2026\/01\/Intersection-1.jpg 735w\" sizes=\"(max-width: 300px) 100vw, 300px\" \/><\/figure>\n\n\n\n<figure class=\"wp-block-image size-large has-custom-border\"><img loading=\"lazy\" decoding=\"async\" width=\"1036\" height=\"691\" data-id=\"8586\" src=\"https:\/\/clartan.com\/fr\/wp-content\/uploads\/2024\/10\/60_Z08_9035-R-1036x691.jpg\" alt=\"Yann Arthus-Bertrand et Jean-Baptiste Chaumet pour Clartan Associ\u00e9s\" class=\"wp-image-8586\" style=\"border-top-left-radius:1em;border-top-right-radius:1em;border-bottom-left-radius:1em;border-bottom-right-radius:1em\" srcset=\"https:\/\/clartan.com\/fr\/wp-content\/uploads\/2024\/10\/60_Z08_9035-R-1036x691.jpg 1036w, https:\/\/clartan.com\/fr\/wp-content\/uploads\/2024\/10\/60_Z08_9035-R-300x200.jpg 300w, https:\/\/clartan.com\/fr\/wp-content\/uploads\/2024\/10\/60_Z08_9035-R-768x512.jpg 768w, https:\/\/clartan.com\/fr\/wp-content\/uploads\/2024\/10\/60_Z08_9035-R-1536x1024.jpg 1536w, https:\/\/clartan.com\/fr\/wp-content\/uploads\/2024\/10\/60_Z08_9035-R-2048x1365.jpg 2048w\" sizes=\"(max-width: 1036px) 100vw, 1036px\" \/><\/figure>\n\n\n\n<figure class=\"wp-block-image size-medium has-custom-border\"><img loading=\"lazy\" decoding=\"async\" width=\"300\" height=\"300\" data-id=\"8414\" src=\"https:\/\/clartan.com\/fr\/wp-content\/uploads\/2024\/10\/Agroforesterie-300x300.png\" alt=\"Photo vue du ciel par Yann Arthus-Bertrand\" class=\"wp-image-8414\" style=\"border-top-left-radius:1em;border-top-right-radius:1em;border-bottom-left-radius:1em;border-bottom-right-radius:1em\" srcset=\"https:\/\/clartan.com\/fr\/wp-content\/uploads\/2024\/10\/Agroforesterie-300x300.png 300w, https:\/\/clartan.com\/fr\/wp-content\/uploads\/2024\/10\/Agroforesterie-150x150.png 150w, https:\/\/clartan.com\/fr\/wp-content\/uploads\/2024\/10\/Agroforesterie-768x768.png 768w, https:\/\/clartan.com\/fr\/wp-content\/uploads\/2024\/10\/Agroforesterie.png 880w\" sizes=\"(max-width: 300px) 100vw, 300px\" \/><\/figure>\n<\/figure>\n<\/div><\/div>\n\n\n\n<div class=\"wp-block-group alignfull has-background has-global-padding is-layout-constrained wp-block-group-is-layout-constrained\" style=\"background-color:#f7f2eb;min-height:4rem;margin-top:0;margin-bottom:0\"><\/div>\n","protected":false},"excerpt":{"rendered":"<p>La d\u00e9marche d\u2019investisseur responsable de Clartan Associ\u00e9s passe par l\u2019int\u00e9gration de l\u2019ESG dans l\u2019ensemble de nos fonds actions.<\/p>\n","protected":false},"author":2,"featured_media":8586,"parent":0,"menu_order":0,"comment_status":"closed","ping_status":"closed","template":"","meta":{"_acf_changed":false,"inline_featured_image":false,"footnotes":""},"class_list":["post-10133","page","type-page","status-publish","has-post-thumbnail","hentry"],"acf":[],"yoast_head":"<!-- This site is optimized with the Yoast SEO Premium plugin v26.2 (Yoast SEO v27.3) - https:\/\/yoast.com\/product\/yoast-seo-premium-wordpress\/ -->\n<title>Engagement responsable, ESG et philanthropie - Clartan Associ\u00e9s<\/title>\n<meta name=\"description\" content=\"La d\u00e9marche d\u2019investisseur responsable de Clartan Associ\u00e9s passe par l\u2019int\u00e9gration de l\u2019ESG dans l\u2019ensemble de nos fonds actions.\" \/>\n<meta name=\"robots\" content=\"index, follow, max-snippet:-1, max-image-preview:large, max-video-preview:-1\" \/>\n<link rel=\"canonical\" href=\"https:\/\/clartan.com\/fr\/engagements\/\" \/>\n<meta property=\"og:locale\" content=\"fr_FR\" \/>\n<meta property=\"og:type\" content=\"article\" \/>\n<meta property=\"og:title\" content=\"Engagements - Clartan Associ\u00e9s\" \/>\n<meta property=\"og:description\" content=\"La d\u00e9marche d\u2019investisseur responsable de Clartan Associ\u00e9s passe par l\u2019int\u00e9gration de l\u2019ESG dans l\u2019ensemble de nos fonds actions.\" \/>\n<meta property=\"og:url\" content=\"https:\/\/clartan.com\/fr\/engagements\/\" \/>\n<meta property=\"og:site_name\" content=\"Clartan Associ\u00e9s FR\" \/>\n<meta property=\"article:modified_time\" content=\"2026-02-04T13:55:31+00:00\" \/>\n<meta property=\"og:image\" content=\"https:\/\/clartan.com\/fr\/wp-content\/uploads\/2024\/10\/60_Z08_9035-R-scaled.jpg\" \/>\n\t<meta property=\"og:image:width\" content=\"2560\" \/>\n\t<meta property=\"og:image:height\" content=\"1707\" \/>\n\t<meta property=\"og:image:type\" content=\"image\/jpeg\" \/>\n<meta name=\"twitter:card\" content=\"summary_large_image\" \/>\n<script type=\"application\/ld+json\" class=\"yoast-schema-graph\">{\"@context\":\"https:\\\/\\\/schema.org\",\"@graph\":[{\"@type\":\"WebPage\",\"@id\":\"https:\\\/\\\/clartan.com\\\/fr\\\/engagements\\\/\",\"url\":\"https:\\\/\\\/clartan.com\\\/fr\\\/engagements\\\/\",\"name\":\"Engagement responsable, ESG et philanthropie - Clartan Associ\u00e9s\",\"isPartOf\":{\"@id\":\"https:\\\/\\\/clartan.com\\\/fr\\\/#website\"},\"primaryImageOfPage\":{\"@id\":\"https:\\\/\\\/clartan.com\\\/fr\\\/engagements\\\/#primaryimage\"},\"image\":{\"@id\":\"https:\\\/\\\/clartan.com\\\/fr\\\/engagements\\\/#primaryimage\"},\"thumbnailUrl\":\"https:\\\/\\\/clartan.com\\\/fr\\\/wp-content\\\/uploads\\\/2024\\\/10\\\/60_Z08_9035-R-scaled.jpg\",\"datePublished\":\"2025-11-25T14:13:01+00:00\",\"dateModified\":\"2026-02-04T13:55:31+00:00\",\"description\":\"La d\u00e9marche d\u2019investisseur responsable de Clartan Associ\u00e9s passe par l\u2019int\u00e9gration de l\u2019ESG dans l\u2019ensemble de nos fonds actions.\",\"breadcrumb\":{\"@id\":\"https:\\\/\\\/clartan.com\\\/fr\\\/engagements\\\/#breadcrumb\"},\"inLanguage\":\"fr-FR\",\"potentialAction\":[{\"@type\":\"ReadAction\",\"target\":[\"https:\\\/\\\/clartan.com\\\/fr\\\/engagements\\\/\"]}]},{\"@type\":\"ImageObject\",\"inLanguage\":\"fr-FR\",\"@id\":\"https:\\\/\\\/clartan.com\\\/fr\\\/engagements\\\/#primaryimage\",\"url\":\"https:\\\/\\\/clartan.com\\\/fr\\\/wp-content\\\/uploads\\\/2024\\\/10\\\/60_Z08_9035-R-scaled.jpg\",\"contentUrl\":\"https:\\\/\\\/clartan.com\\\/fr\\\/wp-content\\\/uploads\\\/2024\\\/10\\\/60_Z08_9035-R-scaled.jpg\",\"width\":2560,\"height\":1707},{\"@type\":\"BreadcrumbList\",\"@id\":\"https:\\\/\\\/clartan.com\\\/fr\\\/engagements\\\/#breadcrumb\",\"itemListElement\":[{\"@type\":\"ListItem\",\"position\":1,\"name\":\"Accueil\",\"item\":\"https:\\\/\\\/clartan.com\\\/fr\\\/\"},{\"@type\":\"ListItem\",\"position\":2,\"name\":\"Engagements\"}]},{\"@type\":\"WebSite\",\"@id\":\"https:\\\/\\\/clartan.com\\\/fr\\\/#website\",\"url\":\"https:\\\/\\\/clartan.com\\\/fr\\\/\",\"name\":\"Clartan Associ\u00e9s FR\",\"description\":\"Maison de Gestion ind\u00e9pendante\",\"publisher\":{\"@id\":\"https:\\\/\\\/clartan.com\\\/fr\\\/#organization\"},\"alternateName\":\"Clartan\",\"potentialAction\":[{\"@type\":\"SearchAction\",\"target\":{\"@type\":\"EntryPoint\",\"urlTemplate\":\"https:\\\/\\\/clartan.com\\\/fr\\\/?s={search_term_string}\"},\"query-input\":{\"@type\":\"PropertyValueSpecification\",\"valueRequired\":true,\"valueName\":\"search_term_string\"}}],\"inLanguage\":\"fr-FR\"},{\"@type\":\"Organization\",\"@id\":\"https:\\\/\\\/clartan.com\\\/fr\\\/#organization\",\"name\":\"Clartan Associ\u00e9s\",\"alternateName\":\"Clartan\",\"url\":\"https:\\\/\\\/clartan.com\\\/fr\\\/\",\"logo\":{\"@type\":\"ImageObject\",\"inLanguage\":\"fr-FR\",\"@id\":\"https:\\\/\\\/clartan.com\\\/fr\\\/#\\\/schema\\\/logo\\\/image\\\/\",\"url\":\"https:\\\/\\\/clartan.com\\\/fr\\\/wp-content\\\/uploads\\\/2025\\\/12\\\/Favicon-2.png\",\"contentUrl\":\"https:\\\/\\\/clartan.com\\\/fr\\\/wp-content\\\/uploads\\\/2025\\\/12\\\/Favicon-2.png\",\"width\":1024,\"height\":1024,\"caption\":\"Clartan Associ\u00e9s\"},\"image\":{\"@id\":\"https:\\\/\\\/clartan.com\\\/fr\\\/#\\\/schema\\\/logo\\\/image\\\/\"},\"sameAs\":[\"https:\\\/\\\/www.linkedin.com\\\/company\\\/clartan-associes\\\/\",\"https:\\\/\\\/www.youtube.com\\\/@clartanassocies3040\"],\"description\":\"Maison de gestion ind\u00e9pendante depuis 1986,\\u2028Clartan Associ\u00e9s met en \u0153uvre une gestion solide et \u00e9prouv\u00e9e, fond\u00e9e sur la coll\u00e9gialit\u00e9.\",\"email\":\"contact@clartan.com\",\"telephone\":\"+33 1 53 77 60 80\",\"legalName\":\"Clartan Associ\u00e9s\",\"foundingDate\":\"1986-12-01\",\"vatID\":\"FR18339485161\",\"taxID\":\"33948516100097\",\"leiCode\":\"969500AFMNSMC5R97K50\"}]}<\/script>\n<!-- \/ Yoast SEO Premium plugin. -->","yoast_head_json":{"title":"Engagement responsable, ESG et philanthropie - Clartan Associ\u00e9s","description":"La d\u00e9marche d\u2019investisseur responsable de Clartan Associ\u00e9s passe par l\u2019int\u00e9gration de l\u2019ESG dans l\u2019ensemble de nos fonds actions.","robots":{"index":"index","follow":"follow","max-snippet":"max-snippet:-1","max-image-preview":"max-image-preview:large","max-video-preview":"max-video-preview:-1"},"canonical":"https:\/\/clartan.com\/fr\/engagements\/","og_locale":"fr_FR","og_type":"article","og_title":"Engagements - Clartan Associ\u00e9s","og_description":"La d\u00e9marche d\u2019investisseur responsable de Clartan Associ\u00e9s passe par l\u2019int\u00e9gration de l\u2019ESG dans l\u2019ensemble de nos fonds actions.","og_url":"https:\/\/clartan.com\/fr\/engagements\/","og_site_name":"Clartan Associ\u00e9s FR","article_modified_time":"2026-02-04T13:55:31+00:00","og_image":[{"width":2560,"height":1707,"url":"https:\/\/clartan.com\/fr\/wp-content\/uploads\/2024\/10\/60_Z08_9035-R-scaled.jpg","type":"image\/jpeg"}],"twitter_card":"summary_large_image","schema":{"@context":"https:\/\/schema.org","@graph":[{"@type":"WebPage","@id":"https:\/\/clartan.com\/fr\/engagements\/","url":"https:\/\/clartan.com\/fr\/engagements\/","name":"Engagement responsable, ESG et philanthropie - Clartan Associ\u00e9s","isPartOf":{"@id":"https:\/\/clartan.com\/fr\/#website"},"primaryImageOfPage":{"@id":"https:\/\/clartan.com\/fr\/engagements\/#primaryimage"},"image":{"@id":"https:\/\/clartan.com\/fr\/engagements\/#primaryimage"},"thumbnailUrl":"https:\/\/clartan.com\/fr\/wp-content\/uploads\/2024\/10\/60_Z08_9035-R-scaled.jpg","datePublished":"2025-11-25T14:13:01+00:00","dateModified":"2026-02-04T13:55:31+00:00","description":"La d\u00e9marche d\u2019investisseur responsable de Clartan Associ\u00e9s passe par l\u2019int\u00e9gration de l\u2019ESG dans l\u2019ensemble de nos fonds actions.","breadcrumb":{"@id":"https:\/\/clartan.com\/fr\/engagements\/#breadcrumb"},"inLanguage":"fr-FR","potentialAction":[{"@type":"ReadAction","target":["https:\/\/clartan.com\/fr\/engagements\/"]}]},{"@type":"ImageObject","inLanguage":"fr-FR","@id":"https:\/\/clartan.com\/fr\/engagements\/#primaryimage","url":"https:\/\/clartan.com\/fr\/wp-content\/uploads\/2024\/10\/60_Z08_9035-R-scaled.jpg","contentUrl":"https:\/\/clartan.com\/fr\/wp-content\/uploads\/2024\/10\/60_Z08_9035-R-scaled.jpg","width":2560,"height":1707},{"@type":"BreadcrumbList","@id":"https:\/\/clartan.com\/fr\/engagements\/#breadcrumb","itemListElement":[{"@type":"ListItem","position":1,"name":"Accueil","item":"https:\/\/clartan.com\/fr\/"},{"@type":"ListItem","position":2,"name":"Engagements"}]},{"@type":"WebSite","@id":"https:\/\/clartan.com\/fr\/#website","url":"https:\/\/clartan.com\/fr\/","name":"Clartan Associ\u00e9s FR","description":"Maison de Gestion ind\u00e9pendante","publisher":{"@id":"https:\/\/clartan.com\/fr\/#organization"},"alternateName":"Clartan","potentialAction":[{"@type":"SearchAction","target":{"@type":"EntryPoint","urlTemplate":"https:\/\/clartan.com\/fr\/?s={search_term_string}"},"query-input":{"@type":"PropertyValueSpecification","valueRequired":true,"valueName":"search_term_string"}}],"inLanguage":"fr-FR"},{"@type":"Organization","@id":"https:\/\/clartan.com\/fr\/#organization","name":"Clartan Associ\u00e9s","alternateName":"Clartan","url":"https:\/\/clartan.com\/fr\/","logo":{"@type":"ImageObject","inLanguage":"fr-FR","@id":"https:\/\/clartan.com\/fr\/#\/schema\/logo\/image\/","url":"https:\/\/clartan.com\/fr\/wp-content\/uploads\/2025\/12\/Favicon-2.png","contentUrl":"https:\/\/clartan.com\/fr\/wp-content\/uploads\/2025\/12\/Favicon-2.png","width":1024,"height":1024,"caption":"Clartan Associ\u00e9s"},"image":{"@id":"https:\/\/clartan.com\/fr\/#\/schema\/logo\/image\/"},"sameAs":["https:\/\/www.linkedin.com\/company\/clartan-associes\/","https:\/\/www.youtube.com\/@clartanassocies3040"],"description":"Maison de gestion ind\u00e9pendante depuis 1986,\u2028Clartan Associ\u00e9s met en \u0153uvre une gestion solide et \u00e9prouv\u00e9e, fond\u00e9e sur la coll\u00e9gialit\u00e9.","email":"contact@clartan.com","telephone":"+33 1 53 77 60 80","legalName":"Clartan Associ\u00e9s","foundingDate":"1986-12-01","vatID":"FR18339485161","taxID":"33948516100097","leiCode":"969500AFMNSMC5R97K50"}]}},"_links":{"self":[{"href":"https:\/\/clartan.com\/fr\/wp-json\/wp\/v2\/pages\/10133","targetHints":{"allow":["GET"]}}],"collection":[{"href":"https:\/\/clartan.com\/fr\/wp-json\/wp\/v2\/pages"}],"about":[{"href":"https:\/\/clartan.com\/fr\/wp-json\/wp\/v2\/types\/page"}],"author":[{"embeddable":true,"href":"https:\/\/clartan.com\/fr\/wp-json\/wp\/v2\/users\/2"}],"replies":[{"embeddable":true,"href":"https:\/\/clartan.com\/fr\/wp-json\/wp\/v2\/comments?post=10133"}],"version-history":[{"count":40,"href":"https:\/\/clartan.com\/fr\/wp-json\/wp\/v2\/pages\/10133\/revisions"}],"predecessor-version":[{"id":11616,"href":"https:\/\/clartan.com\/fr\/wp-json\/wp\/v2\/pages\/10133\/revisions\/11616"}],"wp:featuredmedia":[{"embeddable":true,"href":"https:\/\/clartan.com\/fr\/wp-json\/wp\/v2\/media\/8586"}],"wp:attachment":[{"href":"https:\/\/clartan.com\/fr\/wp-json\/wp\/v2\/media?parent=10133"}],"curies":[{"name":"wp","href":"https:\/\/api.w.org\/{rel}","templated":true}]}}