{"id":10913,"date":"2025-12-05T16:59:41","date_gmt":"2025-12-05T15:59:41","guid":{"rendered":"https:\/\/new.clartan.com\/fr\/?page_id=10913"},"modified":"2026-01-28T12:02:33","modified_gmt":"2026-01-28T11:02:33","slug":"cas-pratiques","status":"publish","type":"page","link":"https:\/\/clartan.com\/fr\/gestion-privee\/cas-pratiques\/","title":{"rendered":"Cas Pratiques"},"content":{"rendered":"\n<section class=\"wp-block-cover alignfull relative overflow-hidden hero bottom-curved-border\"><img loading=\"lazy\" decoding=\"async\" width=\"1036\" height=\"583\" class=\"wp-block-cover__image-background wp-image-10279 size-large\" alt=\"\" src=\"https:\/\/clartan.com\/fr\/wp-content\/uploads\/2025\/11\/petales-02-orange-1036x583.jpg\" data-object-fit=\"cover\" srcset=\"https:\/\/clartan.com\/fr\/wp-content\/uploads\/2025\/11\/petales-02-orange-1036x583.jpg 1036w, https:\/\/clartan.com\/fr\/wp-content\/uploads\/2025\/11\/petales-02-orange-300x169.jpg 300w, https:\/\/clartan.com\/fr\/wp-content\/uploads\/2025\/11\/petales-02-orange-768x432.jpg 768w, https:\/\/clartan.com\/fr\/wp-content\/uploads\/2025\/11\/petales-02-orange-1536x864.jpg 1536w, https:\/\/clartan.com\/fr\/wp-content\/uploads\/2025\/11\/petales-02-orange.jpg 1920w\" sizes=\"(max-width: 1036px) 100vw, 1036px\" \/><span aria-hidden=\"true\" class=\"wp-block-cover__background has-background-dim-40 has-background-dim wp-block-cover__gradient-background has-background-gradient\" style=\"background:linear-gradient(180deg,rgb(119,14,14) 0%,rgba(120,14,14,0.49) 100%)\"><\/span><div class=\"wp-block-cover__inner-container has-global-padding is-layout-constrained wp-block-cover-is-layout-constrained\">\n<div class=\"wp-block-group has-global-padding is-layout-constrained wp-container-core-group-is-layout-346627ba wp-block-group-is-layout-constrained\">\n<h1 class=\"wp-block-heading has-text-align-center\" id=\"h-les-fonds-clartan-associes\">Cas Pratiques<\/h1>\n<\/div>\n<\/div><\/section>\n\n\n\n<div class=\"wp-block-group alignfull has-global-padding is-layout-constrained wp-block-group-is-layout-constrained\" style=\"padding-top:var(--wp--preset--spacing--50);padding-bottom:var(--wp--preset--spacing--20)\">\n<div class=\"wp-block-query alignwide is-layout-flow wp-block-query-is-layout-flow\"><ul class=\"columns-3 wp-block-post-template is-layout-grid wp-container-core-post-template-is-layout-6d3fbd8f wp-block-post-template-is-layout-grid\"><li class=\"wp-block-post post-10287 post type-post status-publish format-standard hentry category-cas-pratiques\">\n\n<div class=\"wp-block-group shadow-shadowsmall hover:shadow-shadowmedium transition-shadow active:shadow-inner has-white-background-color has-background is-vertical is-layout-flex wp-container-core-group-is-layout-fb01a20f wp-block-group-is-layout-flex\" style=\"border-radius:8px;min-height:100%;padding-top:var(--wp--preset--spacing--20);padding-right:var(--wp--preset--spacing--20);padding-bottom:var(--wp--preset--spacing--20);padding-left:var(--wp--preset--spacing--20)\">\n<div class=\"wp-block-group is-vertical is-layout-flex wp-container-core-group-is-layout-c35747d5 wp-block-group-is-layout-flex\"><div class=\"taxonomy-category article-cat text-xs prose-ul:list-none prose-ul:pl-0 prose-a:uppercase prose-a:tracking-widest prose-a:font-semibold prose-a:no-underline wp-block-post-terms\"><a href=\"https:\/\/clartan.com\/fr\/categorie\/cas-pratiques\/\" rel=\"tag\">Cas pratiques<\/a><\/div>\n\n<h3 class=\"my-0 wp-block-post-title has-xl-font-size\">J\u2019ai 100 000 euros\u2028 \u00e0 investir, est-ce une bonne id\u00e9e ?<\/h3><\/div>\n\n\n\n<div class=\"wp-block-group wp-block-button is-style-link-default has-global-padding is-content-justification-left is-layout-constrained wp-container-core-group-is-layout-12dd3699 wp-block-group-is-layout-constrained\"><a class=\"wp-block-read-more has-sm-font-size\" href=\"https:\/\/clartan.com\/fr\/cas-pratiques\/100000-euros-a-investir\/\" target=\"_self\">En savoir plus<span class=\"screen-reader-text\">\u00a0: J\u2019ai 100 000 euros\u2028 \u00e0 investir, est-ce une bonne id\u00e9e ?<\/span><\/a><\/div>\n<\/div>\n\n<\/li><li class=\"wp-block-post post-11370 post type-post status-publish format-standard hentry category-cas-pratiques\">\n\n<div class=\"wp-block-group shadow-shadowsmall hover:shadow-shadowmedium transition-shadow active:shadow-inner has-white-background-color has-background is-vertical is-layout-flex wp-container-core-group-is-layout-fb01a20f wp-block-group-is-layout-flex\" style=\"border-radius:8px;min-height:100%;padding-top:var(--wp--preset--spacing--20);padding-right:var(--wp--preset--spacing--20);padding-bottom:var(--wp--preset--spacing--20);padding-left:var(--wp--preset--spacing--20)\">\n<div class=\"wp-block-group is-vertical is-layout-flex wp-container-core-group-is-layout-c35747d5 wp-block-group-is-layout-flex\"><div class=\"taxonomy-category article-cat text-xs prose-ul:list-none prose-ul:pl-0 prose-a:uppercase prose-a:tracking-widest prose-a:font-semibold prose-a:no-underline wp-block-post-terms\"><a href=\"https:\/\/clartan.com\/fr\/categorie\/cas-pratiques\/\" rel=\"tag\">Cas pratiques<\/a><\/div>\n\n<h3 class=\"my-0 wp-block-post-title has-xl-font-size\">J\u2019organise ma retraite\u00a0: le PERin est-il une solution\u202f?<\/h3><\/div>\n\n\n\n<div class=\"wp-block-group wp-block-button is-style-link-default has-global-padding is-content-justification-left is-layout-constrained wp-container-core-group-is-layout-12dd3699 wp-block-group-is-layout-constrained\"><a class=\"wp-block-read-more has-sm-font-size\" href=\"https:\/\/clartan.com\/fr\/cas-pratiques\/ma-retraite-le-perin-une-solution\/\" target=\"_self\">En savoir plus<span class=\"screen-reader-text\">\u00a0: J\u2019organise ma retraite\u00a0: le PERin est-il une solution\u202f?<\/span><\/a><\/div>\n<\/div>\n\n<\/li><li class=\"wp-block-post post-10291 post type-post status-publish format-standard hentry category-cas-pratiques\">\n\n<div class=\"wp-block-group shadow-shadowsmall hover:shadow-shadowmedium transition-shadow active:shadow-inner has-white-background-color has-background is-vertical is-layout-flex wp-container-core-group-is-layout-fb01a20f wp-block-group-is-layout-flex\" style=\"border-radius:8px;min-height:100%;padding-top:var(--wp--preset--spacing--20);padding-right:var(--wp--preset--spacing--20);padding-bottom:var(--wp--preset--spacing--20);padding-left:var(--wp--preset--spacing--20)\">\n<div class=\"wp-block-group is-vertical is-layout-flex wp-container-core-group-is-layout-c35747d5 wp-block-group-is-layout-flex\"><div class=\"taxonomy-category article-cat text-xs prose-ul:list-none prose-ul:pl-0 prose-a:uppercase prose-a:tracking-widest prose-a:font-semibold prose-a:no-underline wp-block-post-terms\"><a href=\"https:\/\/clartan.com\/fr\/categorie\/cas-pratiques\/\" rel=\"tag\">Cas pratiques<\/a><\/div>\n\n<h3 class=\"my-0 wp-block-post-title has-xl-font-size\">Insatisfait de mon gestionnaire financier, puis-je changer et rejoindre Clartan?<\/h3><\/div>\n\n\n\n<div class=\"wp-block-group wp-block-button is-style-link-default has-global-padding is-content-justification-left is-layout-constrained wp-container-core-group-is-layout-12dd3699 wp-block-group-is-layout-constrained\"><a class=\"wp-block-read-more has-sm-font-size\" href=\"https:\/\/clartan.com\/fr\/cas-pratiques\/changer-de-gestionnaire-financier-rejoindre-clartan\/\" target=\"_self\">En savoir plus<span class=\"screen-reader-text\">\u00a0: Insatisfait de mon gestionnaire financier, puis-je changer et rejoindre Clartan?<\/span><\/a><\/div>\n<\/div>\n\n<\/li><li class=\"wp-block-post post-10289 post type-post status-publish format-standard hentry category-cas-pratiques\">\n\n<div class=\"wp-block-group shadow-shadowsmall hover:shadow-shadowmedium transition-shadow active:shadow-inner has-white-background-color has-background is-vertical is-layout-flex wp-container-core-group-is-layout-fb01a20f wp-block-group-is-layout-flex\" style=\"border-radius:8px;min-height:100%;padding-top:var(--wp--preset--spacing--20);padding-right:var(--wp--preset--spacing--20);padding-bottom:var(--wp--preset--spacing--20);padding-left:var(--wp--preset--spacing--20)\">\n<div class=\"wp-block-group is-vertical is-layout-flex wp-container-core-group-is-layout-c35747d5 wp-block-group-is-layout-flex\"><div class=\"taxonomy-category article-cat text-xs prose-ul:list-none prose-ul:pl-0 prose-a:uppercase prose-a:tracking-widest prose-a:font-semibold prose-a:no-underline wp-block-post-terms\"><a href=\"https:\/\/clartan.com\/fr\/categorie\/cas-pratiques\/\" rel=\"tag\">Cas pratiques<\/a><\/div>\n\n<h3 class=\"my-0 wp-block-post-title has-xl-font-size\">Un PEA jeune,\u2028c\u2019est accessible et rentable ?<\/h3><\/div>\n\n\n\n<div class=\"wp-block-group wp-block-button is-style-link-default has-global-padding is-content-justification-left is-layout-constrained wp-container-core-group-is-layout-12dd3699 wp-block-group-is-layout-constrained\"><a class=\"wp-block-read-more has-sm-font-size\" href=\"https:\/\/clartan.com\/fr\/cas-pratiques\/pea-jeune-accessible-et-rentable\/\" target=\"_self\">En savoir plus<span class=\"screen-reader-text\">\u00a0: Un PEA jeune,\u2028c\u2019est accessible et rentable ?<\/span><\/a><\/div>\n<\/div>\n\n<\/li><\/ul>\n\n\n\n<\/div>\n<\/div>\n","protected":false},"excerpt":{"rendered":"<p>Des solutions adapt\u00e9es \u00e0 chaque situation. Gestion en fonds Clartan, en titres vifs, multigestion, mandats \u00e0 orientation sp\u00e9cifique<\/p>\n","protected":false},"author":2,"featured_media":11450,"parent":10122,"menu_order":0,"comment_status":"closed","ping_status":"closed","template":"","meta":{"_acf_changed":false,"inline_featured_image":false,"footnotes":""},"class_list":["post-10913","page","type-page","status-publish","has-post-thumbnail","hentry"],"acf":[],"yoast_head":"<!-- This site is optimized with the Yoast SEO Premium plugin v26.2 (Yoast SEO v27.3) - https:\/\/yoast.com\/product\/yoast-seo-premium-wordpress\/ -->\n<title>Cas Pratiques - Clartan Associ\u00e9s<\/title>\n<meta name=\"description\" content=\"Des solutions adapt\u00e9es \u00e0 chaque situation. Gestion en fonds Clartan, en titres vifs, multigestion, mandats \u00e0 orientation sp\u00e9cifique.\" \/>\n<meta name=\"robots\" content=\"index, follow, max-snippet:-1, max-image-preview:large, max-video-preview:-1\" \/>\n<link rel=\"canonical\" href=\"https:\/\/clartan.com\/fr\/gestion-privee\/cas-pratiques\/\" \/>\n<meta property=\"og:locale\" content=\"fr_FR\" \/>\n<meta property=\"og:type\" content=\"article\" \/>\n<meta property=\"og:title\" content=\"Cas Pratiques - Clartan Associ\u00e9s\" \/>\n<meta property=\"og:description\" content=\"Des solutions adapt\u00e9es \u00e0 chaque situation. Gestion en fonds Clartan, en titres vifs, multigestion, mandats \u00e0 orientation sp\u00e9cifique\" \/>\n<meta property=\"og:url\" content=\"https:\/\/clartan.com\/fr\/gestion-privee\/cas-pratiques\/\" \/>\n<meta property=\"og:site_name\" content=\"Clartan Associ\u00e9s FR\" \/>\n<meta property=\"article:modified_time\" content=\"2026-01-28T11:02:33+00:00\" \/>\n<meta property=\"og:image\" content=\"https:\/\/clartan.com\/fr\/wp-content\/uploads\/2026\/01\/2514-1920px-1036x774.jpg\" \/>\n\t<meta property=\"og:image:width\" content=\"1036\" \/>\n\t<meta property=\"og:image:height\" content=\"774\" \/>\n\t<meta property=\"og:image:type\" content=\"image\/jpeg\" \/>\n<meta name=\"twitter:card\" content=\"summary_large_image\" \/>\n<script type=\"application\/ld+json\" class=\"yoast-schema-graph\">{\"@context\":\"https:\\\/\\\/schema.org\",\"@graph\":[{\"@type\":\"WebPage\",\"@id\":\"https:\\\/\\\/clartan.com\\\/fr\\\/gestion-privee\\\/cas-pratiques\\\/\",\"url\":\"https:\\\/\\\/clartan.com\\\/fr\\\/gestion-privee\\\/cas-pratiques\\\/\",\"name\":\"Cas Pratiques - Clartan Associ\u00e9s\",\"isPartOf\":{\"@id\":\"https:\\\/\\\/clartan.com\\\/fr\\\/#website\"},\"primaryImageOfPage\":{\"@id\":\"https:\\\/\\\/clartan.com\\\/fr\\\/gestion-privee\\\/cas-pratiques\\\/#primaryimage\"},\"image\":{\"@id\":\"https:\\\/\\\/clartan.com\\\/fr\\\/gestion-privee\\\/cas-pratiques\\\/#primaryimage\"},\"thumbnailUrl\":\"https:\\\/\\\/clartan.com\\\/fr\\\/wp-content\\\/uploads\\\/2026\\\/01\\\/2514-1920px.jpg\",\"datePublished\":\"2025-12-05T15:59:41+00:00\",\"dateModified\":\"2026-01-28T11:02:33+00:00\",\"description\":\"Des solutions adapt\u00e9es \u00e0 chaque situation. Gestion en fonds Clartan, en titres vifs, multigestion, mandats \u00e0 orientation sp\u00e9cifique.\",\"breadcrumb\":{\"@id\":\"https:\\\/\\\/clartan.com\\\/fr\\\/gestion-privee\\\/cas-pratiques\\\/#breadcrumb\"},\"inLanguage\":\"fr-FR\",\"potentialAction\":[{\"@type\":\"ReadAction\",\"target\":[\"https:\\\/\\\/clartan.com\\\/fr\\\/gestion-privee\\\/cas-pratiques\\\/\"]}]},{\"@type\":\"ImageObject\",\"inLanguage\":\"fr-FR\",\"@id\":\"https:\\\/\\\/clartan.com\\\/fr\\\/gestion-privee\\\/cas-pratiques\\\/#primaryimage\",\"url\":\"https:\\\/\\\/clartan.com\\\/fr\\\/wp-content\\\/uploads\\\/2026\\\/01\\\/2514-1920px.jpg\",\"contentUrl\":\"https:\\\/\\\/clartan.com\\\/fr\\\/wp-content\\\/uploads\\\/2026\\\/01\\\/2514-1920px.jpg\",\"width\":1920,\"height\":1434,\"caption\":\"Equipe de gestion Clartan Associ\u00e9s\"},{\"@type\":\"BreadcrumbList\",\"@id\":\"https:\\\/\\\/clartan.com\\\/fr\\\/gestion-privee\\\/cas-pratiques\\\/#breadcrumb\",\"itemListElement\":[{\"@type\":\"ListItem\",\"position\":1,\"name\":\"Accueil\",\"item\":\"https:\\\/\\\/clartan.com\\\/fr\\\/\"},{\"@type\":\"ListItem\",\"position\":2,\"name\":\"Gestion priv\u00e9e\",\"item\":\"https:\\\/\\\/clartan.com\\\/fr\\\/gestion-privee\\\/\"},{\"@type\":\"ListItem\",\"position\":3,\"name\":\"Cas Pratiques\"}]},{\"@type\":\"WebSite\",\"@id\":\"https:\\\/\\\/clartan.com\\\/fr\\\/#website\",\"url\":\"https:\\\/\\\/clartan.com\\\/fr\\\/\",\"name\":\"Clartan Associ\u00e9s FR\",\"description\":\"Maison de Gestion ind\u00e9pendante\",\"publisher\":{\"@id\":\"https:\\\/\\\/clartan.com\\\/fr\\\/#organization\"},\"alternateName\":\"Clartan\",\"potentialAction\":[{\"@type\":\"SearchAction\",\"target\":{\"@type\":\"EntryPoint\",\"urlTemplate\":\"https:\\\/\\\/clartan.com\\\/fr\\\/?s={search_term_string}\"},\"query-input\":{\"@type\":\"PropertyValueSpecification\",\"valueRequired\":true,\"valueName\":\"search_term_string\"}}],\"inLanguage\":\"fr-FR\"},{\"@type\":\"Organization\",\"@id\":\"https:\\\/\\\/clartan.com\\\/fr\\\/#organization\",\"name\":\"Clartan Associ\u00e9s\",\"alternateName\":\"Clartan\",\"url\":\"https:\\\/\\\/clartan.com\\\/fr\\\/\",\"logo\":{\"@type\":\"ImageObject\",\"inLanguage\":\"fr-FR\",\"@id\":\"https:\\\/\\\/clartan.com\\\/fr\\\/#\\\/schema\\\/logo\\\/image\\\/\",\"url\":\"https:\\\/\\\/clartan.com\\\/fr\\\/wp-content\\\/uploads\\\/2025\\\/12\\\/Favicon-2.png\",\"contentUrl\":\"https:\\\/\\\/clartan.com\\\/fr\\\/wp-content\\\/uploads\\\/2025\\\/12\\\/Favicon-2.png\",\"width\":1024,\"height\":1024,\"caption\":\"Clartan Associ\u00e9s\"},\"image\":{\"@id\":\"https:\\\/\\\/clartan.com\\\/fr\\\/#\\\/schema\\\/logo\\\/image\\\/\"},\"sameAs\":[\"https:\\\/\\\/www.linkedin.com\\\/company\\\/clartan-associes\\\/\",\"https:\\\/\\\/www.youtube.com\\\/@clartanassocies3040\"],\"description\":\"Maison de gestion ind\u00e9pendante depuis 1986,\\u2028Clartan Associ\u00e9s met en \u0153uvre une gestion solide et \u00e9prouv\u00e9e, fond\u00e9e sur la coll\u00e9gialit\u00e9.\",\"email\":\"contact@clartan.com\",\"telephone\":\"+33 1 53 77 60 80\",\"legalName\":\"Clartan Associ\u00e9s\",\"foundingDate\":\"1986-12-01\",\"vatID\":\"FR18339485161\",\"taxID\":\"33948516100097\",\"leiCode\":\"969500AFMNSMC5R97K50\"}]}<\/script>\n<!-- \/ Yoast SEO Premium plugin. -->","yoast_head_json":{"title":"Cas Pratiques - Clartan Associ\u00e9s","description":"Des solutions adapt\u00e9es \u00e0 chaque situation. Gestion en fonds Clartan, en titres vifs, multigestion, mandats \u00e0 orientation sp\u00e9cifique.","robots":{"index":"index","follow":"follow","max-snippet":"max-snippet:-1","max-image-preview":"max-image-preview:large","max-video-preview":"max-video-preview:-1"},"canonical":"https:\/\/clartan.com\/fr\/gestion-privee\/cas-pratiques\/","og_locale":"fr_FR","og_type":"article","og_title":"Cas Pratiques - Clartan Associ\u00e9s","og_description":"Des solutions adapt\u00e9es \u00e0 chaque situation. Gestion en fonds Clartan, en titres vifs, multigestion, mandats \u00e0 orientation sp\u00e9cifique","og_url":"https:\/\/clartan.com\/fr\/gestion-privee\/cas-pratiques\/","og_site_name":"Clartan Associ\u00e9s FR","article_modified_time":"2026-01-28T11:02:33+00:00","og_image":[{"width":1036,"height":774,"url":"https:\/\/clartan.com\/fr\/wp-content\/uploads\/2026\/01\/2514-1920px-1036x774.jpg","type":"image\/jpeg"}],"twitter_card":"summary_large_image","schema":{"@context":"https:\/\/schema.org","@graph":[{"@type":"WebPage","@id":"https:\/\/clartan.com\/fr\/gestion-privee\/cas-pratiques\/","url":"https:\/\/clartan.com\/fr\/gestion-privee\/cas-pratiques\/","name":"Cas Pratiques - Clartan Associ\u00e9s","isPartOf":{"@id":"https:\/\/clartan.com\/fr\/#website"},"primaryImageOfPage":{"@id":"https:\/\/clartan.com\/fr\/gestion-privee\/cas-pratiques\/#primaryimage"},"image":{"@id":"https:\/\/clartan.com\/fr\/gestion-privee\/cas-pratiques\/#primaryimage"},"thumbnailUrl":"https:\/\/clartan.com\/fr\/wp-content\/uploads\/2026\/01\/2514-1920px.jpg","datePublished":"2025-12-05T15:59:41+00:00","dateModified":"2026-01-28T11:02:33+00:00","description":"Des solutions adapt\u00e9es \u00e0 chaque situation. Gestion en fonds Clartan, en titres vifs, multigestion, mandats \u00e0 orientation sp\u00e9cifique.","breadcrumb":{"@id":"https:\/\/clartan.com\/fr\/gestion-privee\/cas-pratiques\/#breadcrumb"},"inLanguage":"fr-FR","potentialAction":[{"@type":"ReadAction","target":["https:\/\/clartan.com\/fr\/gestion-privee\/cas-pratiques\/"]}]},{"@type":"ImageObject","inLanguage":"fr-FR","@id":"https:\/\/clartan.com\/fr\/gestion-privee\/cas-pratiques\/#primaryimage","url":"https:\/\/clartan.com\/fr\/wp-content\/uploads\/2026\/01\/2514-1920px.jpg","contentUrl":"https:\/\/clartan.com\/fr\/wp-content\/uploads\/2026\/01\/2514-1920px.jpg","width":1920,"height":1434,"caption":"Equipe de gestion Clartan Associ\u00e9s"},{"@type":"BreadcrumbList","@id":"https:\/\/clartan.com\/fr\/gestion-privee\/cas-pratiques\/#breadcrumb","itemListElement":[{"@type":"ListItem","position":1,"name":"Accueil","item":"https:\/\/clartan.com\/fr\/"},{"@type":"ListItem","position":2,"name":"Gestion priv\u00e9e","item":"https:\/\/clartan.com\/fr\/gestion-privee\/"},{"@type":"ListItem","position":3,"name":"Cas Pratiques"}]},{"@type":"WebSite","@id":"https:\/\/clartan.com\/fr\/#website","url":"https:\/\/clartan.com\/fr\/","name":"Clartan Associ\u00e9s FR","description":"Maison de Gestion ind\u00e9pendante","publisher":{"@id":"https:\/\/clartan.com\/fr\/#organization"},"alternateName":"Clartan","potentialAction":[{"@type":"SearchAction","target":{"@type":"EntryPoint","urlTemplate":"https:\/\/clartan.com\/fr\/?s={search_term_string}"},"query-input":{"@type":"PropertyValueSpecification","valueRequired":true,"valueName":"search_term_string"}}],"inLanguage":"fr-FR"},{"@type":"Organization","@id":"https:\/\/clartan.com\/fr\/#organization","name":"Clartan Associ\u00e9s","alternateName":"Clartan","url":"https:\/\/clartan.com\/fr\/","logo":{"@type":"ImageObject","inLanguage":"fr-FR","@id":"https:\/\/clartan.com\/fr\/#\/schema\/logo\/image\/","url":"https:\/\/clartan.com\/fr\/wp-content\/uploads\/2025\/12\/Favicon-2.png","contentUrl":"https:\/\/clartan.com\/fr\/wp-content\/uploads\/2025\/12\/Favicon-2.png","width":1024,"height":1024,"caption":"Clartan Associ\u00e9s"},"image":{"@id":"https:\/\/clartan.com\/fr\/#\/schema\/logo\/image\/"},"sameAs":["https:\/\/www.linkedin.com\/company\/clartan-associes\/","https:\/\/www.youtube.com\/@clartanassocies3040"],"description":"Maison de gestion ind\u00e9pendante depuis 1986,\u2028Clartan Associ\u00e9s met en \u0153uvre une gestion solide et \u00e9prouv\u00e9e, fond\u00e9e sur la coll\u00e9gialit\u00e9.","email":"contact@clartan.com","telephone":"+33 1 53 77 60 80","legalName":"Clartan Associ\u00e9s","foundingDate":"1986-12-01","vatID":"FR18339485161","taxID":"33948516100097","leiCode":"969500AFMNSMC5R97K50"}]}},"_links":{"self":[{"href":"https:\/\/clartan.com\/fr\/wp-json\/wp\/v2\/pages\/10913","targetHints":{"allow":["GET"]}}],"collection":[{"href":"https:\/\/clartan.com\/fr\/wp-json\/wp\/v2\/pages"}],"about":[{"href":"https:\/\/clartan.com\/fr\/wp-json\/wp\/v2\/types\/page"}],"author":[{"embeddable":true,"href":"https:\/\/clartan.com\/fr\/wp-json\/wp\/v2\/users\/2"}],"replies":[{"embeddable":true,"href":"https:\/\/clartan.com\/fr\/wp-json\/wp\/v2\/comments?post=10913"}],"version-history":[{"count":6,"href":"https:\/\/clartan.com\/fr\/wp-json\/wp\/v2\/pages\/10913\/revisions"}],"predecessor-version":[{"id":11525,"href":"https:\/\/clartan.com\/fr\/wp-json\/wp\/v2\/pages\/10913\/revisions\/11525"}],"up":[{"embeddable":true,"href":"https:\/\/clartan.com\/fr\/wp-json\/wp\/v2\/pages\/10122"}],"wp:featuredmedia":[{"embeddable":true,"href":"https:\/\/clartan.com\/fr\/wp-json\/wp\/v2\/media\/11450"}],"wp:attachment":[{"href":"https:\/\/clartan.com\/fr\/wp-json\/wp\/v2\/media?parent=10913"}],"curies":[{"name":"wp","href":"https:\/\/api.w.org\/{rel}","templated":true}]}}